{"id":8212,"date":"2018-08-10T19:53:05","date_gmt":"2018-08-10T17:53:05","guid":{"rendered":"https:\/\/webstore4.com\/\/?product=x-security-xs-v2101e-ip-v2-ip-video-vandaalbestendige-deurbel-met-app-poe-sip-ir-nachtzicht-en-draaibare-kijkrichting"},"modified":"2024-06-25T09:44:45","modified_gmt":"2024-06-25T08:44:45","slug":"x-security-xs-v2101e-ip-v3-ip-video-deurbel","status":"publish","type":"product","link":"https:\/\/staging.webstore4.com\/de\/product\/x-security-xs-v2101e-ip-v3-ip-video-deurbel\/","title":{"rendered":"X-Security XS-V2101E-IP-V3 IP video vandaalbestendige deurbel met app, PoE, SIP, IR nachtzicht en draaibare kijkrichting"},"content":{"rendered":"<div class=\"video-frame-box\" style=\"width: 100%; max-width: 480px; max-height: 270px; float: right; padding: 0px 10px 10px 10px;\">\n<div class=\"video-frame\"><iframe src=\"\/\/www.youtube.com\/embed\/qgjgGNYqhic?rel=0&amp;modestbranding=1&amp;showinfo=0&amp;autohide=1\" width=\"480\" height=\"270\" frameborder=\"0\" data-mce-fragment=\"1\"><\/iframe><\/div>\n<\/div>\n<p>De X-Security XS-V2101E-IP-V3 is een IP video vandaalbestendige deurbel met app, PoE, SIP, IR nachtzicht en draaibare kijkrichting. X-Security en Dahua producten kunnen samen in een intercom systeem worden gebruikt. De X-Security XS-V2101E-IP-V3 kan worden gebruikt als buiten station in een Dahua of X-security intercom systeem met een of meerdere binnen monitoren of stand alone. De vandaalbestendige deurbel beschikt onder meer over IR nachtzicht, SIP protocol, een draaibare kijkrichting van de lens en de mogelijkheid om te voeden via de netwerkkabel met PoE.<\/p>\n<p><strong>M\u00f6glichkeiten<\/strong><\/p>\n<p>Die Au\u00dfenstation verf\u00fcgt \u00fcber eine 720p HD-Kamera mit einem sehr weiten Betrachtungswinkel von 100 Grad horizontal. Die Blickrichtung kann um 45 Grad nach links oder rechts gedreht werden. Die T\u00fcrklingel ist mit einem ICR-Infrarotfilter f\u00fcr klare Bilder ausgestattet. Selbstverst\u00e4ndlich verf\u00fcgt der VTO2101E-P \u00fcber ein empfindliches omnidirektionales Mikrofon und einen Lautsprecher f\u00fcr klaren Klang. Zus\u00e4tzlich zur Verwendung mit der mobilen App kann der VTO2101E-P mit einem oder mehreren Dahua Intercom-Innenmonitoren verwendet werden. Sobald die Ruftaste gedr\u00fcckt wird, sendet die Au\u00dfenstation eine direkte Push-Benachrichtigung auf das Smartphone und l\u00e4sst jeden Innenmonitor klingeln. Live-Bilder k\u00f6nnen jederzeit mit der App oder im Monitor betrachtet werden.<\/p>\n<p>Het buiten station kan worden geconfigureerd en beheerd in de ingebouwde web interface via een browser op een Windows PC. De VTO werkt samen met de gratis smartPSS Dahua Video Management Software (VMS) voor Windows. Het is mogelijk om beelden op te nemen via de RTSP videostream op bijvoorbeeld een NAS (bijvoorbeeld Synology via Surveillance Station) of Netwerk Video Recorder (NVR).<\/p>\n<p>Het buiten station beschikt over een ingebouwd relais dat bedraad kan worden verbonden met een elektrische deurvergrendeling om op afstand een deur te ontgrendelen. Er kan een, afzonderlijk te verkrijgen, extern RS485 relais (Dahua DEE1010B) worden aangesloten om een tweede deur of bijvoorbeeld een hek te ontgrendelen. Het DEE1010B relais kan ook als enig relais worden gebruikt en in het gebouw worden geplaatst voor extra veiligheid. De geschikte relais is opgenomen onder &#8216;Opties&#8217;. Ook heeft de X-Security XS-V2101E-IP-V3 een alarm input en een sabotage schakelaar.<\/p>\n<p><strong>Montage<\/strong><\/p>\n<p>De Dahua X-Security XS-V2101E-IP-V3 heeft een robuste metalen behuizing met een IK10 classificering tegen mechanische invloeden van buitenaf (vandaalbestendigheid \/ EN 62262 norm). De deurbel is een opbouwmodel. De Dahua VTO kan worden gevoed met een niet meegeleverde 12VDC adapter of met Power over Ethernet (PoE 802.3af). Een geschikte 12VDC adapter kan worden mee besteld onder het tabblad &#8216;Opties&#8217;. Voor installatiegemak raden wij aan een DC connector (vrouwelijk) mee te bestellen. Onder het tabblad &#8216;Opties&#8217; staan enkele geschikte PoE injectors en switches.<\/p>\n<p>Onder het tabblad &#8216;Documentatie&#8217; zijn links opgenomen naar meer informatie van de fabrikant Dahua met een vergelijkbaar product als van X-security.<\/p>\n<p><strong>Wichtigste Funktionen<\/strong><\/p>\n<ul>\n<li>2,0-Megapixel-Full-HD-Kamera mit 720p-Aufl\u00f6sung mit einem Betrachtungswinkel von 100 Grad und einer drehbaren Blickrichtung von 45 Grad nach links oder rechts<\/li>\n<li>SIP-Protokoll<\/li>\n<li>Gro\u00dfer Dynamikbereich (WDR)<\/li>\n<li>IR-LED-Beleuchtung f\u00fcr Nachtsicht (schwarz\/wei\u00df) bis zu 5 Meter<\/li>\n<li>Kein Innenmonitor erforderlich<\/li>\n<li>Wetterfest (IP65) und vandalensicher (IK10)<\/li>\n<li>Sabotagealarm<\/li>\n<li>Fern\u00f6ffnen von T\u00fcren oder Toren<\/li>\n<li>PoE-Stromversorgung und Signal \u00fcber 1 Netzwerkkabel oder Netzteil mit 12 VDC<\/li>\n<li>P2P-Verbindung, daher ist keine Portweiterleitung erforderlich<\/li>\n<\/ul>\n<p><a href=\"https:\/\/staging.webstore4.com\/Copyright\/\" target=\"_blank\" rel=\"noopener\"><span style=\"color: #ff6e03; font-size: 11px;\">\u00a9 Der Text ist urheberrechtlich gesch\u00fctzt<\/span><\/a><\/p>","protected":false},"excerpt":{"rendered":"<p>De X-Security XS-V2101E-IP-V3 is een IP video vandaalbestendige deurbel met app, PoE, SIP, IR nachtzicht en draaibare kijkrichting. X-Security en Dahua producten kunnen samen in een intercom systeem worden gebruikt. De X-Security XS-V2101E-IP-V3 kan worden gebruikt als buiten station in een Dahua of X-security intercom systeem met een of meerdere binnen monitoren of stand alone.<\/p>\n<div class=\"klb-readmore button\"><a class=\"btn link\" href=\"https:\/\/staging.webstore4.com\/de\/product\/x-security-xs-v2101e-ip-v3-ip-video-deurbel\/\">Mehr lesen <i class=\"klbth-icon-right-arrow\"><\/i><\/a><\/div>","protected":false},"featured_media":16939,"comment_status":"open","ping_status":"closed","template":"","meta":[],"pwb-brand":[3395],"product_cat":[4191,4246,4178,4181],"product_tag":[1647],"class_list":{"0":"post-8212","1":"product","2":"type-product","3":"status-publish","4":"has-post-thumbnail","6":"pwb-brand-x-security","7":"product_cat-access","8":"product_cat-deurbel","9":"product_cat-intercom","10":"product_cat-x-security-ip-video","11":"product_tag-vto2101e-p","12":"product_shipping_class-pakket","13":"pa_aansluiting-netwerk-kabel","14":"pa_audio-microfoon","15":"pa_audio-microfoon-speaker","16":"pa_audio-speaker","17":"pa_beeldhoek-graden-horizontaal-3707","18":"pa_draadloos-nee","19":"pa_kaartlezer-nee","20":"pa_materiaal-metaal","21":"pa_megapixel-2mp","22":"pa_merk-x-security","23":"pa_mobiele-app-fabrikant-ja","24":"pa_montage-opbouw","25":"pa_nachtzicht-ja","26":"pa_omgeving-binnen-en-buiten","27":"pa_opnemen-op-sd-kaart-nee","28":"pa_poe-802-3af","29":"pa_product-buitenpost","30":"pa_stand-alone-ja","31":"pa_vandaalbestendig-ik10","32":"pa_voeding-12vdc","33":"pa_voeding-poe","35":"first","36":"onbackorder","37":"taxable","38":"shipping-taxable","39":"purchasable","40":"product-type-simple"},"brands":[{"id":3395,"name":"X-Security","slug":"x-security"}],"_links":{"self":[{"href":"https:\/\/staging.webstore4.com\/de\/wp-json\/wp\/v2\/product\/8212","targetHints":{"allow":["GET"]}}],"collection":[{"href":"https:\/\/staging.webstore4.com\/de\/wp-json\/wp\/v2\/product"}],"about":[{"href":"https:\/\/staging.webstore4.com\/de\/wp-json\/wp\/v2\/types\/product"}],"replies":[{"embeddable":true,"href":"https:\/\/staging.webstore4.com\/de\/wp-json\/wp\/v2\/comments?post=8212"}],"wp:featuredmedia":[{"embeddable":true,"href":"https:\/\/staging.webstore4.com\/de\/wp-json\/wp\/v2\/media\/16939"}],"wp:attachment":[{"href":"https:\/\/staging.webstore4.com\/de\/wp-json\/wp\/v2\/media?parent=8212"}],"wp:term":[{"taxonomy":"pwb-brand","embeddable":true,"href":"https:\/\/staging.webstore4.com\/de\/wp-json\/wp\/v2\/pwb-brand?post=8212"},{"taxonomy":"product_cat","embeddable":true,"href":"https:\/\/staging.webstore4.com\/de\/wp-json\/wp\/v2\/product_cat?post=8212"},{"taxonomy":"product_tag","embeddable":true,"href":"https:\/\/staging.webstore4.com\/de\/wp-json\/wp\/v2\/product_tag?post=8212"}],"curies":[{"name":"wp","href":"https:\/\/api.w.org\/{rel}","templated":true}]}}