{"id":8290,"date":"2018-10-20T00:47:27","date_gmt":"2018-10-19T22:47:27","guid":{"rendered":"https:\/\/webstore4.com\/\/?product=safire-ups1000va-4-ups-uninterruptible-power-supply-backup-accu-230vac-1000va-600watt"},"modified":"2025-03-12T14:29:03","modified_gmt":"2025-03-12T13:29:03","slug":"safire-ups1000va-4-backup-accu","status":"publish","type":"product","link":"https:\/\/staging.webstore4.com\/de\/product\/safire-ups1000va-4-backup-accu\/","title":{"rendered":"Safire UPS1000VA-4 USV-Backupbatterie f\u00fcr unterbrechungsfreie Stromversorgung, 230 VAC, 1000 VA, 600 Watt"},"content":{"rendered":"<p>Die Safire UPS1000VA-4 USV ist eine intelligente und wartungsfreie Backup-Batterie, die 230 VAC, 1000 VA und 600 Watt liefert. Mit der USV (Unterbrechungsfreie Stromversorgung) funktionieren beispielsweise eine IP-Kamera, ein Netzwerk-Videorecorder (NVR), eine Zutrittskontrolle, ein Smart Home oder eine Gegensprechanlage auch bei einem Stromausfall aufgrund beispielsweise von Sabotage oder St\u00f6rung weiter an das Stromnetz anschlie\u00dfen. Neben der Backup-Funktion sch\u00fctzt die USV auch angeschlossene Ger\u00e4te vor \u00dcberspannung.<\/p>\n<p><strong>M\u00f6glichkeiten<\/strong><\/p>\n<p>Die USV Safire UPS1000VA-4 hat eine Ausgangsleistung von 230 VAC, 1000 VA und 600 Watt. Die USV Safire UPS1000VA-4 verf\u00fcgt \u00fcber vier SCHUKO-EU-Steckeranschl\u00fcsse. Die Ladezeit betr\u00e4gt zwischen 6 und 8 Stunden (@90%). Die Safire UPS1000VA-4 ist mit einem LCD-Informationsdisplay ausgestattet.<\/p>\n<p>Es besteht die M\u00f6glichkeit, die USV \u00fcber den USB-Anschluss an einen PC anzuschlie\u00dfen, um die USV einzurichten und zu verwalten. Es ist Software f\u00fcr Windows und Mac (Internet-Download) verf\u00fcgbar. Kostenlose Windows UPSilon2000-Software auf CD und ein USB-Kabel sind im Lieferumfang enthalten.<br \/>\nWenn ein Computer an die USV angeschlossen ist, besteht die M\u00f6glichkeit, dass die USV bei einem Stromausfall Dateien, Programme und das Betriebssystem des Computers vollst\u00e4ndig automatisch und kontrolliert herunterf\u00e4hrt. Ist die USV an einen aktiven PC angeschlossen, ist es beispielsweise auch m\u00f6glich, bei bestimmten Ereignissen E-Mails an eine Liste von Empf\u00e4ngern zu versenden.<\/p>\n<p>Das Benutzerhandbuch und ein Link zur Safire-Website sind unter der Registerkarte \u201eDokumentation\u201c enthalten.<\/p>\n<p><strong>Wichtige Funktionen<\/strong><\/p>\n<ul>\n<li>230Vac, 1000VA und 600Watt Ausgang<\/li>\n<li>4 x SCHUKO-Steckanschl\u00fcsse<\/li>\n<li>220 \u2013 240 VAC Eingang<\/li>\n<li>Mikroprozessorgesteuert<\/li>\n<li>Automatischer Spannungsregler AVR Boost und Buck<\/li>\n<li>Wiederherstellbare Sicherung<\/li>\n<li>USB- und RJ11-Anschluss<\/li>\n<li>Gratis Software<\/li>\n<li>Schutz angeschlossener Ger\u00e4te vor \u00dcberspannung<\/li>\n<\/ul>\n<p><a href=\"https:\/\/www.webstore4ipcameras.nl\/Copyright\" target=\"_blank\" rel=\"noopener\"><span style=\"color: #ff6e03; font-size: 11px;\">\u00a9 Der Text ist urheberrechtlich gesch\u00fctzt<\/span><\/a><\/p>","protected":false},"excerpt":{"rendered":"<p>De Safire UPS1000VA-4\u00a0UPS is een slimme en onderhoudsvrije backup accu die 230Vac, 1000VA en 600Watt levert. Met de UPS (uninterruptible power supply) blijft bijvoorbeeld een IP camera, Netwerk Video Recorder (NVR), toegangscontrole, smart home of intercom systeem werken ingeval de stroomvoorziening uitvalt door bijvoorbeeld sabotage of storing in de netstroom. Naast de backup functie beschermt<\/p>\n<div class=\"klb-readmore button\"><a class=\"btn link\" href=\"https:\/\/staging.webstore4.com\/de\/product\/safire-ups1000va-4-backup-accu\/\">Mehr lesen <i class=\"klbth-icon-right-arrow\"><\/i><\/a><\/div>","protected":false},"featured_media":8291,"comment_status":"open","ping_status":"closed","template":"","meta":[],"pwb-brand":[3385],"product_cat":[4730,4198],"product_tag":[],"class_list":{"0":"post-8290","1":"product","2":"type-product","3":"status-publish","4":"has-post-thumbnail","6":"pwb-brand-safire","7":"product_cat-ups-accus","8":"product_cat-series","9":"product_shipping_class-pakket","10":"pa_merk-safire","12":"first","13":"onbackorder","14":"taxable","15":"shipping-taxable","16":"purchasable","17":"product-type-simple"},"brands":[{"id":3385,"name":"Safire","slug":"safire"}],"_links":{"self":[{"href":"https:\/\/staging.webstore4.com\/de\/wp-json\/wp\/v2\/product\/8290","targetHints":{"allow":["GET"]}}],"collection":[{"href":"https:\/\/staging.webstore4.com\/de\/wp-json\/wp\/v2\/product"}],"about":[{"href":"https:\/\/staging.webstore4.com\/de\/wp-json\/wp\/v2\/types\/product"}],"replies":[{"embeddable":true,"href":"https:\/\/staging.webstore4.com\/de\/wp-json\/wp\/v2\/comments?post=8290"}],"wp:featuredmedia":[{"embeddable":true,"href":"https:\/\/staging.webstore4.com\/de\/wp-json\/wp\/v2\/media\/8291"}],"wp:attachment":[{"href":"https:\/\/staging.webstore4.com\/de\/wp-json\/wp\/v2\/media?parent=8290"}],"wp:term":[{"taxonomy":"pwb-brand","embeddable":true,"href":"https:\/\/staging.webstore4.com\/de\/wp-json\/wp\/v2\/pwb-brand?post=8290"},{"taxonomy":"product_cat","embeddable":true,"href":"https:\/\/staging.webstore4.com\/de\/wp-json\/wp\/v2\/product_cat?post=8290"},{"taxonomy":"product_tag","embeddable":true,"href":"https:\/\/staging.webstore4.com\/de\/wp-json\/wp\/v2\/product_tag?post=8290"}],"curies":[{"name":"wp","href":"https:\/\/api.w.org\/{rel}","templated":true}]}}