{"id":8296,"date":"2018-10-22T23:20:23","date_gmt":"2018-10-22T21:20:23","guid":{"rendered":"https:\/\/webstore4.com\/\/?product=safire-sf-vi402-ip-ip-video-intercom-videoaudio-distributor-switch"},"modified":"2024-06-21T10:42:28","modified_gmt":"2024-06-21T09:42:28","slug":"safire-sf-vi402-ip-ip-video-intercom-videoaudio-distributor-switch","status":"publish","type":"product","link":"https:\/\/staging.webstore4.com\/de\/product\/safire-sf-vi402-ip-ip-video-intercom-videoaudio-distributor-switch\/","title":{"rendered":"Safire SF-VI402-IP IP-Video-Gegensprechanlage, Video-\/Audio-Verteilerschalter"},"content":{"rendered":"<p>Der Safire SF-VI402-IP ist ein IP-Video-Intercom-Video-\/Audio-Switch zum Anschluss und zur Stromversorgung von bis zu 6 Intercom-Au\u00dfenstationen und\/oder Innenmonitoren. Der Switch verf\u00fcgt \u00fcber 2 RJ45-Ports f\u00fcr den Anschluss an das LAN und die Kaskadenschaltung von bis zu 8 Safire SF-VI402-IP f\u00fcr gr\u00f6\u00dfere Intercom-Systeme.<\/p>\n<p>De Safire SF-VI402-IP kan op een DIN-rail worden gemonteerd en moet worden gevoed door een niet meegeleverde 24VDC\/2.5A voeding. De geschikte voeding is mee te bestellen onder &#8216;Opties&#8217;.<\/p>\n<p><strong>Wichtigste Funktionen<\/strong><\/p>\n<ul>\n<li>IP video intercom video\/audio distributor switch<\/li>\n<li>Safire &#8211; eerste generatie<\/li>\n<li>8-poorts, geschikt voor 6 IP-video intercoms<\/li>\n<li>Opbouw\/DIN Rail opbouw<\/li>\n<li>Voeding 24VDC (niet meegeleverd)<\/li>\n<\/ul>\n<p><a href=\"https:\/\/staging.webstore4.com\/Copyright\/\" target=\"_blank\" rel=\"noopener\"><span style=\"color: #ff6e03; font-size: 11px;\">\u00a9 Der Text ist urheberrechtlich gesch\u00fctzt<\/span><\/a><\/p>","protected":false},"excerpt":{"rendered":"<p>Der Safire SF-VI402-IP ist ein IP-Video-Intercom-Video-\/Audio-Switch zum Anschluss und zur Stromversorgung von bis zu 6 Intercom-Au\u00dfenstationen und\/oder Innenmonitoren. Der Switch verf\u00fcgt \u00fcber 2 RJ45-Ports f\u00fcr den Anschluss an das LAN und die Kaskadenschaltung von bis zu 8 Safire SF-VI402-IP f\u00fcr gr\u00f6\u00dfere Intercom-Systeme.<\/p>\n<div class=\"klb-readmore button\"><a class=\"btn link\" href=\"https:\/\/staging.webstore4.com\/de\/product\/safire-sf-vi402-ip-ip-video-intercom-videoaudio-distributor-switch\/\">Mehr lesen <i class=\"klbth-icon-right-arrow\"><\/i><\/a><\/div>","protected":false},"featured_media":16903,"comment_status":"open","ping_status":"closed","template":"","meta":[],"pwb-brand":[3385],"product_cat":[4178,4226],"product_tag":[],"class_list":{"0":"post-8296","1":"product","2":"type-product","3":"status-publish","4":"has-post-thumbnail","6":"pwb-brand-safire","7":"product_cat-intercom","8":"product_cat-safire-ip-video","9":"product_shipping_class-pakket","10":"pa_aanbieding-opop","11":"pa_merk-safire","12":"pa_product-accessoires","13":"pa_voeding-24vdc","15":"first","16":"instock","17":"sale","18":"taxable","19":"shipping-taxable","20":"purchasable","21":"product-type-simple"},"brands":[{"id":3385,"name":"Safire","slug":"safire"}],"_links":{"self":[{"href":"https:\/\/staging.webstore4.com\/de\/wp-json\/wp\/v2\/product\/8296","targetHints":{"allow":["GET"]}}],"collection":[{"href":"https:\/\/staging.webstore4.com\/de\/wp-json\/wp\/v2\/product"}],"about":[{"href":"https:\/\/staging.webstore4.com\/de\/wp-json\/wp\/v2\/types\/product"}],"replies":[{"embeddable":true,"href":"https:\/\/staging.webstore4.com\/de\/wp-json\/wp\/v2\/comments?post=8296"}],"wp:featuredmedia":[{"embeddable":true,"href":"https:\/\/staging.webstore4.com\/de\/wp-json\/wp\/v2\/media\/16903"}],"wp:attachment":[{"href":"https:\/\/staging.webstore4.com\/de\/wp-json\/wp\/v2\/media?parent=8296"}],"wp:term":[{"taxonomy":"pwb-brand","embeddable":true,"href":"https:\/\/staging.webstore4.com\/de\/wp-json\/wp\/v2\/pwb-brand?post=8296"},{"taxonomy":"product_cat","embeddable":true,"href":"https:\/\/staging.webstore4.com\/de\/wp-json\/wp\/v2\/product_cat?post=8296"},{"taxonomy":"product_tag","embeddable":true,"href":"https:\/\/staging.webstore4.com\/de\/wp-json\/wp\/v2\/product_tag?post=8296"}],"curies":[{"name":"wp","href":"https:\/\/api.w.org\/{rel}","templated":true}]}}