{"id":8346,"date":"2018-11-15T01:28:46","date_gmt":"2018-11-14T23:28:46","guid":{"rendered":"https:\/\/webstore4.com\/\/?product=hikvision-ds-1280zj-s-montagebox-van-aluminium"},"modified":"2024-04-19T15:06:19","modified_gmt":"2024-04-19T14:06:19","slug":"hikvision-ds-1280zj-s-montagebox-van-aluminium","status":"publish","type":"product","link":"https:\/\/staging.webstore4.com\/de\/product\/hikvision-ds-1280zj-s-montagebox-van-aluminium\/","title":{"rendered":"Hikvision DS-1280ZJ-S Montagebox aus Aluminium"},"content":{"rendered":"<p>Die Hikvision DS-1280ZJ-S Montagebox aus Aluminium. Die Montagebox ist f\u00fcr die Wandmontage im Innen- und Au\u00dfenbereich geeignet. Der wei\u00dffarbene DS-1280ZJ-S kann f\u00fcr verschiedene Kameras der Serien Hikvision und Safire verwendet werden. Ob die Montagebox an der jeweiligen Kamera verwendet werden kann, l\u00e4sst sich h\u00e4ufig dem Datenblatt entnehmen, das der \u00dcberwachungskamera beiliegt.<br \/>\nEinige Kameras, die mit der Montagebox Hikvision DS-1280ZJ-S verwendet werden k\u00f6nnen, sind unter \u201eOptionen\u201c aufgef\u00fchrt.<\/p>\n<p>Das Datenblatt und der Link zur Produktseite des Lieferanten sind unter der Registerkarte \u201eDokumentation\u201c enthalten.<\/p>\n<p><strong>Wichtigste Funktionen<\/strong><\/p>\n<ul>\n<li>Gilt f\u00fcr einige Hikvision- und Safire-Kameras<\/li>\n<li>Aluminium<\/li>\n<li>Wei\u00df<\/li>\n<\/ul>\n<p><a href=\"https:\/\/www.webstore4ipcameras.nl\/Copyright\" target=\"_blank\" rel=\"noopener\"><span style=\"color: #ff6e03; font-size: 11px;\">\u00a9 Der Text ist urheberrechtlich gesch\u00fctzt<\/span><\/a><\/p>\n<p>&nbsp;<\/p>","protected":false},"excerpt":{"rendered":"<p>De Hikvision DS-1280ZJ-S montagebox van aluminium. De montagebox is geschikt voor muur montage in de binnen omgeving of buiten omgeving. De witkleurige DS-1280ZJ-S kan gebruikt worden voor verschillende camera&#8217;s uit de serie van Hikvision en Safire. Of de montagebox toegepast kan worden op de betreffende camera is veelal terug te vinden in de datasheet bij<\/p>\n<div class=\"klb-readmore button\"><a class=\"btn link\" href=\"https:\/\/staging.webstore4.com\/de\/product\/hikvision-ds-1280zj-s-montagebox-van-aluminium\/\">Mehr lesen <i class=\"klbth-icon-right-arrow\"><\/i><\/a><\/div>","protected":false},"featured_media":8347,"comment_status":"open","ping_status":"closed","template":"","meta":[],"pwb-brand":[3367],"product_cat":[4620],"product_tag":[],"class_list":{"0":"post-8346","1":"product","2":"type-product","3":"status-publish","4":"has-post-thumbnail","6":"pwb-brand-hikvision","7":"product_cat-camera-toebehoren","8":"product_shipping_class-pakket","9":"pa_kleur-wit","10":"pa_materiaal-aluminium","11":"pa_merk-hikvision","12":"pa_omgeving-binnen-en-buiten","13":"pa_product-montagebox","15":"first","16":"instock","17":"taxable","18":"shipping-taxable","19":"purchasable","20":"product-type-simple"},"brands":[{"id":3367,"name":"Hikvision","slug":"hikvision"}],"_links":{"self":[{"href":"https:\/\/staging.webstore4.com\/de\/wp-json\/wp\/v2\/product\/8346","targetHints":{"allow":["GET"]}}],"collection":[{"href":"https:\/\/staging.webstore4.com\/de\/wp-json\/wp\/v2\/product"}],"about":[{"href":"https:\/\/staging.webstore4.com\/de\/wp-json\/wp\/v2\/types\/product"}],"replies":[{"embeddable":true,"href":"https:\/\/staging.webstore4.com\/de\/wp-json\/wp\/v2\/comments?post=8346"}],"wp:featuredmedia":[{"embeddable":true,"href":"https:\/\/staging.webstore4.com\/de\/wp-json\/wp\/v2\/media\/8347"}],"wp:attachment":[{"href":"https:\/\/staging.webstore4.com\/de\/wp-json\/wp\/v2\/media?parent=8346"}],"wp:term":[{"taxonomy":"pwb-brand","embeddable":true,"href":"https:\/\/staging.webstore4.com\/de\/wp-json\/wp\/v2\/pwb-brand?post=8346"},{"taxonomy":"product_cat","embeddable":true,"href":"https:\/\/staging.webstore4.com\/de\/wp-json\/wp\/v2\/product_cat?post=8346"},{"taxonomy":"product_tag","embeddable":true,"href":"https:\/\/staging.webstore4.com\/de\/wp-json\/wp\/v2\/product_tag?post=8346"}],"curies":[{"name":"wp","href":"https:\/\/api.w.org\/{rel}","templated":true}]}}