{"id":8360,"date":"2018-12-05T11:40:04","date_gmt":"2018-12-05T09:40:04","guid":{"rendered":"https:\/\/webstore4.com\/\/?product=dahua-nvr5216-16p-4ks2e-16-kanaals-poe-4k-ultra-hd-netwerk-video-recorder"},"modified":"2024-04-19T15:06:20","modified_gmt":"2024-04-19T14:06:20","slug":"dahua-nvr5216-16p-ei-16-kanaals-poe-4k-ultra-hd-netwerk-video-recorder","status":"publish","type":"product","link":"https:\/\/staging.webstore4.com\/de\/product\/dahua-nvr5216-16p-ei-16-kanaals-poe-4k-ultra-hd-netwerk-video-recorder\/","title":{"rendered":"Dahua NVR5216-16P-EI 16-Kanal-PoE-4K-Ultra-HD-Netzwerk-Videorecorder"},"content":{"rendered":"<p>Der Dahua NVR5216-16P-EI ist ein 4K-Ultra-HD-PoE-Netzwerkvideorecorder (NVR), an den 16 IP-Kameras zur Aufzeichnung und Verwaltung von Kamerabildern angeschlossen werden k\u00f6nnen. Aufgrund seiner gro\u00dfen Funktionalit\u00e4t, einfachen Installation und hohen Benutzerfreundlichkeit eignet sich der NVR ideal f\u00fcr den Einsatz in Privathaushalten, Gesch\u00e4ften und Unternehmen.<\/p>\n<p><strong>M\u00f6glichkeiten<\/strong><\/p>\n<p>Maximal 16 IP-Kameras k\u00f6nnen kabelgebunden oder \u00fcber das Netzwerk an den NVR angeschlossen werden. Der Dahua NVR5216-16P-4KS2E verf\u00fcgt \u00fcber 16 PoE-Ports (davon 8 ePoE), sodass die angeschlossenen Kameras auch \u00fcber 1 Netzwerkkabel mit Strom versorgt werden. Dies macht die Installation sehr einfach. Der NVR kann eigenst\u00e4ndig arbeiten, kann aber auch mit dem Netzwerk verbunden werden. Auf den NVR kann dann \u00fcber einen Webbrowser, die Dahua-Videoverwaltungssoftware und mit der kostenlosen Dahua-App f\u00fcr Smartphone und Tablet zugegriffen werden.<\/p>\n<p>Der NVR verf\u00fcgt \u00fcber einen HDMI- und VGA-Ausgang mit einer maximalen Aufl\u00f6sung von 3840 x 2160 (4K Ultra HD) zum Anschluss an einen normalen Fernseher, unter anderem zur Bildanzeige. Au\u00dferdem gibt es einen USB-Anschluss, um beispielsweise eine Maus anzuschlie\u00dfen.<\/p>\n<p><strong>Festplatten<\/strong><\/p>\n<p>Der Dahua NVR5216-16P-4KS2E unterst\u00fctzt zwei 3,5-Zoll-Festplatten mit jeweils bis zu 10 Terabyte. Der Dahua NVR5216-16P-4KS2E wird standardm\u00e4\u00dfig ohne Festplatte geliefert. Unter dem Reiter \u201eOptionen\u201c k\u00f6nnen eine oder zwei Festplatten ausgew\u00e4hlt werden. Wir liefern Western Digital Purple-Festplatten, die speziell f\u00fcr \u00dcberwachungszwecke rund um die Uhr entwickelt wurden.<\/p>\n<p>F\u00fcr weitere Spezifikationen empfehlen wir Ihnen, das Datenblatt zu konsultieren, das unter der Registerkarte \u201eDokumentation\u201c enthalten ist.<\/p>\n<p><strong>Wichtigste Funktionen<\/strong><\/p>\n<ul>\n<li>Geeignet f\u00fcr 16 IP-Kameras<\/li>\n<li>Geeignet f\u00fcr 3840\u00d72160 4K Ultra HD-Aufl\u00f6sung<\/li>\n<li>320 Mbit\/s eingehende Bandbreite<\/li>\n<li>H.265+ High Efficiency Video Codec (HEVC)<\/li>\n<li>Funktioniert mit IP-Kameras anderer Marken<\/li>\n<li>Audio- und Alarmeingang\/-ausgang<\/li>\n<li>ANR-Technologie (Automatic Network Replenishment).<\/li>\n<li>Unterst\u00fctzt automatische Nummernschilderkennung (ANPR), Point of Sale (POS) und Fisheye-Entzerrung<\/li>\n<li>HDMI\/VGA-Ausgang<\/li>\n<li>Unterst\u00fctzt 800 m ePoE- und EoC-Technologie<\/li>\n<li>16 PoE 802.3af\/at RJ45-Ports (davon 8x ePoE)<\/li>\n<\/ul>\n<p><a href=\"https:\/\/www.webstore4ipcameras.nl\/Copyright\" target=\"_blank\" rel=\"noopener\"><span style=\"color: #ff6e03; font-size: 11px;\">\u00a9 Der Text ist urheberrechtlich gesch\u00fctzt<\/span><\/a><\/p>","protected":false},"excerpt":{"rendered":"<p>De Dahua NVR5216-16P-EI is een 4K ultra HD PoE Netwerk Video Recorder (NVR) waar 16 IP camera&#8217;s mee kunnen worden verbonden voor het opnemen en beheren van camerabeelden. Door de grote functionaliteit, het installatiegemak en hoge bruikbaarheid is de NVR ideaal voor gebruik in zowel woningen, winkels als bedrijven. Mogelijkheden Op de NVR kunnen maximaal<\/p>\n<div class=\"klb-readmore button\"><a class=\"btn link\" href=\"https:\/\/staging.webstore4.com\/de\/product\/dahua-nvr5216-16p-ei-16-kanaals-poe-4k-ultra-hd-netwerk-video-recorder\/\">Mehr lesen <i class=\"klbth-icon-right-arrow\"><\/i><\/a><\/div>","protected":false},"featured_media":12563,"comment_status":"open","ping_status":"closed","template":"","meta":[],"pwb-brand":[3376],"product_cat":[3441,4210],"product_tag":[649],"class_list":{"0":"post-8360","1":"product","2":"type-product","3":"status-publish","4":"has-post-thumbnail","6":"pwb-brand-dahua","7":"product_cat-benodigdheden","8":"product_cat-recorders-opslagmedia-benodigdheden","9":"product_tag-nvr5216-16p-4ks2e","10":"product_shipping_class-pakket","11":"pa_aantal-poe-poorten-4013","12":"pa_harddisk-type-2-x-3-5-inch-max-10tb","13":"pa_maximaal-ip-camera-kanalen-3652","14":"pa_maximum-aantal-harddisks-3647","15":"pa_merk-dahua","16":"pa_omgeving-binnen","17":"pa_poe-802-3af-at","18":"pa_product-nvr","19":"pa_product-status-a","20":"pa_rj45-lan-aansluiting-1x-101001000","21":"pa_voeding-230vac","23":"first","24":"onbackorder","25":"taxable","26":"shipping-taxable","27":"purchasable","28":"product-type-simple"},"brands":[{"id":3376,"name":"Dahua","slug":"dahua"}],"_links":{"self":[{"href":"https:\/\/staging.webstore4.com\/de\/wp-json\/wp\/v2\/product\/8360","targetHints":{"allow":["GET"]}}],"collection":[{"href":"https:\/\/staging.webstore4.com\/de\/wp-json\/wp\/v2\/product"}],"about":[{"href":"https:\/\/staging.webstore4.com\/de\/wp-json\/wp\/v2\/types\/product"}],"replies":[{"embeddable":true,"href":"https:\/\/staging.webstore4.com\/de\/wp-json\/wp\/v2\/comments?post=8360"}],"wp:featuredmedia":[{"embeddable":true,"href":"https:\/\/staging.webstore4.com\/de\/wp-json\/wp\/v2\/media\/12563"}],"wp:attachment":[{"href":"https:\/\/staging.webstore4.com\/de\/wp-json\/wp\/v2\/media?parent=8360"}],"wp:term":[{"taxonomy":"pwb-brand","embeddable":true,"href":"https:\/\/staging.webstore4.com\/de\/wp-json\/wp\/v2\/pwb-brand?post=8360"},{"taxonomy":"product_cat","embeddable":true,"href":"https:\/\/staging.webstore4.com\/de\/wp-json\/wp\/v2\/product_cat?post=8360"},{"taxonomy":"product_tag","embeddable":true,"href":"https:\/\/staging.webstore4.com\/de\/wp-json\/wp\/v2\/product_tag?post=8360"}],"curies":[{"name":"wp","href":"https:\/\/api.w.org\/{rel}","templated":true}]}}