{"id":8421,"date":"2019-01-26T13:26:18","date_gmt":"2019-01-26T11:26:18","guid":{"rendered":"https:\/\/webstore4.com\/\/?product=dahua-lfh22-lai200-21-5-public-view-monitor-voor-binnen-met-2mp-camera-digital-signage-microsd-en-luidsprekers"},"modified":"2024-04-19T15:06:41","modified_gmt":"2024-04-19T14:06:41","slug":"dahua-lfh22-lai200-21-5-public-view-monitor-voor-binnen-met-2mp-camera-digital-signage-microsd-en-luidsprekers","status":"publish","type":"product","link":"https:\/\/staging.webstore4.com\/de\/product\/dahua-lfh22-lai200-21-5-public-view-monitor-voor-binnen-met-2mp-camera-digital-signage-microsd-en-luidsprekers\/","title":{"rendered":"Dahua LFH22-LAI200 21,5-Zoll-Public-View-Monitor f\u00fcr den Innenbereich mit 2-MP-Kamera, Digital Signage, microSD und Lautsprechern"},"content":{"rendered":"<p>Der Dahua LFH22-LAI200 ist ein 21,5-Zoll-Public-View-Monitor f\u00fcr Werbung und als Konfrontationsbildschirm mit integrierter 2-Megapixel-Full-HD-Kamera, Digital Signage, microSD-Aufnahme und Frontlautsprechern. Der Monitor verf\u00fcgt \u00fcber einen hochwertigen LCD-Bildschirm mit Metallgeh\u00e4use.<\/p>\n<p><strong>M\u00f6glichkeiten<\/strong><\/p>\n<p>Der Dahua LFH22-LAI200 PVM-Monitor eignet sich als Konfrontationsbildschirm, damit die \u00d6ffentlichkeit wei\u00df, dass Videoaufnahmen gemacht werden. In der Vorderseite des Monitors ist eine 2-Megapixel-Full-HD-Kamera mit einem 3,6-mm-Objektiv und einer Aufl\u00f6sung von 1920\u00d71080 eingebaut. Der Monitor verf\u00fcgt au\u00dferdem \u00fcber eine Digital Signage-Funktion, um Werbung auf unterschiedliche Weise anzuzeigen. An der Vorderseite des Monitors sind Lautsprecher eingebaut.<\/p>\n<p>Der Monitor bietet die M\u00f6glichkeit, auf einer (nicht im Lieferumfang enthaltenen) microSD-Karte mit bis zu 128 GB aufzuzeichnen.<\/p>\n<p><strong>Montage<\/strong><\/p>\n<p>Der Innenmonitor ist ein Aufputzmodell und wird drahtlos mit WLAN verbunden oder mit einem Netzwerkkabel an einen Switch oder Router angeschlossen. Der Monitor muss mit einem 12-V-Gleichstrom-Adapter (nicht im Lieferumfang enthalten) betrieben werden. Der Monitor kann mit einer VESA-geeigneten Montagehalterung 100x100 (nicht im Lieferumfang enthalten) horizontal oder vertikal montiert werden.<\/p>\n<p><strong>Wichtigste Funktionen<\/strong><\/p>\n<ul>\n<li>Konfrontationsmonitor mit Kamera und Digital Signage<\/li>\n<li>Hoge kwaliteit LCD met\u00a0LED backlighting\u00a0een metalen behuizing<\/li>\n<li>Integrierte 2-Megapixel-Full-HD-Kamera<\/li>\n<li>H.265-Komprimierung<\/li>\n<li>Frontlautsprecher<\/li>\n<li>WLAN oder kabelgebunden<\/li>\n<li>MicroSD-Kartenaufnahme bis zu 128 GB<\/li>\n<li>Android-Betriebssystem<\/li>\n<\/ul>\n<p>&nbsp;<\/p>\n<p>&nbsp;<\/p>\n<p><a href=\"https:\/\/www.webstore4ipcameras.nl\/Copyright\" target=\"_blank\" rel=\"noopener\"><span style=\"color: #ff6e03; font-size: 11px;\">\u00a9 Der Text ist urheberrechtlich gesch\u00fctzt<\/span><\/a><\/p>\n<p><strong>Dokumentation<\/strong><\/p>\n<p><span style=\"font-size: 14px;\">\u00dcber den unten stehenden Link k\u00f6nnen Sie die Produktinformationen, Handb\u00fccher und Software auf der Website des Herstellers einsehen und bei Bedarf herunterladen.<\/span><\/p>\n<p><span style=\"font-size: 14px;\"><a href=\"https:\/\/www.dahuasecurity.com\/asset\/upload\/product\/20180907\/LFH22-LAI200_Datasheet_20180904.pdf\" target=\"_blank\" rel=\"noopener\"><span style=\"color: #ff6e03;\"><img decoding=\"async\" style=\"float: left; height: 20px; margin-left: 5px; margin-right: 5px; width: 20px;\" src=\"https:\/\/www.webstore4ipcameras.nl\/image\/data\/multistore\/pdf-icon.png\" alt=\"\">Datasheet Dahua LFH22-LAI200<\/span><\/a><\/span><\/p>\n<p><span style=\"font-size: 14px;\"><a href=\"https:\/\/www.dahuasecurity.com\/products\/productDetail\/26067\" target=\"_blank\" rel=\"noopener\"><span style=\"color: #ff6e03;\"><img decoding=\"async\" style=\"float: left; height: 20px; margin-left: 5px; margin-right: 5px; width: 20px;\" src=\"https:\/\/www.webstore4ipcameras.nl\/image\/data\/multistore\/pdf-icon.png\" alt=\"\">Productpagina Dahua LFH22-LAI200<\/span><\/a><\/span><\/p>","protected":false},"excerpt":{"rendered":"<p>De Dahua LFH22-LAI200 is een 21.5 inch Public View Monitor voor reclame en als confrontatie scherm met in ingebouwde 2 megapixel Full HD camera, digital signage, microSD opname en front luidsprekers. De monitor beschikt over een hoogwaardig LCD scherm met een metalen behuizing. Mogelijkheden De\u00a0Dahua LFH22-LAI200 PVM monitor is geschikt om te gebruiken als confrontatie<\/p>\n<div class=\"klb-readmore button\"><a class=\"btn link\" href=\"https:\/\/staging.webstore4.com\/de\/product\/dahua-lfh22-lai200-21-5-public-view-monitor-voor-binnen-met-2mp-camera-digital-signage-microsd-en-luidsprekers\/\">Mehr lesen <i class=\"klbth-icon-right-arrow\"><\/i><\/a><\/div>","protected":false},"featured_media":8422,"comment_status":"closed","ping_status":"closed","template":"","meta":[],"pwb-brand":[3376],"product_cat":[3441,4195],"product_tag":[],"class_list":{"0":"post-8421","1":"product","2":"type-product","3":"status-publish","4":"has-post-thumbnail","6":"pwb-brand-dahua","7":"product_cat-benodigdheden","8":"product_cat-monitors-audio","9":"pa_aansluiting-netwerk-kabel","10":"pa_afmeting-monitor-21-5-inch","11":"pa_audio-speaker","12":"pa_beeldsensor-1-2-7-cmos","13":"pa_draadloos-ja-wi-fi-802-11","14":"pa_geheugenkaart-type-micro-sd","15":"pa_lens-mm-3-6","16":"pa_megapixel-2mp","17":"pa_merk-dahua","18":"pa_mobiele-app-fabrikant-ja","19":"pa_montage-surface","20":"pa_omgeving-binnen","21":"pa_opnemen-op-sd-kaart-ja","22":"pa_poe-nee","23":"pa_resolutie-monitor-1920-x-1080","24":"pa_voeding-12vdc","26":"first","27":"onbackorder","28":"taxable","29":"shipping-taxable","30":"purchasable","31":"product-type-simple"},"brands":[{"id":3376,"name":"Dahua","slug":"dahua"}],"_links":{"self":[{"href":"https:\/\/staging.webstore4.com\/de\/wp-json\/wp\/v2\/product\/8421","targetHints":{"allow":["GET"]}}],"collection":[{"href":"https:\/\/staging.webstore4.com\/de\/wp-json\/wp\/v2\/product"}],"about":[{"href":"https:\/\/staging.webstore4.com\/de\/wp-json\/wp\/v2\/types\/product"}],"replies":[{"embeddable":true,"href":"https:\/\/staging.webstore4.com\/de\/wp-json\/wp\/v2\/comments?post=8421"}],"wp:featuredmedia":[{"embeddable":true,"href":"https:\/\/staging.webstore4.com\/de\/wp-json\/wp\/v2\/media\/8422"}],"wp:attachment":[{"href":"https:\/\/staging.webstore4.com\/de\/wp-json\/wp\/v2\/media?parent=8421"}],"wp:term":[{"taxonomy":"pwb-brand","embeddable":true,"href":"https:\/\/staging.webstore4.com\/de\/wp-json\/wp\/v2\/pwb-brand?post=8421"},{"taxonomy":"product_cat","embeddable":true,"href":"https:\/\/staging.webstore4.com\/de\/wp-json\/wp\/v2\/product_cat?post=8421"},{"taxonomy":"product_tag","embeddable":true,"href":"https:\/\/staging.webstore4.com\/de\/wp-json\/wp\/v2\/product_tag?post=8421"}],"curies":[{"name":"wp","href":"https:\/\/api.w.org\/{rel}","templated":true}]}}