{"id":8437,"date":"2019-02-03T18:37:23","date_gmt":"2019-02-03T16:37:23","guid":{"rendered":"https:\/\/webstore4.com\/\/?product=ajax-starterkit-wit"},"modified":"2025-02-20T07:12:35","modified_gmt":"2025-02-20T06:12:35","slug":"ajax-starterkit-wit","status":"publish","type":"product","link":"https:\/\/staging.webstore4.com\/de\/product\/ajax-starterkit-wit\/","title":{"rendered":"Ajax StarterKit Wit met Hub, MotionProtect, DoorProtect en SpaceControl"},"content":{"rendered":"<p>Ajax StarterKit Black ist ein Basis-Kit innerhalb des Ajax Baseline-Alarmsystems, das haupts\u00e4chlich von Privatpersonen verwendet wird. Ajax ist ein f\u00fchrendes Unternehmen im Bereich Sicherheitsl\u00f6sungen. Mit fortschrittlichen Technologien und innovativen Produkten bieten sie zuverl\u00e4ssige und effektive Sicherheitsl\u00f6sungen f\u00fcr Privat- und Gesch\u00e4ftskunden. Ihre Systeme sind einfach zu installieren und zu bedienen und geben den Benutzern ein Gef\u00fchl der Sicherheit. Ajax Security Systems ist bekannt f\u00fcr seine hochwertigen Sicherheitsprodukte, die die strengsten Standards und Anforderungen erf\u00fcllen.<\/p>\n<p>Ajax bietet zu seinen Produkten eine kostenlose App an, die mit dem zentralen Hub kommuniziert, an den bis zu f\u00fcnfzig Benutzer und hundert Ger\u00e4te angeschlossen werden k\u00f6nnen. Die App erm\u00f6glicht es, Benachrichtigungen \u00fcber Alarme und Ereignisse zu erhalten, Live-Videostreams anzusehen und den Status aller Sicherheitsger\u00e4te zu \u00fcberpr\u00fcfen. Die App bietet detaillierte Veranstaltungsinformationen und l\u00e4sst sich einfach \u00fcber mehrere Ger\u00e4te und Benutzer hinweg verwalten.<\/p>\n<p><strong>M\u00f6glichkeiten<\/strong><\/p>\n<p>Het Ajax StarterKit Wit is een kit met alle benodigde onderdelen voor de basis van het Ajax alarmsysteem. De kit bestaat uit een <span style=\"color: #ff9900;\"><a style=\"color: #ff9900;\" href=\"https:\/\/staging.webstore4.com\/ajax-hub-wit-met-1x-2g-gsm-en-lan\/\" target=\"_blank\" rel=\"noopener\">Ajax Hub Wei\u00df mit 1x 2G GSM und LAN<\/a><\/span>, Ein <span style=\"color: #ff9900;\"><a style=\"color: #ff9900;\" href=\"https:\/\/staging.webstore4.com\/ajax-doorprotect-wit\/\" target=\"_blank\" rel=\"noopener\">Ajax DoorProtect Wei\u00dfer Magnetkontakt<\/a><\/span>, Ein <span style=\"color: #ff9900;\"><a style=\"color: #ff9900;\" href=\"https:\/\/staging.webstore4.com\/ajax-motionprotect-wit\/\" target=\"_blank\" rel=\"noopener\">Ajax MotionProtect White mit IR-Sensor<\/a> <\/span>und ein <span style=\"color: #ff9900;\"><a style=\"color: #ff9900;\" href=\"https:\/\/staging.webstore4.com\/ajax-spacecontrol-wit\/\" target=\"_blank\" rel=\"noopener\">Ajax SpaceControl Wei\u00df <\/a><\/span>.<\/p>\n<p>De Ajax Hub Wit met 1x 2G GSM en LAN functioneert tussen de andere beveiligingsapparatuur van Ajax. Deze centrale eenheid is het punt wat met de gratis applicatie van Ajax communiceert. Met de app kan het beveiligingssysteem eenvoudig worden beheerd en de ruimte worden bewaakt. De overige componenten van het Ajax beveiligingssysteem worden verbonden met de centrale hub binnen een afstand van 2000 meter.<br \/>\nDer Ajax Hub Black mit 1x 2G GSM meldet Alarme per Push-Benachrichtigung, SMS oder Telefonanruf. Der Ajax Hub Black mit 1x 2G GSM funktioniert nach einem Stromausfall noch etwa 10 Stunden mit einem Batterie-Backup. Wenn die Stromversorgung versehentlich entfernt wird, wird der Alarm aktiviert.<\/p>\n<p>Der Magnetkontakt Ajax DoorProtect Black ist ein drahtloser Sicherheitssensor zur \u00dcberwachung von Fenstern und T\u00fcren. Der Ajax DoorProtect Black besteht aus einem Magneten und einem Sensor. Sobald die Verbindung zwischen Magnet und Sensor unterbrochen wird, wird der Alarm aktiviert. Der Ajax DoorProtect Black sendet dann sofort ein Signal an den Ajax Hub.<\/p>\n<p>Der Ajax MotionProtect Black mit IR-Sensor ist ein fortschrittlicher Bewegungssensor, der mit Passiv-Infrarot-Technologie (PIR) arbeitet. Diese Technologie sorgt daf\u00fcr, dass Bewegungen im erkannten Bereich sofort bemerkt werden.<br \/>\nDa der Ajax MotionProtect Black \u00fcber einen fortschrittlichen Algorithmus verf\u00fcgt, kann er zwischen menschlichen Bewegungen und den Bewegungen von Objekten oder Tieren unterscheiden.<\/p>\n<p>Die mitgelieferte Ajax SpaceControl White-Fernbedienung bietet Benutzern die M\u00f6glichkeit, den Status des Sicherheitssystems schnell und einfach zu \u00e4ndern. Die Fernbedienung ist mit Sicherheitsma\u00dfnahmen wie einer Verschl\u00fcsselung ausgestattet, die einen unbefugten Zugriff auf das System verhindert.<\/p>\n<p>Selbstverst\u00e4ndlich k\u00f6nnen weitere Ger\u00e4te mit diesem Kit im WebStore4 erworben werden. Unter Optionen sind einige empfohlene Produkte aufgef\u00fchrt. Kaufen Sie, bevor Sie die Teile zusammenbauen <span style=\"color: #ff9900;\"><a style=\"color: #ff9900;\" href=\"https:\/\/staging.webstore4.com\/alarmsystemen\/ajax-baseline\/?yith_wcan=1&amp;filter_product=bracket&amp;query_type_product=or\" target=\"_blank\" rel=\"noopener\">Hier<\/a> <\/span>eine zus\u00e4tzliche Halterung mit den Materialien.<br \/>\nF\u00fcr eine detailliertere Beschreibung der einzelnen Produkte verweisen wir auf die Produkte selbst. Wir empfehlen au\u00dferdem, die Produktseite zu konsultieren, die unter der Registerkarte \u201eDokumentation\u201c enthalten ist.<\/p>\n<p><strong>Wichtigste Funktionen<br \/>\n<\/strong><\/p>\n<ul>\n<li>Kompletter Ajax-Bausatz<\/li>\n<li>1x <span style=\"color: #ff9900;\"><a style=\"color: #ff9900;\" href=\"https:\/\/staging.webstore4.com\/ajax-hub-wit-met-1x-2g-gsm-en-lan\/\" target=\"_blank\" rel=\"noopener\">Ajax Hub Wei\u00df mit 1x 2G GSM und LAN<\/a><\/span>, mit ca. 10 Stunden Batterie-Backup<\/li>\n<li>1x <span style=\"color: #ff9900;\"><a style=\"color: #ff9900;\" href=\"https:\/\/staging.webstore4.com\/ajax-doorprotect-wit\/\" target=\"_blank\" rel=\"noopener\">Ajax DoorProtect Wei\u00dfer Magnetkontakt<\/a><\/span><\/li>\n<li>1x <span style=\"color: #ff9900;\"><a style=\"color: #ff9900;\" href=\"https:\/\/staging.webstore4.com\/ajax-motionprotect-wit\/\" target=\"_blank\" rel=\"noopener\">Ajax MotionProtect White mit IR-Sensor<\/a><\/span><\/li>\n<li>1x <span style=\"color: #ff9900;\"><a style=\"color: #ff9900;\" href=\"https:\/\/staging.webstore4.com\/ajax-spacecontrol-wit\/\" target=\"_blank\" rel=\"noopener\">Ajax SpaceControl Wei\u00df <\/a><\/span><\/li>\n<li>Maximal 50 Benutzer<\/li>\n<li>Bis zu 100 Ger\u00e4te<\/li>\n<li>Steuerung \u00fcber Ajax-Anwendung<\/li>\n<li>Ausgestattet mit LAN und 2G GSM Backup<\/li>\n<li>Batterien im Lieferumfang enthalten, Batterien sind von der Garantie ausgeschlossen<\/li>\n<li>Teile zum Anschluss des Bausatzes im Umkreis von 2000 Metern.<\/li>\n<li>Wei\u00df<\/li>\n<\/ul>\n<p>WebStore4 ist offizieller H\u00e4ndler von Ajax Systems. Bestellen Sie Alarmsysteme von Ajax Systems einfach und schnell \u00fcber unseren Webshop. Alle Elemente k\u00f6nnen auch einzeln bestellt werden. Gerne beraten wir Sie fachkundig \u00fcber die M\u00f6glichkeiten des Ajax-Systems. Bei gr\u00f6\u00dferen Projekten k\u00f6nnen wir attraktive Preise anbieten und Hilfe bei der Montage der richtigen Teile anbieten.<\/p>\n<p>Wussten Sie, dass Ajax Systems ein zertifiziertes drahtloses Alarmsystem ist? Neben einem Alarmsystem ist Ajax Systems auch ein Smart-Home-System. Dadurch besteht auch die M\u00f6glichkeit, eine IP-Kamera in das System zu integrieren.<\/p>\n<p><a href=\"https:\/\/staging.webstore4.com\/Copyright\/\" target=\"_blank\" rel=\"noopener\"><span style=\"color: #ff6e03; font-size: 11px;\">\u00a9 Der Text ist urheberrechtlich gesch\u00fctzt<\/span><\/a><\/p>\n<p><iframe title=\"Ajax: Das drahtlose Sicherheitssystem der n\u00e4chsten Generation\" width=\"960\" height=\"540\" src=\"https:\/\/www.youtube.com\/embed\/0T5Sk6xCKek?feature=oembed&#038;enablejsapi=1&#038;origin=https:\/\/staging.webstore4.com\" frameborder=\"0\" allow=\"accelerometer; autoplay; clipboard-write; encrypted-media; gyroscope; picture-in-picture; web-share\" referrerpolicy=\"strict-origin-when-cross-origin\" allowfullscreen><\/iframe><\/p>\n<p>&nbsp;<\/p>","protected":false},"excerpt":{"rendered":"<p>Ajax StarterKit Wit is een basis kit binnen het Ajax Baseline alarmsysteem die vooral door particulieren gebruikt wordt. Ajax is een toonaangevend bedrijf op het gebied van beveiligingsoplossingen. Met geavanceerde technologie\u00ebn en innovatieve producten bieden ze betrouwbare en effectieve beveiligingsoplossingen voor zowel particuliere als zakelijke klanten. Hun systemen zijn eenvoudig te installeren en te bedienen,<\/p>\n<div class=\"klb-readmore button\"><a class=\"btn link\" href=\"https:\/\/staging.webstore4.com\/de\/product\/ajax-starterkit-wit\/\">Mehr lesen <i class=\"klbth-icon-right-arrow\"><\/i><\/a><\/div>","protected":false},"featured_media":8438,"comment_status":"closed","ping_status":"closed","template":"","meta":[],"pwb-brand":[3408],"product_cat":[3466,4224,4263],"product_tag":[],"class_list":{"0":"post-8437","1":"product","2":"type-product","3":"status-publish","4":"has-post-thumbnail","6":"pwb-brand-ajax-systems","7":"product_cat-alarm","8":"product_cat-alarmsystemen","9":"product_cat-ajax-baseline","10":"product_shipping_class-pakket","11":"pa_kleur-wit","12":"pa_merk-ajax-systems","13":"pa_product-complete-kit","15":"first","16":"onbackorder","17":"taxable","18":"shipping-taxable","19":"purchasable","20":"product-type-simple"},"brands":[{"id":3408,"name":"Ajax Systems","slug":"ajax-systems"}],"_links":{"self":[{"href":"https:\/\/staging.webstore4.com\/de\/wp-json\/wp\/v2\/product\/8437","targetHints":{"allow":["GET"]}}],"collection":[{"href":"https:\/\/staging.webstore4.com\/de\/wp-json\/wp\/v2\/product"}],"about":[{"href":"https:\/\/staging.webstore4.com\/de\/wp-json\/wp\/v2\/types\/product"}],"replies":[{"embeddable":true,"href":"https:\/\/staging.webstore4.com\/de\/wp-json\/wp\/v2\/comments?post=8437"}],"wp:featuredmedia":[{"embeddable":true,"href":"https:\/\/staging.webstore4.com\/de\/wp-json\/wp\/v2\/media\/8438"}],"wp:attachment":[{"href":"https:\/\/staging.webstore4.com\/de\/wp-json\/wp\/v2\/media?parent=8437"}],"wp:term":[{"taxonomy":"pwb-brand","embeddable":true,"href":"https:\/\/staging.webstore4.com\/de\/wp-json\/wp\/v2\/pwb-brand?post=8437"},{"taxonomy":"product_cat","embeddable":true,"href":"https:\/\/staging.webstore4.com\/de\/wp-json\/wp\/v2\/product_cat?post=8437"},{"taxonomy":"product_tag","embeddable":true,"href":"https:\/\/staging.webstore4.com\/de\/wp-json\/wp\/v2\/product_tag?post=8437"}],"curies":[{"name":"wp","href":"https:\/\/api.w.org\/{rel}","templated":true}]}}