{"id":8445,"date":"2019-02-03T18:49:10","date_gmt":"2019-02-03T16:49:10","guid":{"rendered":"https:\/\/webstore4.com\/\/?product=ajax-motionprotect-zwart"},"modified":"2024-11-30T13:09:08","modified_gmt":"2024-11-30T12:09:08","slug":"ajax-motionprotect-zwart","status":"publish","type":"product","link":"https:\/\/staging.webstore4.com\/de\/product\/ajax-motionprotect-zwart\/","title":{"rendered":"Ajax MotionProtect Black mit IR-Sensor"},"content":{"rendered":"<p>De Ajax MotionProtect Zwart is onderdeel van het Ajax Baseline alarmsysteem. Ajax is een toonaangevend bedrijf op het gebied van beveiligingsoplossingen. Met geavanceerde technologie\u00ebn en innovatieve producten bieden ze betrouwbare en effectieve beveiligingsoplossingen voor zowel particuliere als zakelijke klanten. Ajax systemen zijn eenvoudig te installeren en te bedienen, waardoor gebruikers een veilig gevoel hebben. Ajax Security Systems staat bekend om zijn hoogwaardige beveiligingsproducten die voldoen aan de strengste normen en eisen.<\/p>\n<p>Die App erm\u00f6glicht es, Benachrichtigungen \u00fcber Alarme und Ereignisse zu erhalten, Live-Videostreams anzusehen (sofern Kameras integriert sind) und den Status aller Sicherheitsger\u00e4te zu \u00fcberpr\u00fcfen. Die App bietet detaillierte Veranstaltungsinformationen und l\u00e4sst sich einfach \u00fcber mehrere Ger\u00e4te und Benutzer hinweg verwalten.<\/p>\n<p><strong>M\u00f6glichkeiten<\/strong><\/p>\n<p>Der Ajax MotionProtect PLUS Black ist ein kabelloser Bewegungsmelder f\u00fcr den Innenbereich. Ein passiver IR-Sensor (PIR) misst, ob sich Personen im Raum befinden. Der Ajax MotionProtect PLUS Black kann sich an die Temperaturen anpassen und funktioniert auch bei w\u00e4rmeren Temperaturen von bis zu vierzig Grad weiter. Die Bewegungserkennung erfolgt in einer Entfernung von bis zu zw\u00f6lf Metern mit einem horizontalen Erfassungswinkel von achtundachtzigeinhalb Grad. Der vertikale Erfassungswinkel betr\u00e4gt achtzig Grad<\/p>\n<p>De Ajax MotionProtect Zwart geeft binnen twee seconden een melding bij indringers. De Ajax MotionProtect Zwart moet binnen een afstand van 1700 meter (open ruimte) van de centrale Hub gemonteerd worden. Vaak wordt de Ajax MotionProtect Zwart gebruikt in huizen, garages of musea. De Ajax MotionProtect Zwart is uitgerust met software die het verschil ziet tussen huisdieren en indringers.<\/p>\n<p>Dit product bestaat uit de Ajax MotionProtect Zwart, inclusief \u00e9\u00e9n vooraf ge\u00efnstalleerde batterij en een montagepaneel voor een eventuele bracket. De bijbehorende bracket kan worden toegevoegd onder &#8216;Opties&#8217;.<\/p>\n<p>F\u00fcr weitere Spezifikationen empfehlen wir Ihnen, das Datenblatt zu konsultieren, das unter der Registerkarte \u201eDokumentation\u201c enthalten ist.<\/p>\n<p><strong>Wichtigste Funktionen<\/strong><\/p>\n<ul>\n<li>Funktioniert mit allen Ajax Hub-Zentraleinheiten und Signalverst\u00e4rkern<\/li>\n<li>Bewegungssensor bis zu 12 Meter Entfernung<\/li>\n<li>Empfohlene Installationsh\u00f6he 2,4 Meter<\/li>\n<li>Immunit\u00e4t gegen Haustiere<\/li>\n<li>Steuerung \u00fcber Ajax-Anwendung<\/li>\n<li>2-Wege-Kommunikation<\/li>\n<li>Batterien im Lieferumfang enthalten, Batterien sind von der Garantie ausgeschlossen<\/li>\n<li>Kann in einem Umkreis von bis zu 1700 Metern (Freifl\u00e4che) mit dem Ajax Hub verbunden werden.<\/li>\n<li>Schwarz<\/li>\n<\/ul>\n<p><a href=\"https:\/\/staging.webstore4.com\/Copyright\/\" target=\"_blank\" rel=\"noopener\"><span style=\"color: #ff6e03; font-size: 11px;\">\u00a9 Der Text ist urheberrechtlich gesch\u00fctzt<\/span><\/a><\/p>","protected":false},"excerpt":{"rendered":"<p>De Ajax MotionProtect Zwart is onderdeel van het Ajax Baseline alarmsysteem. Ajax is een toonaangevend bedrijf op het gebied van beveiligingsoplossingen. Met geavanceerde technologie\u00ebn en innovatieve producten bieden ze betrouwbare en effectieve beveiligingsoplossingen voor zowel particuliere als zakelijke klanten. Ajax systemen zijn eenvoudig te installeren en te bedienen, waardoor gebruikers een veilig gevoel hebben. Ajax<\/p>\n<div class=\"klb-readmore button\"><a class=\"btn link\" href=\"https:\/\/staging.webstore4.com\/de\/product\/ajax-motionprotect-zwart\/\">Mehr lesen <i class=\"klbth-icon-right-arrow\"><\/i><\/a><\/div>","protected":false},"featured_media":8446,"comment_status":"closed","ping_status":"closed","template":"","meta":[],"pwb-brand":[3408],"product_cat":[3466,4224,4263],"product_tag":[],"class_list":{"0":"post-8445","1":"product","2":"type-product","3":"status-publish","4":"has-post-thumbnail","6":"pwb-brand-ajax-systems","7":"product_cat-alarm","8":"product_cat-alarmsystemen","9":"product_cat-ajax-baseline","10":"product_shipping_class-pakket","11":"pa_kleur-zwart","12":"pa_merk-ajax-systems","13":"pa_product-bewegingsdetectie","15":"first","16":"instock","17":"taxable","18":"shipping-taxable","19":"purchasable","20":"product-type-simple"},"brands":[{"id":3408,"name":"Ajax Systems","slug":"ajax-systems"}],"_links":{"self":[{"href":"https:\/\/staging.webstore4.com\/de\/wp-json\/wp\/v2\/product\/8445","targetHints":{"allow":["GET"]}}],"collection":[{"href":"https:\/\/staging.webstore4.com\/de\/wp-json\/wp\/v2\/product"}],"about":[{"href":"https:\/\/staging.webstore4.com\/de\/wp-json\/wp\/v2\/types\/product"}],"replies":[{"embeddable":true,"href":"https:\/\/staging.webstore4.com\/de\/wp-json\/wp\/v2\/comments?post=8445"}],"wp:featuredmedia":[{"embeddable":true,"href":"https:\/\/staging.webstore4.com\/de\/wp-json\/wp\/v2\/media\/8446"}],"wp:attachment":[{"href":"https:\/\/staging.webstore4.com\/de\/wp-json\/wp\/v2\/media?parent=8445"}],"wp:term":[{"taxonomy":"pwb-brand","embeddable":true,"href":"https:\/\/staging.webstore4.com\/de\/wp-json\/wp\/v2\/pwb-brand?post=8445"},{"taxonomy":"product_cat","embeddable":true,"href":"https:\/\/staging.webstore4.com\/de\/wp-json\/wp\/v2\/product_cat?post=8445"},{"taxonomy":"product_tag","embeddable":true,"href":"https:\/\/staging.webstore4.com\/de\/wp-json\/wp\/v2\/product_tag?post=8445"}],"curies":[{"name":"wp","href":"https:\/\/api.w.org\/{rel}","templated":true}]}}