{"id":8467,"date":"2019-02-11T01:33:24","date_gmt":"2019-02-10T23:33:24","guid":{"rendered":"https:\/\/webstore4.com\/\/?product=ajax-motionprotect-plus-zwart"},"modified":"2024-12-16T16:48:47","modified_gmt":"2024-12-16T15:48:47","slug":"ajax-motionprotect-plus-zwart","status":"publish","type":"product","link":"https:\/\/staging.webstore4.com\/de\/product\/ajax-motionprotect-plus-zwart\/","title":{"rendered":"Ajax MotionProtect PLUS Black mit IR-Sensor und Mikrowellensensor"},"content":{"rendered":"<p>Die Ajax BulletCam Black ist Teil des Ajax Baseline-Alarmsystems. Ajax ist ein f\u00fchrendes Unternehmen im Bereich Sicherheitsl\u00f6sungen. Mit fortschrittlichen Technologien und innovativen Produkten bieten sie zuverl\u00e4ssige und effektive Sicherheitsl\u00f6sungen f\u00fcr Privat- und Gesch\u00e4ftskunden. Ihre Systeme sind einfach zu installieren und zu bedienen und geben den Benutzern ein Gef\u00fchl der Sicherheit. Ajax Security Systems ist bekannt f\u00fcr seine hochwertigen Sicherheitsprodukte, die die strengsten Standards und Anforderungen erf\u00fcllen.<\/p>\n<p>Die App erm\u00f6glicht es, Benachrichtigungen \u00fcber Alarme und Ereignisse zu erhalten, Live-Videostreams anzusehen (sofern Kameras integriert sind) und den Status aller Sicherheitsger\u00e4te zu \u00fcberpr\u00fcfen. Die App bietet detaillierte Veranstaltungsinformationen und l\u00e4sst sich einfach \u00fcber mehrere Ger\u00e4te und Benutzer hinweg verwalten.<\/p>\n<p><strong>M\u00f6glichkeiten<\/strong><\/p>\n<p>Der Ajax MotionProtect PLUS Black ist ein kabelloser Bewegungsmelder f\u00fcr den Innenbereich. Ein passiver IR-Sensor (PIR) misst, ob sich Personen im Raum befinden. Der Ajax MotionProtect PLUS Black kann sich an die Temperaturen anpassen und funktioniert auch bei w\u00e4rmeren Temperaturen von bis zu vierzig Grad weiter. Die Bewegungserkennung erfolgt in einer Entfernung von bis zu zw\u00f6lf Metern mit einem horizontalen Erfassungswinkel von achtundachtzigeinhalb Grad. Der vertikale Erfassungswinkel betr\u00e4gt achtzig Grad<\/p>\n<p>Der Ajax MotionProtect PLUS Black benachrichtigt Sie innerhalb von zwei Sekunden \u00fcber Eindringlinge. Der Ajax MotionProtect PLUS Black muss in einem Abstand von 1700 Metern (Freifl\u00e4che) vom zentralen Hub montiert werden.<br \/>\nDer Ajax MotionProtect PLUS Black wird h\u00e4ufig in H\u00e4usern, Garagen oder Museen eingesetzt. Der Ajax MotionProtect PLUS Black ist mit einer Software ausgestattet, die den Unterschied zwischen Haustieren und Eindringlingen erkennen kann.<\/p>\n<p>Der Ajax MotionProtect PLUS Black hat gegen\u00fcber dem Ajax MotionProtect Black den Vorteil, dass das Ger\u00e4t \u00fcber einen Mikrowellensensor verf\u00fcgt. Dieser Mikrowellensensor sorgt daf\u00fcr, dass der Ajax MotionProtect PLUS Black keinen Alarm ausl\u00f6st, wenn sich die Vorh\u00e4nge bewegen.<\/p>\n<p>Dieses Produkt besteht aus dem Ajax MotionProtect PLUS Black, inklusive einer vorinstallierten Batterie mit einer Lebensdauer von bis zu f\u00fcnf Jahren. Auf der R\u00fcckseite des Ajax MotionProtect PLUS Black befindet sich eine Montageplatte f\u00fcr eine m\u00f6gliche Halterung. Die entsprechende Klammer kann unter \u201eOptionen\u201c hinzugef\u00fcgt werden.<\/p>\n<p>F\u00fcr weitere Spezifikationen empfehlen wir Ihnen, das Datenblatt zu konsultieren, das unter der Registerkarte \u201eDokumentation\u201c enthalten ist.<\/p>\n<p><strong>Wichtigste Funktionen<\/strong><\/p>\n<ul>\n<li>Funktioniert mit allen Ajax Hub-Zentraleinheiten und Signalverst\u00e4rkern<\/li>\n<li>Bewegungssensor bis zu 12 Meter Entfernung<\/li>\n<li>Empfohlene Installationsh\u00f6he 2,4 Meter<\/li>\n<li>Immunit\u00e4t gegen Haustiere<\/li>\n<li>Steuerung \u00fcber Ajax-Anwendung<\/li>\n<li>2-Wege-Kommunikation<\/li>\n<li>Batterien im Lieferumfang enthalten, Batterien sind von der Garantie ausgeschlossen<\/li>\n<li>Kann in einem Umkreis von bis zu 1700 Metern (Freifl\u00e4che) mit dem Ajax Hub verbunden werden.<\/li>\n<li>Schwarz<\/li>\n<\/ul>\n<p><a href=\"https:\/\/www.webstore4ipcameras.nl\/Copyright\" target=\"_blank\" rel=\"noopener\"><span style=\"color: #ff6e03; font-size: 11px;\">\u00a9 Der Text ist urheberrechtlich gesch\u00fctzt<\/span><\/a><\/p>","protected":false},"excerpt":{"rendered":"<p>De Ajax MotionProtect PLUS Zwart is onderdeel van het Ajax Baseline alarmsysteem. Ajax is een toonaangevend bedrijf op het gebied van beveiligingsoplossingen. Met geavanceerde technologie\u00ebn en innovatieve producten bieden ze betrouwbare en effectieve beveiligingsoplossingen voor zowel particuliere als zakelijke klanten. Ajax systemen zijn eenvoudig te installeren en te bedienen, waardoor gebruikers een veilig gevoel hebben.<\/p>\n<div class=\"klb-readmore button\"><a class=\"btn link\" href=\"https:\/\/staging.webstore4.com\/de\/product\/ajax-motionprotect-plus-zwart\/\">Mehr lesen <i class=\"klbth-icon-right-arrow\"><\/i><\/a><\/div>","protected":false},"featured_media":8468,"comment_status":"closed","ping_status":"closed","template":"","meta":[],"pwb-brand":[3408],"product_cat":[3466,4224,4263],"product_tag":[],"class_list":{"0":"post-8467","1":"product","2":"type-product","3":"status-publish","4":"has-post-thumbnail","6":"pwb-brand-ajax-systems","7":"product_cat-alarm","8":"product_cat-alarmsystemen","9":"product_cat-ajax-baseline","10":"product_shipping_class-pakket","11":"pa_aanbieding-sale","12":"pa_kleur-zwart","13":"pa_merk-ajax-systems","14":"pa_product-bewegingsdetectie","16":"first","17":"onbackorder","18":"sale","19":"taxable","20":"shipping-taxable","21":"purchasable","22":"product-type-simple"},"brands":[{"id":3408,"name":"Ajax Systems","slug":"ajax-systems"}],"_links":{"self":[{"href":"https:\/\/staging.webstore4.com\/de\/wp-json\/wp\/v2\/product\/8467","targetHints":{"allow":["GET"]}}],"collection":[{"href":"https:\/\/staging.webstore4.com\/de\/wp-json\/wp\/v2\/product"}],"about":[{"href":"https:\/\/staging.webstore4.com\/de\/wp-json\/wp\/v2\/types\/product"}],"replies":[{"embeddable":true,"href":"https:\/\/staging.webstore4.com\/de\/wp-json\/wp\/v2\/comments?post=8467"}],"wp:featuredmedia":[{"embeddable":true,"href":"https:\/\/staging.webstore4.com\/de\/wp-json\/wp\/v2\/media\/8468"}],"wp:attachment":[{"href":"https:\/\/staging.webstore4.com\/de\/wp-json\/wp\/v2\/media?parent=8467"}],"wp:term":[{"taxonomy":"pwb-brand","embeddable":true,"href":"https:\/\/staging.webstore4.com\/de\/wp-json\/wp\/v2\/pwb-brand?post=8467"},{"taxonomy":"product_cat","embeddable":true,"href":"https:\/\/staging.webstore4.com\/de\/wp-json\/wp\/v2\/product_cat?post=8467"},{"taxonomy":"product_tag","embeddable":true,"href":"https:\/\/staging.webstore4.com\/de\/wp-json\/wp\/v2\/product_tag?post=8467"}],"curies":[{"name":"wp","href":"https:\/\/api.w.org\/{rel}","templated":true}]}}