{"id":8469,"date":"2019-02-11T01:34:44","date_gmt":"2019-02-10T23:34:44","guid":{"rendered":"https:\/\/webstore4.com\/\/?product=ajax-combiprotect-wit"},"modified":"2024-11-30T13:07:40","modified_gmt":"2024-11-30T12:07:40","slug":"ajax-combiprotect-wit-met-glasbreuk-en-bewegingsdetector","status":"publish","type":"product","link":"https:\/\/staging.webstore4.com\/de\/product\/ajax-combiprotect-wit-met-glasbreuk-en-bewegingsdetector\/","title":{"rendered":"Ajax CombiProtect White mit Glasbruch- und Bewegungsmelder"},"content":{"rendered":"<p>De Ajax CombiProtect Wit is onderdeel van het Ajax Baseline alarmsysteem. Ajax is een toonaangevend bedrijf op het gebied van beveiligingsoplossingen. Met geavanceerde technologie\u00ebn en innovatieve producten bieden ze betrouwbare en effectieve beveiligingsoplossingen voor zowel particuliere als zakelijke klanten. Ajax systemen zijn eenvoudig te installeren en te bedienen, waardoor gebruikers een veilig gevoel hebben. Ajax Security Systems staat bekend om zijn hoogwaardige beveiligingsproducten die voldoen aan de strengste normen en eisen.<\/p>\n<p>Die App erm\u00f6glicht es, Benachrichtigungen \u00fcber Alarme und Ereignisse zu erhalten, Live-Videostreams anzusehen (sofern Kameras integriert sind) und den Status aller Sicherheitsger\u00e4te zu \u00fcberpr\u00fcfen. Die App bietet detaillierte Veranstaltungsinformationen und l\u00e4sst sich einfach \u00fcber mehrere Ger\u00e4te und Benutzer hinweg verwalten.<\/p>\n<p><strong>M\u00f6glichkeiten<\/strong><\/p>\n<p>Der Ajax CombiProtect Black ist ein multifunktionaler Bewegungsmelder. Neben der Bewegungserkennung verf\u00fcgt dieser Melder auch \u00fcber die M\u00f6glichkeit, Glasbruch zu erkennen. Im Ajax CombiProtect Black sind also zwei Melder verbaut. Der Ajax CombiProtect Black erkennt Bewegungen in einer Entfernung von bis zu zw\u00f6lf Metern und Glasbruch in einer Entfernung von bis zu neun Metern. Der Bewegungsmelder hat einen horizontalen Erfassungswinkel von 88,5 Grad. Der Ajax CombiProtect Black muss in einem Abstand von 1200 Metern (Freifl\u00e4che) vom zentralen Hub montiert werden.<br \/>\nBij beweging of glasbreuk geeft de Ajax CombiProtect Wit direct een signaal af naar de centrale Hub.<\/p>\n<p>Der Ajax CombiProtect Black kann mit der Ajax-Anwendung eingerichtet werden und verf\u00fcgt bereits \u00fcber die Funktionalit\u00e4t, Fehlalarme zu ignorieren. Der Ajax CombiProtect Black filtert sofort Fehlalarme wie Verkehrs- und Tierger\u00e4usche.<br \/>\nDer Ajax CombiProtect Black verf\u00fcgt \u00fcber vier vorinstallierte Batterien mit einer maximalen Lebensdauer von f\u00fcnf Jahren. Der Ajax CombiProtect Black verf\u00fcgt au\u00dferdem \u00fcber einen Schutz vor Betrug, Manipulation und St\u00f6rsendern. Unter Jamming versteht man die St\u00f6rung von Funksignalen.<\/p>\n<p>Dieses Produkt besteht aus dem Ajax CombiProtect Black, inklusive vorinstallierter Batterien und einer Montageplatte f\u00fcr eine m\u00f6gliche Halterung. Die entsprechende Klammer kann unter \u201eOptionen\u201c hinzugef\u00fcgt werden.<\/p>\n<p>F\u00fcr weitere Spezifikationen empfehlen wir Ihnen, das Datenblatt zu konsultieren, das unter der Registerkarte \u201eDokumentation\u201c enthalten ist.<\/p>\n<p><strong>Wichtigste Funktionen<\/strong><\/p>\n<ul>\n<li>Funktioniert mit allen Ajax Hub-Zentraleinheiten und Signalverst\u00e4rkern<\/li>\n<li>Bewegungssensor bis zu 12 Meter Entfernung<\/li>\n<li>Bewegungswinkel horizontal 88,5 Grad und vertikal 80 Grad<\/li>\n<li>Glasbruchsensor bis zu 9 Meter Entfernung<\/li>\n<li>Erfassungswinkel von 180 Grad<\/li>\n<li>Empfohlene Installationsh\u00f6he 2,4 Meter<\/li>\n<li>Immunit\u00e4t gegen Haustiere<\/li>\n<li>Steuerung \u00fcber Ajax-Anwendung<\/li>\n<li>2-Wege-Kommunikation<\/li>\n<li>Batterien im Lieferumfang enthalten, Batterien sind von der Garantie ausgeschlossen<\/li>\n<li>Kann in einem Umkreis von bis zu 1200 Metern (Freifl\u00e4che) mit dem Ajax Hub verbunden werden.<\/li>\n<li>Wei\u00df<\/li>\n<\/ul>\n<p><a href=\"https:\/\/www.webstore4ipcameras.nl\/Copyright\" target=\"_blank\" rel=\"noopener\"><span style=\"color: #ff6e03; font-size: 11px;\">\u00a9 Der Text ist urheberrechtlich gesch\u00fctzt<\/span><\/a><\/p>","protected":false},"excerpt":{"rendered":"<p>De Ajax CombiProtect Wit is onderdeel van het Ajax Baseline alarmsysteem. Ajax is een toonaangevend bedrijf op het gebied van beveiligingsoplossingen. Met geavanceerde technologie\u00ebn en innovatieve producten bieden ze betrouwbare en effectieve beveiligingsoplossingen voor zowel particuliere als zakelijke klanten. Ajax systemen zijn eenvoudig te installeren en te bedienen, waardoor gebruikers een veilig gevoel hebben. Ajax<\/p>\n<div class=\"klb-readmore button\"><a class=\"btn link\" href=\"https:\/\/staging.webstore4.com\/de\/product\/ajax-combiprotect-wit-met-glasbreuk-en-bewegingsdetector\/\">Mehr lesen <i class=\"klbth-icon-right-arrow\"><\/i><\/a><\/div>","protected":false},"featured_media":8470,"comment_status":"closed","ping_status":"closed","template":"","meta":[],"pwb-brand":[3408],"product_cat":[3466,4224,4263],"product_tag":[],"class_list":{"0":"post-8469","1":"product","2":"type-product","3":"status-publish","4":"has-post-thumbnail","6":"pwb-brand-ajax-systems","7":"product_cat-alarm","8":"product_cat-alarmsystemen","9":"product_cat-ajax-baseline","10":"product_shipping_class-pakket","11":"pa_kleur-wit","12":"pa_merk-ajax-systems","13":"pa_product-bewegingsdetectie","14":"pa_product-glasdetectie","16":"first","17":"instock","18":"taxable","19":"shipping-taxable","20":"purchasable","21":"product-type-simple"},"brands":[{"id":3408,"name":"Ajax Systems","slug":"ajax-systems"}],"_links":{"self":[{"href":"https:\/\/staging.webstore4.com\/de\/wp-json\/wp\/v2\/product\/8469","targetHints":{"allow":["GET"]}}],"collection":[{"href":"https:\/\/staging.webstore4.com\/de\/wp-json\/wp\/v2\/product"}],"about":[{"href":"https:\/\/staging.webstore4.com\/de\/wp-json\/wp\/v2\/types\/product"}],"replies":[{"embeddable":true,"href":"https:\/\/staging.webstore4.com\/de\/wp-json\/wp\/v2\/comments?post=8469"}],"wp:featuredmedia":[{"embeddable":true,"href":"https:\/\/staging.webstore4.com\/de\/wp-json\/wp\/v2\/media\/8470"}],"wp:attachment":[{"href":"https:\/\/staging.webstore4.com\/de\/wp-json\/wp\/v2\/media?parent=8469"}],"wp:term":[{"taxonomy":"pwb-brand","embeddable":true,"href":"https:\/\/staging.webstore4.com\/de\/wp-json\/wp\/v2\/pwb-brand?post=8469"},{"taxonomy":"product_cat","embeddable":true,"href":"https:\/\/staging.webstore4.com\/de\/wp-json\/wp\/v2\/product_cat?post=8469"},{"taxonomy":"product_tag","embeddable":true,"href":"https:\/\/staging.webstore4.com\/de\/wp-json\/wp\/v2\/product_tag?post=8469"}],"curies":[{"name":"wp","href":"https:\/\/api.w.org\/{rel}","templated":true}]}}