{"id":8475,"date":"2019-02-11T01:44:05","date_gmt":"2019-02-10T23:44:05","guid":{"rendered":"https:\/\/webstore4.com\/\/?product=ajax-fireprotect-zwart"},"modified":"2024-04-19T15:06:53","modified_gmt":"2024-04-19T14:06:53","slug":"ajax-fireprotect-plus-zwart","status":"publish","type":"product","link":"https:\/\/staging.webstore4.com\/de\/product\/ajax-fireprotect-plus-zwart\/","title":{"rendered":"Ajax FireProtect PLUS Schwarzer Juwelier"},"content":{"rendered":"<p>De Ajax FireProtect PLUS Zwart Jeweller is onderdeel van het Ajax Baseline alarmsysteem. Ajax is een toonaangevend bedrijf op het gebied van beveiligingsoplossingen. Met geavanceerde technologie\u00ebn en innovatieve producten bieden ze betrouwbare en effectieve beveiligingsoplossingen voor zowel particuliere als zakelijke klanten. Ajax systemen zijn eenvoudig te installeren en te bedienen, waardoor gebruikers een veilig gevoel hebben. Ajax Security Systems staat bekend om zijn hoogwaardige beveiligingsproducten die voldoen aan de strengste normen en eisen.<\/p>\n<p>Die App erm\u00f6glicht es, Benachrichtigungen \u00fcber Alarme und Ereignisse zu erhalten, Live-Videostreams anzusehen (sofern Kameras integriert sind) und den Status aller Sicherheitsger\u00e4te zu \u00fcberpr\u00fcfen. Die App bietet detaillierte Veranstaltungsinformationen und l\u00e4sst sich einfach \u00fcber mehrere Ger\u00e4te und Benutzer hinweg verwalten.<\/p>\n<p><strong>M\u00f6glichkeiten<\/strong><\/p>\n<p>Auch f\u00fcr den Brandschutz gibt es L\u00f6sungen von Ajax. Der Ajax FireProtect PLUS Black sch\u00fctzt die Umgebung vor Feuer und Rauch. Dieser kabellose Rauch- und W\u00e4rmemelder sendet bei Erkennung eines schnellen Temperaturanstiegs, von Kohlenmonoxid oder Rauch innerhalb einer Sekunde eine Meldung und verf\u00fcgt au\u00dferdem \u00fcber einen integrierten Alarm mit einer Lautst\u00e4rke von 85 Dezibel. Das Ger\u00e4t verf\u00fcgt \u00fcber ein Jeweler-Funkprotokoll, das einen schnellen Informationsaustausch zwischen den verschiedenen Alarmkomponenten von Ajax erm\u00f6glicht.<\/p>\n<p>Der Ajax FireProtect PLUS Black ist ein kabelloser Alarm, der in einer Entfernung von 1300 Metern (im freien Raum) vom zentralen Hub montiert werden kann. Der Ajax FireProtect PLUS Black wird mit zwei Batterien und einer Backup-Batterie mit einer erwarteten Lebensdauer von vier Jahren betrieben.<br \/>\nDer Ajax FireProtect PLUS Black verf\u00fcgt \u00fcber einen Manipulationsschutz und f\u00fchrt regelm\u00e4\u00dfig eine Selbsttestfunktion durch. Dank der Selbsttestfunktion \u00fcberpr\u00fcft sich das System selbst und etwaige Probleme werden sofort gemeldet.<\/p>\n<p>Dieses Produkt besteht aus dem Ajax FireProtect PLUS Black, inklusive Batterien und einer Montageplatte f\u00fcr eine m\u00f6gliche Halterung. Die entsprechende Klammer kann unter \u201eOptionen\u201c hinzugef\u00fcgt werden.<\/p>\n<p>Der Unterschied zwischen dem Ajax FireProtect und dem Ajax FireProtect PLUS besteht darin, dass der Ajax FireProtect PLUS zus\u00e4tzlich zu allen Funktionen des Ajax FireProtect auch \u00fcber einen Kohlenmonoxidmelder verf\u00fcgt.<\/p>\n<p>F\u00fcr weitere Spezifikationen empfehlen wir Ihnen, das Datenblatt zu konsultieren, das unter der Registerkarte \u201eDokumentation\u201c enthalten ist.<\/p>\n<p><strong>Wichtigste Funktionen<\/strong><\/p>\n<ul>\n<li>Inklusive Kohlenmonoxidmelder<\/li>\n<li>Steuerung \u00fcber Ajax-Anwendung<\/li>\n<li>Rauchmelder<\/li>\n<li>Brunsterkennung<\/li>\n<li>Eingebaute Sirene<\/li>\n<li>2-Wege-Kommunikation<\/li>\n<li>Batterien im Lieferumfang enthalten, Batterien sind von der Garantie ausgeschlossen<\/li>\n<li>Kann in einem Umkreis von bis zu 1300 Metern (Freifl\u00e4che) mit dem Ajax Hub verbunden werden.<\/li>\n<li>Schwarz<\/li>\n<\/ul>\n<p><a href=\"https:\/\/www.webstore4ipcameras.nl\/Copyright\" target=\"_blank\" rel=\"noopener\"><span style=\"color: #ff6e03; font-size: 11px;\">\u00a9 Der Text ist urheberrechtlich gesch\u00fctzt<\/span><\/a><\/p>\n<p><iframe title=\"So reinigen Sie den FireProtect-Melder \u2023 Ajax Academy\" width=\"960\" height=\"540\" src=\"https:\/\/www.youtube.com\/embed\/UaFf2Q-JN-Q?feature=oembed&#038;enablejsapi=1&#038;origin=https:\/\/staging.webstore4.com\" frameborder=\"0\" allow=\"accelerometer; autoplay; clipboard-write; encrypted-media; gyroscope; picture-in-picture; web-share\" allowfullscreen><\/iframe><\/p>","protected":false},"excerpt":{"rendered":"<p>De Ajax FireProtect PLUS Zwart Jeweller is onderdeel van het Ajax Baseline alarmsysteem. Ajax is een toonaangevend bedrijf op het gebied van beveiligingsoplossingen. Met geavanceerde technologie\u00ebn en innovatieve producten bieden ze betrouwbare en effectieve beveiligingsoplossingen voor zowel particuliere als zakelijke klanten. Ajax systemen zijn eenvoudig te installeren en te bedienen, waardoor gebruikers een veilig gevoel<\/p>\n<div class=\"klb-readmore button\"><a class=\"btn link\" href=\"https:\/\/staging.webstore4.com\/de\/product\/ajax-fireprotect-plus-zwart\/\">Mehr lesen <i class=\"klbth-icon-right-arrow\"><\/i><\/a><\/div>","protected":false},"featured_media":8476,"comment_status":"closed","ping_status":"closed","template":"","meta":[],"pwb-brand":[3408],"product_cat":[3466,4224,4263],"product_tag":[],"class_list":{"0":"post-8475","1":"product","2":"type-product","3":"status-publish","4":"has-post-thumbnail","6":"pwb-brand-ajax-systems","7":"product_cat-alarm","8":"product_cat-alarmsystemen","9":"product_cat-ajax-baseline","10":"product_shipping_class-pakket","11":"pa_detectie-met-hitte-sensoren","12":"pa_detectie-met-koolmonoxide-sensoren","13":"pa_detectie-met-rook-sensoren","14":"pa_kleur-zwart","15":"pa_merk-ajax-systems","16":"pa_product-branddetectie","17":"pa_voeding-vervangbare-batterij","19":"first","20":"onbackorder","21":"taxable","22":"shipping-taxable","23":"purchasable","24":"product-type-simple"},"brands":[{"id":3408,"name":"Ajax Systems","slug":"ajax-systems"}],"_links":{"self":[{"href":"https:\/\/staging.webstore4.com\/de\/wp-json\/wp\/v2\/product\/8475","targetHints":{"allow":["GET"]}}],"collection":[{"href":"https:\/\/staging.webstore4.com\/de\/wp-json\/wp\/v2\/product"}],"about":[{"href":"https:\/\/staging.webstore4.com\/de\/wp-json\/wp\/v2\/types\/product"}],"replies":[{"embeddable":true,"href":"https:\/\/staging.webstore4.com\/de\/wp-json\/wp\/v2\/comments?post=8475"}],"wp:featuredmedia":[{"embeddable":true,"href":"https:\/\/staging.webstore4.com\/de\/wp-json\/wp\/v2\/media\/8476"}],"wp:attachment":[{"href":"https:\/\/staging.webstore4.com\/de\/wp-json\/wp\/v2\/media?parent=8475"}],"wp:term":[{"taxonomy":"pwb-brand","embeddable":true,"href":"https:\/\/staging.webstore4.com\/de\/wp-json\/wp\/v2\/pwb-brand?post=8475"},{"taxonomy":"product_cat","embeddable":true,"href":"https:\/\/staging.webstore4.com\/de\/wp-json\/wp\/v2\/product_cat?post=8475"},{"taxonomy":"product_tag","embeddable":true,"href":"https:\/\/staging.webstore4.com\/de\/wp-json\/wp\/v2\/product_tag?post=8475"}],"curies":[{"name":"wp","href":"https:\/\/api.w.org\/{rel}","templated":true}]}}