{"id":8483,"date":"2019-02-11T02:41:24","date_gmt":"2019-02-11T00:41:24","guid":{"rendered":"https:\/\/webstore4.com\/\/?product=ajax-socket-zwart"},"modified":"2025-02-26T20:28:10","modified_gmt":"2025-02-26T19:28:10","slug":"ajax-socket-zwart","status":"publish","type":"product","link":"https:\/\/staging.webstore4.com\/de\/product\/ajax-socket-zwart\/","title":{"rendered":"Ajax Socket Schwarzer kabelloser Smart Plug"},"content":{"rendered":"<p>De Ajax Socket Zwart is een een mooie gadget binnen het Ajax systeem. Met de Ajax Socket Zwart is het mogelijk om aangesloten apparaten op afstand in-en uit te schakelen. Daarnaast is het mogelijk om het elektriciteitsverbruik te monitoren en automatiseringsscenario&#8217;s uit te voeren.<\/p>\n<p>Die App erm\u00f6glicht es, Benachrichtigungen \u00fcber Alarme und Ereignisse zu erhalten, Live-Videostreams anzusehen (sofern Kameras integriert sind) und den Status aller Sicherheitsger\u00e4te zu \u00fcberpr\u00fcfen. Die App bietet detaillierte Veranstaltungsinformationen und l\u00e4sst sich einfach \u00fcber mehrere Ger\u00e4te und Benutzer hinweg verwalten.<\/p>\n<p><strong>M\u00f6glichkeiten<\/strong><\/p>\n<p>De Ajax Socket Zwart is een slimme stekker die direct in het stopcontact gezet kan worden. Door de stekker te verbinden met de applicatie van Ajax is direct inzichtelijk wat het elektriciteitsverbruik is op het apparaat wat op dit contact is aangesloten. Daarnaast kan het apparaat op afstand in-en uitgeschakeld worden en inzicht geven of een apparaat aan of uit staat.\u00a0\u00a0De Ajax Socket Zwart moet binnen een afstand van 1100 meter (open ruimte) van de centrale Hub gemonteerd worden.<\/p>\n<p>De slimme stekker informeert niet alleen over energieverbruik, maar maakt het ook direct zichtbaar door de ledverlichting in de socket. Zo worden de kleuren van de led anders op het moment dat er veel energieverbruik plaats vind. In stand-by modus verbruikt de Ajax Socket Zwart minder dan 1W. De helderheid van de ledverlichting is in te stellen op hogere of lagere niveaus.<\/p>\n<p>Naast dat de Ajax Socket Zwart helpt bij het verduurzamen is het ook een veilige socket. De Ajax Socket Zwart voldoet aan de veiligheidsstandaarden en heeft zelfs bescherming tegen voorwerpen, kindervingers, stof en spatwater. De Ajax Socket Zwart wordt direct gevoed vanuit de 230VAC.<\/p>\n<p>F\u00fcr weitere Spezifikationen empfehlen wir Ihnen, das Datenblatt zu konsultieren, das unter der Registerkarte \u201eDokumentation\u201c enthalten ist.<\/p>\n<p><strong>Wichtigste Funktionen<\/strong><\/p>\n<ul>\n<li>Functioneert met alle Ajax Hub centrales en Ajax signaalversterkers<\/li>\n<li>Erm\u00f6glicht den Anschluss externer Ger\u00e4te an die Ajax-Anwendung<\/li>\n<li>Steuerung \u00fcber Ajax-Anwendung<\/li>\n<li>Voeding 110-230 V<\/li>\n<li>Status des NO\/NC-Kontakts<\/li>\n<li>Kann in einem Umkreis von bis zu 1100 Metern (Freifl\u00e4che) mit dem Ajax Hub verbunden werden.<\/li>\n<li>Schwarz<\/li>\n<\/ul>\n<p><a href=\"https:\/\/staging.webstore4.com\/Copyright\/\" target=\"_blank\" rel=\"noopener\"><span style=\"color: #ff6e03; font-size: 11px;\">\u00a9 Der Text ist urheberrechtlich gesch\u00fctzt<\/span><\/a><\/p>","protected":false},"excerpt":{"rendered":"<p>De Ajax Socket Zwart is een een mooie gadget binnen het Ajax systeem. Met de Ajax Socket Zwart is het mogelijk om aangesloten apparaten op afstand in-en uit te schakelen. Daarnaast is het mogelijk om het elektriciteitsverbruik te monitoren en automatiseringsscenario&#8217;s uit te voeren. Met de app is het mogelijk meldingen ontvangen over alarmen en<\/p>\n<div class=\"klb-readmore button\"><a class=\"btn link\" href=\"https:\/\/staging.webstore4.com\/de\/product\/ajax-socket-zwart\/\">Mehr lesen <i class=\"klbth-icon-right-arrow\"><\/i><\/a><\/div>","protected":false},"featured_media":8484,"comment_status":"open","ping_status":"closed","template":"","meta":[],"pwb-brand":[3408],"product_cat":[3466,4224,4263],"product_tag":[],"class_list":{"0":"post-8483","1":"product","2":"type-product","3":"status-publish","4":"has-post-thumbnail","6":"pwb-brand-ajax-systems","7":"product_cat-alarm","8":"product_cat-alarmsystemen","9":"product_cat-ajax-baseline","10":"product_shipping_class-pakket","11":"pa_merk-ajax-systems","12":"pa_product-schakelmateriaal","14":"first","15":"onbackorder","16":"taxable","17":"shipping-taxable","18":"purchasable","19":"product-type-simple"},"brands":[{"id":3408,"name":"Ajax Systems","slug":"ajax-systems"}],"_links":{"self":[{"href":"https:\/\/staging.webstore4.com\/de\/wp-json\/wp\/v2\/product\/8483","targetHints":{"allow":["GET"]}}],"collection":[{"href":"https:\/\/staging.webstore4.com\/de\/wp-json\/wp\/v2\/product"}],"about":[{"href":"https:\/\/staging.webstore4.com\/de\/wp-json\/wp\/v2\/types\/product"}],"replies":[{"embeddable":true,"href":"https:\/\/staging.webstore4.com\/de\/wp-json\/wp\/v2\/comments?post=8483"}],"wp:featuredmedia":[{"embeddable":true,"href":"https:\/\/staging.webstore4.com\/de\/wp-json\/wp\/v2\/media\/8484"}],"wp:attachment":[{"href":"https:\/\/staging.webstore4.com\/de\/wp-json\/wp\/v2\/media?parent=8483"}],"wp:term":[{"taxonomy":"pwb-brand","embeddable":true,"href":"https:\/\/staging.webstore4.com\/de\/wp-json\/wp\/v2\/pwb-brand?post=8483"},{"taxonomy":"product_cat","embeddable":true,"href":"https:\/\/staging.webstore4.com\/de\/wp-json\/wp\/v2\/product_cat?post=8483"},{"taxonomy":"product_tag","embeddable":true,"href":"https:\/\/staging.webstore4.com\/de\/wp-json\/wp\/v2\/product_tag?post=8483"}],"curies":[{"name":"wp","href":"https:\/\/api.w.org\/{rel}","templated":true}]}}