{"id":8487,"date":"2019-02-11T02:50:22","date_gmt":"2019-02-11T00:50:22","guid":{"rendered":"https:\/\/webstore4.com\/\/?product=ajax-starterkit-plus-zwart"},"modified":"2025-02-20T07:12:18","modified_gmt":"2025-02-20T06:12:18","slug":"ajax-starterkit-plus-zwart","status":"publish","type":"product","link":"https:\/\/staging.webstore4.com\/de\/product\/ajax-starterkit-plus-zwart\/","title":{"rendered":"Ajax StarterKit PLUS Schwarz mit Hub PLUS, MotionProtect, DoorProtect und SpaceControl"},"content":{"rendered":"<p>Das Ajax StarterKit PLUS Black ist ein Basisset mit dem Hub PLUS im Ajax Baseline-Alarmsystem. Ajax ist ein f\u00fchrendes Unternehmen im Bereich Sicherheitsl\u00f6sungen.<br \/>\nMit fortschrittlichen Technologien und innovativen Produkten bieten sie zuverl\u00e4ssige und effektive Sicherheitsl\u00f6sungen f\u00fcr Privat- und Gesch\u00e4ftskunden. Ihre Systeme sind einfach zu installieren und zu bedienen und geben den Benutzern ein Gef\u00fchl der Sicherheit. Ajax Security Systems ist bekannt f\u00fcr seine hochwertigen Sicherheitsprodukte, die die strengsten Standards und Anforderungen erf\u00fcllen.<\/p>\n<p>Ajax bietet zu seinen Produkten eine kostenlose App an, die mit dem zentralen Hub kommuniziert, an den bis zu f\u00fcnfzig Benutzer und hundert Ger\u00e4te angeschlossen werden k\u00f6nnen. Die App erm\u00f6glicht es, Benachrichtigungen \u00fcber Alarme und Ereignisse zu erhalten, Live-Videostreams anzusehen und den Status aller Sicherheitsger\u00e4te zu \u00fcberpr\u00fcfen. Die App bietet detaillierte Veranstaltungsinformationen und l\u00e4sst sich einfach \u00fcber mehrere Ger\u00e4te und Benutzer hinweg verwalten.<\/p>\n<p><strong>M\u00f6glichkeiten<\/strong><\/p>\n<p>Ajax StarterKit PLUS Black ist ein Kit mit dem Hub PLUS innerhalb des Ajax Baseline-Alarmsystems. Dieses Hub PLUS bietet Ihnen umfangreichere Optionen als das Kit ohne Hub PLUS. Das Kit besteht aus a <span style=\"color: #ff9900;\"><a style=\"color: #ff9900;\" href=\"https:\/\/staging.webstore4.com\/ajax-hub-plus-zwart-met-2x-2g-gsm-wi-fi-en-lan\/\" target=\"_blank\" rel=\"noopener\">Ajax Hub PLUS Schwarz mit 2x 2G GSM, WLAN und LAN<\/a><span style=\"color: #000000;\">, Ein <a style=\"color: #ff9900;\" href=\"https:\/\/staging.webstore4.com\/ajax-doorprotect-zwart\/\" target=\"_blank\" rel=\"noopener\">Ajax DoorProtect Schwarzer Magnetkontakt<\/a>, Ein <a style=\"color: #ff9900;\" href=\"https:\/\/staging.webstore4.com\/ajax-motionprotect-zwart\/\" target=\"_blank\" rel=\"noopener\">Ajax MotionProtect Black mit IR-Sensor<\/a> und ein <a style=\"color: #ff9900;\" href=\"https:\/\/staging.webstore4.com\/ajax-spacecontrol-zwart\/\" target=\"_blank\" rel=\"noopener\">Ajax SpaceControl Schwarz<\/a>.<br \/>\n<\/span><\/span><\/p>\n<p>Der Ajax Hub PLUS Black mit 2x 2G GSM, WI-FI und LAN geh\u00f6rt zu den anderen Sicherheitsger\u00e4ten von Ajax. Diese zentrale Einheit ist der Punkt, der mit der kostenlosen Ajax-Anwendung kommuniziert. Mit der App k\u00f6nnen Sie das Sicherheitssystem einfach verwalten und den Raum \u00fcberwachen. Die anderen Komponenten des Ajax-Sicherheitssystems sind im Umkreis von 2000 Metern mit dem zentralen Hub verbunden.<\/p>\n<p>Der Ajax Hub PLUS Black mit 2x 2G GSM, WLAN und LAN meldet Alarme per Push-Benachrichtigung, SMS oder Telefonanruf. Der Ajax Hub l\u00e4uft nach einem Stromausfall noch etwa 10 Stunden lang mit einem Batterie-Backup weiter. Wenn die Stromversorgung versehentlich entfernt wird, wird der Alarm aktiviert.<\/p>\n<p>Die Hauptunterschiede zwischen dem Ajax Hub und dem Ajax Hub PLUS bestehen darin, dass der Ajax Hub PLUS \u00fcber WLAN und zwei SIM-Kartensteckpl\u00e4tze verf\u00fcgt und f\u00fcnfzig weitere Ger\u00e4te anschlie\u00dfen kann. Dar\u00fcber hinaus bietet der Ajax Hub PLUS die M\u00f6glichkeit, f\u00fcnf Signalverst\u00e4rker anzuschlie\u00dfen, wodurch die Reichweite deutlich erh\u00f6ht werden kann. Es ist m\u00f6glich, f\u00fcnfzig Benutzer hinzuzuf\u00fcgen. Zum Vergleich der verschiedenen Ajax-Kraftwerke verweisen wir auf den Vergleichslink in der Dokumentation.<\/p>\n<p>Der Magnetkontakt Ajax DoorProtect Black ist ein drahtloser Sicherheitssensor zur \u00dcberwachung von Fenstern und T\u00fcren. Der Ajax DoorProtect Black besteht aus einem Magneten und einem Sensor. Sobald die Verbindung zwischen Magnet und Sensor unterbrochen wird, wird der Alarm aktiviert. Der Ajax DoorProtect Black sendet dann sofort ein Signal an den Ajax Hub.<\/p>\n<p>Der Ajax MotionProtect Black mit IR-Sensor ist ein fortschrittlicher Bewegungssensor, der mit Passiv-Infrarot-Technologie (PIR) arbeitet. Diese Technologie sorgt daf\u00fcr, dass Bewegungen im erkannten Bereich sofort bemerkt werden.<br \/>\nDa der Ajax MotionProtect Black \u00fcber einen fortschrittlichen Algorithmus verf\u00fcgt, kann er zwischen menschlichen Bewegungen und den Bewegungen von Objekten oder Tieren unterscheiden.<\/p>\n<p>Die mitgelieferte Ajax SpaceControl Black-Fernbedienung bietet Benutzern die M\u00f6glichkeit, den Status des Sicherheitssystems schnell und einfach zu \u00e4ndern. Die Fernbedienung ist mit Sicherheitsma\u00dfnahmen wie einer Verschl\u00fcsselung ausgestattet, die einen unbefugten Zugriff auf das System verhindert. Mit dem Ajax StarterKit PLUS haben Sie sofort die Basis f\u00fcr ein komplettes Alarmsystem.<\/p>\n<p>Nat\u00fcrlich k\u00f6nnen weitere Teile mit diesem Ajax StarterKit PLUS im WebStore4 erworben werden. Unter \u201eOptionen\u201c sind einige empfohlene Produkte aufgef\u00fchrt. Kaufen Sie, bevor Sie die Teile zusammenbauen <span style=\"color: #ff9900;\"><a style=\"color: #ff9900;\" href=\"https:\/\/staging.webstore4.com\/alarm\/alarmsystemen\/ajax-baseline?yith_wcan=1&amp;product_cat=ajax-baseline&amp;query_type_product=or&amp;filter_product=bracket\" target=\"_blank\" rel=\"noopener\">Hier<\/a> <\/span>eine zus\u00e4tzliche Halterung mit den Materialien.<br \/>\nF\u00fcr eine detailliertere Beschreibung der einzelnen Produkte verweisen wir auf die Produkte selbst. Wir empfehlen au\u00dferdem, die Produktseite zu konsultieren, die unter der Registerkarte \u201eDokumentation\u201c enthalten ist.<\/p>\n<p><strong>Wichtigste Funktionen<\/strong><\/p>\n<ul>\n<li>Kompletter Ajax-Bausatz<\/li>\n<li>1x <span style=\"color: #ff9900;\"><a style=\"color: #ff9900;\" href=\"https:\/\/staging.webstore4.com\/ajax-hub-plus-zwart-met-2x-2g-gsm-wi-fi-en-lan\/\" target=\"_blank\" rel=\"noopener\">Ajax Hub PLUS Schwarz mit 2x 2G GSM, WLAN und LAN<\/a><\/span><span style=\"color: #ff9900;\"><span style=\"color: #000000;\">, <\/span><\/span>mit ca. 10 Stunden Batterie-Backup<\/li>\n<li>1x <span style=\"color: #ff9900;\"><span style=\"color: #000000;\"><a style=\"color: #ff9900;\" href=\"https:\/\/staging.webstore4.com\/ajax-doorprotect-zwart\/\" target=\"_blank\" rel=\"noopener\">Ajax DoorProtect Schwarzer Magnetkontakt<\/a><\/span><\/span><\/li>\n<li>1x <span style=\"color: #ff9900;\"><span style=\"color: #000000;\"><a style=\"color: #ff9900;\" href=\"https:\/\/staging.webstore4.com\/ajax-motionprotect-zwart\/\" target=\"_blank\" rel=\"noopener\">Ajax MotionProtect Black mit IR-Sensor<\/a><\/span><\/span><\/li>\n<li>1x <span style=\"color: #ff9900;\"><span style=\"color: #000000;\"><a style=\"color: #ff9900;\" href=\"https:\/\/staging.webstore4.com\/ajax-spacecontrol-zwart\/\" target=\"_blank\" rel=\"noopener\">Ajax SpaceControl Schwarz<\/a><\/span><\/span><\/li>\n<li>Maximal 100 Benutzer<\/li>\n<li>Bis zu 150 Ger\u00e4te<\/li>\n<li>Steuerung \u00fcber Ajax-Anwendung<\/li>\n<li>Ausgestattet mit LAN und 2x 2G GSM Backup<\/li>\n<li>Batterien im Lieferumfang enthalten, Batterien sind von der Garantie ausgeschlossen<\/li>\n<li>Teile zum Anschluss des Bausatzes im Umkreis von 2000 Metern.<\/li>\n<li>Der Hub ist vom R\u00fcckgaberecht ausgeschlossen. Denn das Protokoll (nach der Registrierung) kann nicht gel\u00f6scht werden.<\/li>\n<li>Schwarz<\/li>\n<\/ul>\n<p>WebStore4 ist offizieller H\u00e4ndler von Ajax Systems. Bestellen Sie Alarmsysteme von Ajax Systems einfach und schnell \u00fcber unseren Webshop. Alle Elemente k\u00f6nnen auch einzeln bestellt werden. Gerne beraten wir Sie fachkundig \u00fcber die M\u00f6glichkeiten des Ajax-Systems. Bei gr\u00f6\u00dferen Projekten k\u00f6nnen wir attraktive Preise anbieten und Hilfe bei der Montage der richtigen Teile anbieten.<\/p>\n<p>Wussten Sie, dass Ajax Systems ein zertifiziertes drahtloses Alarmsystem ist? Neben einem Alarmsystem ist Ajax Systems auch ein Smart-Home-System. Dadurch besteht auch die M\u00f6glichkeit, IP-Kameras in das System zu integrieren.<\/p>\n<p><a href=\"https:\/\/www.webstore4ipcameras.nl\/Copyright\" target=\"_blank\" rel=\"noopener\"><span style=\"color: #ff6e03; font-size: 11px;\">\u00a9 Der Text ist urheberrechtlich gesch\u00fctzt<\/span><\/a><\/p>\n<p><iframe title=\"Ajax: Das drahtlose Sicherheitssystem der n\u00e4chsten Generation\" width=\"960\" height=\"540\" src=\"https:\/\/www.youtube.com\/embed\/0T5Sk6xCKek?feature=oembed&#038;enablejsapi=1&#038;origin=https:\/\/staging.webstore4.com\" frameborder=\"0\" allow=\"accelerometer; autoplay; clipboard-write; encrypted-media; gyroscope; picture-in-picture; web-share\" referrerpolicy=\"strict-origin-when-cross-origin\" allowfullscreen><\/iframe><\/p>","protected":false},"excerpt":{"rendered":"<p>Ajax StarterKit PLUS Zwart is een basis kit met de Hub PLUS binnen het Ajax Baseline alarmsysteem. Ajax is een toonaangevend bedrijf op het gebied van beveiligingsoplossingen. Met geavanceerde technologie\u00ebn en innovatieve producten bieden ze betrouwbare en effectieve beveiligingsoplossingen voor zowel particuliere als zakelijke klanten. Hun systemen zijn eenvoudig te installeren en te bedienen, waardoor<\/p>\n<div class=\"klb-readmore button\"><a class=\"btn link\" href=\"https:\/\/staging.webstore4.com\/de\/product\/ajax-starterkit-plus-zwart\/\">Mehr lesen <i class=\"klbth-icon-right-arrow\"><\/i><\/a><\/div>","protected":false},"featured_media":8488,"comment_status":"closed","ping_status":"closed","template":"","meta":[],"pwb-brand":[3408],"product_cat":[3466,4224,4263],"product_tag":[],"class_list":{"0":"post-8487","1":"product","2":"type-product","3":"status-publish","4":"has-post-thumbnail","6":"pwb-brand-ajax-systems","7":"product_cat-alarm","8":"product_cat-alarmsystemen","9":"product_cat-ajax-baseline","10":"product_shipping_class-pakket","11":"pa_aanbieding-sale","12":"pa_kleur-zwart","13":"pa_merk-ajax-systems","14":"pa_product-complete-kit","16":"first","17":"onbackorder","18":"sale","19":"featured","20":"taxable","21":"shipping-taxable","22":"purchasable","23":"product-type-simple"},"brands":[{"id":3408,"name":"Ajax Systems","slug":"ajax-systems"}],"_links":{"self":[{"href":"https:\/\/staging.webstore4.com\/de\/wp-json\/wp\/v2\/product\/8487","targetHints":{"allow":["GET"]}}],"collection":[{"href":"https:\/\/staging.webstore4.com\/de\/wp-json\/wp\/v2\/product"}],"about":[{"href":"https:\/\/staging.webstore4.com\/de\/wp-json\/wp\/v2\/types\/product"}],"replies":[{"embeddable":true,"href":"https:\/\/staging.webstore4.com\/de\/wp-json\/wp\/v2\/comments?post=8487"}],"wp:featuredmedia":[{"embeddable":true,"href":"https:\/\/staging.webstore4.com\/de\/wp-json\/wp\/v2\/media\/8488"}],"wp:attachment":[{"href":"https:\/\/staging.webstore4.com\/de\/wp-json\/wp\/v2\/media?parent=8487"}],"wp:term":[{"taxonomy":"pwb-brand","embeddable":true,"href":"https:\/\/staging.webstore4.com\/de\/wp-json\/wp\/v2\/pwb-brand?post=8487"},{"taxonomy":"product_cat","embeddable":true,"href":"https:\/\/staging.webstore4.com\/de\/wp-json\/wp\/v2\/product_cat?post=8487"},{"taxonomy":"product_tag","embeddable":true,"href":"https:\/\/staging.webstore4.com\/de\/wp-json\/wp\/v2\/product_tag?post=8487"}],"curies":[{"name":"wp","href":"https:\/\/api.w.org\/{rel}","templated":true}]}}