{"id":8497,"date":"2019-02-11T03:03:32","date_gmt":"2019-02-11T01:03:32","guid":{"rendered":"https:\/\/webstore4.com\/\/?product=ajax-leaksprotect-wit"},"modified":"2024-12-11T14:55:23","modified_gmt":"2024-12-11T13:55:23","slug":"ajax-leaksprotect-wit","status":"publish","type":"product","link":"https:\/\/staging.webstore4.com\/de\/product\/ajax-leaksprotect-wit\/","title":{"rendered":"Ajax LeaksProtect Wei\u00df"},"content":{"rendered":"<p>De Ajax LeaksProtect Wit is onderdeel van het Ajax Baseline alarmsysteem. Ajax is een toonaangevend bedrijf op het gebied van beveiligingsoplossingen. Met geavanceerde technologie\u00ebn en innovatieve producten bieden ze betrouwbare en effectieve beveiligingsoplossingen voor zowel particuliere als zakelijke klanten.<br \/>\nAjax-Systeme sind einfach zu installieren und zu bedienen und geben den Benutzern ein Gef\u00fchl der Sicherheit. Ajax Security Systems ist bekannt f\u00fcr seine hochwertigen Sicherheitsprodukte, die die strengsten Standards und Anforderungen erf\u00fcllen.<\/p>\n<p>Die App erm\u00f6glicht es, Benachrichtigungen \u00fcber Alarme und Ereignisse zu erhalten, Live-Videostreams anzusehen (sofern Kameras integriert sind) und den Status aller Sicherheitsger\u00e4te zu \u00fcberpr\u00fcfen. Die App bietet detaillierte Veranstaltungsinformationen und l\u00e4sst sich einfach \u00fcber mehrere Ger\u00e4te und Benutzer hinweg verwalten.<\/p>\n<p><strong>M\u00f6glichkeiten<\/strong><\/p>\n<p>De Ajax LeaksProtect Wit is een zeer compacte waterdetector, welke los neergelegd of gezet kan worden op alle plaatsen. De draadloze Ajax LeaksProtect Wit is een los onderdeel van het Ajax alarmsysteem die water detecteert en daarmee overstromingen of lekkage voorkomt. Als een apparaat zoals een wasmachine gaat lekken, geeft de Ajax LeaksProtect Wit direct een signaal afgeeft aan de centrale Hub. De Ajax LeaksProtect Wit moet binnen een afstand van 1300 meter (open ruimte) van de centrale Hub gemonteerd worden.<br \/>\nWanneer er een anti-overstromingssysteem aanwezig is, is het mogelijk om het Ajax alarmsysteem een signaal te laten geven dat deze direct in werking moet treden bij activatie van de Ajax LeaksProtect Wit . Na verdwijning van de lekkage heft de Ajax LeaksProtect Wit geautomatiseerd de melding weer op.<\/p>\n<p>De Ajax LeaksProtect Wit kan zowel ge\u00efnstalleerd worden voor huizen als voor gebouwcomplexen. Via de applicatie van Ajax, waarin het volledige alarmsysteem beheerd wordt, kunnen er namen van ruimtes worden ingesteld waar de betreffende Ajax LeaksProtect Wit zich bevind.<br \/>\nDaardoor is het mogelijk om met de Ajax LeaksProtect Wit informatie te verstrekken waar er lekkage is binnen het betreffende gebouw. Zo kunnen loodgieters snel ge\u00efnformeerd worden over de locatie van de lekkage.<\/p>\n<p>Es besteht auch die M\u00f6glichkeit, den Ajax LeaksProtect Black innerhalb des Ajax-Systems mit dem Ajax WaterStop zu verbinden, sodass eine vollst\u00e4ndige Kontrolle der Wasserversorgung sogar aus der Ferne erfolgen kann. Die Automatisierung geht dann so weit, dass nach einer Meldung des Wassermelders automatisch eine Wasserabschaltung erfolgt. Eine Wasserabschaltung kann manuell beim Ein- oder Ausschalten des Systems oder \u00fcber einen festgelegten Zeitplan in der Anwendung eingestellt werden.<\/p>\n<p>De Ajax LeaksProtect Wit heeft twee voor ge\u00efnstalleerde batterijen met een maximale levensduur van vijf jaar, daarnaast heeft de LeaksProtect Wit een beveiliging tegen fraude, manipulatie en jamming. Jamming betekend het verstoren van radiosignalen. De Ajax LeaksProtect Wit heeft een IP65 behuizing, waardoor deze goed beschermd is tegen vocht.<br \/>\nDit zorgt er voor dat het apparaat continu inzetbaar is. Bij verplaatsing van de sensor verschijnt er een waarschuwing in de applicatie.<\/p>\n<p>F\u00fcr weitere Spezifikationen empfehlen wir Ihnen, das Datenblatt zu konsultieren, das unter der Registerkarte \u201eDokumentation\u201c enthalten ist.<\/p>\n<p><strong>Wichtigste Funktionen<\/strong><\/p>\n<ul>\n<li>Funktioniert mit allen Ajax Hub-Zentraleinheiten und Signalverst\u00e4rkern<\/li>\n<li>Steuerung \u00fcber Ajax-Anwendung<\/li>\n<li>2-Wege-Kommunikation<\/li>\n<li>IP-65-Geh\u00e4use<\/li>\n<li>Funktioniert rund um die Uhr<\/li>\n<li>Inklusive Batterie, Batterie ist von der Garantie ausgeschlossen<\/li>\n<li>Kann in einem Umkreis von bis zu 1300 Metern (Freifl\u00e4che) mit dem Ajax Hub verbunden werden.<\/li>\n<li>Wei\u00df<\/li>\n<\/ul>\n<p><a href=\"https:\/\/www.webstore4ipcameras.nl\/Copyright\" target=\"_blank\" rel=\"noopener\"><span style=\"color: #ff6e03; font-size: 11px;\">\u00a9 Der Text ist urheberrechtlich gesch\u00fctzt<\/span><\/a><\/p>\n<div style=\"width: 960px;\" class=\"wp-video\"><!--[if lt IE 9]><script>document.createElement('video');<\/script><![endif]-->\n<video class=\"wp-video-shortcode\" id=\"video-8497-1\" width=\"960\" height=\"826\" preload=\"metadata\" controls=\"controls\"><source type=\"video\/mp4\" src=\"https:\/\/staging.webstore4.com\/wp-content\/uploads\/2019\/02\/Ajax-LeaksProtect-WebStore4-1.mp4?_=1\" \/><a href=\"https:\/\/staging.webstore4.com\/wp-content\/uploads\/2019\/02\/Ajax-LeaksProtect-WebStore4-1.mp4\">https:\/\/staging.webstore4.com\/wp-content\/uploads\/2019\/02\/Ajax-LeaksProtect-WebStore4-1.mp4<\/a><\/video><\/div>","protected":false},"excerpt":{"rendered":"<p>De Ajax LeaksProtect Wit is onderdeel van het Ajax Baseline alarmsysteem. Ajax is een toonaangevend bedrijf op het gebied van beveiligingsoplossingen. Met geavanceerde technologie\u00ebn en innovatieve producten bieden ze betrouwbare en effectieve beveiligingsoplossingen voor zowel particuliere als zakelijke klanten. Ajax systemen zijn eenvoudig te installeren en te bedienen, waardoor gebruikers een veilig gevoel hebben. Ajax<\/p>\n<div class=\"klb-readmore button\"><a class=\"btn link\" href=\"https:\/\/staging.webstore4.com\/de\/product\/ajax-leaksprotect-wit\/\">Mehr lesen <i class=\"klbth-icon-right-arrow\"><\/i><\/a><\/div>","protected":false},"featured_media":8498,"comment_status":"closed","ping_status":"closed","template":"","meta":[],"pwb-brand":[3408],"product_cat":[3466,4224,4263],"product_tag":[],"class_list":{"0":"post-8497","1":"product","2":"type-product","3":"status-publish","4":"has-post-thumbnail","6":"pwb-brand-ajax-systems","7":"product_cat-alarm","8":"product_cat-alarmsystemen","9":"product_cat-ajax-baseline","10":"product_shipping_class-brievenbuspakket","11":"pa_kleur-wit","12":"pa_merk-ajax-systems","13":"pa_product-waterdetectie","15":"first","16":"instock","17":"taxable","18":"shipping-taxable","19":"purchasable","20":"product-type-simple"},"brands":[{"id":3408,"name":"Ajax Systems","slug":"ajax-systems"}],"_links":{"self":[{"href":"https:\/\/staging.webstore4.com\/de\/wp-json\/wp\/v2\/product\/8497","targetHints":{"allow":["GET"]}}],"collection":[{"href":"https:\/\/staging.webstore4.com\/de\/wp-json\/wp\/v2\/product"}],"about":[{"href":"https:\/\/staging.webstore4.com\/de\/wp-json\/wp\/v2\/types\/product"}],"replies":[{"embeddable":true,"href":"https:\/\/staging.webstore4.com\/de\/wp-json\/wp\/v2\/comments?post=8497"}],"wp:featuredmedia":[{"embeddable":true,"href":"https:\/\/staging.webstore4.com\/de\/wp-json\/wp\/v2\/media\/8498"}],"wp:attachment":[{"href":"https:\/\/staging.webstore4.com\/de\/wp-json\/wp\/v2\/media?parent=8497"}],"wp:term":[{"taxonomy":"pwb-brand","embeddable":true,"href":"https:\/\/staging.webstore4.com\/de\/wp-json\/wp\/v2\/pwb-brand?post=8497"},{"taxonomy":"product_cat","embeddable":true,"href":"https:\/\/staging.webstore4.com\/de\/wp-json\/wp\/v2\/product_cat?post=8497"},{"taxonomy":"product_tag","embeddable":true,"href":"https:\/\/staging.webstore4.com\/de\/wp-json\/wp\/v2\/product_tag?post=8497"}],"curies":[{"name":"wp","href":"https:\/\/api.w.org\/{rel}","templated":true}]}}