{"id":8515,"date":"2019-02-11T03:22:15","date_gmt":"2019-02-11T01:22:15","guid":{"rendered":"https:\/\/webstore4.com\/\/?product=ajax-wallswitch"},"modified":"2024-04-19T15:07:04","modified_gmt":"2024-04-19T14:07:04","slug":"ajax-wallswitch","status":"publish","type":"product","link":"https:\/\/staging.webstore4.com\/de\/product\/ajax-wallswitch\/","title":{"rendered":"Ajax WallSwitch"},"content":{"rendered":"<p>De Ajax WallSwitch is onderdeel van het Ajax Baseline alarmsysteem. Ajax is een toonaangevend bedrijf op het gebied van beveiligingsoplossingen. Met geavanceerde technologie\u00ebn en innovatieve producten bieden ze betrouwbare en effectieve beveiligingsoplossingen voor zowel particuliere als zakelijke klanten. Ajax systemen zijn eenvoudig te installeren en te bedienen, waardoor gebruikers een veilig gevoel hebben. Ajax Security Systems staat bekend om zijn hoogwaardige beveiligingsproducten die voldoen aan de strengste normen en eisen.<\/p>\n<p>Die App erm\u00f6glicht es, Benachrichtigungen \u00fcber Alarme und Ereignisse zu erhalten, Live-Videostreams anzusehen (sofern Kameras integriert sind) und den Status aller Sicherheitsger\u00e4te zu \u00fcberpr\u00fcfen. Die App bietet detaillierte Veranstaltungsinformationen und l\u00e4sst sich einfach \u00fcber mehrere Ger\u00e4te und Benutzer hinweg verwalten.<\/p>\n<p><strong>M\u00f6glichkeiten<\/strong><\/p>\n<p>De Ajax WallSwitch is een zeer compacte voedingsrelais. Hiermee is het mogelijk om op afstand voeding te regelen binnen het Ajax alarmsysteem. De Ajax WallSwitch is een universele tool om op afstand de 110\/230V voeding te beheren. De Ajax WallSwitch moet binnen een afstand van 1000 meter (open ruimte) van de centrale Hub gemonteerd worden.<\/p>\n<p>De Ajax WallSwitch kan worden ingesteld als puls en als bitstabiel, hierdoor is het mogelijk om een vrij contact te beheren. Denk hierbij een het openen van toegang op afstand. Door de Ajax WallSwitch te verbinden met de centrale Hub is het beheren van de gemaakte externe verbinding te beheren via de applicatie. Ook het verbruik is direct inzichtelijk. Het is mogelijk om een controleerbare respons in te stellen van twaalf tot en met 300 seconden.<\/p>\n<p>De Ajax WallSwitch moet gevoed worden met een 110-240V voeding (niet inbegrepen). Voor het monteren van de Ajax WallSwitch kan gebruikt worden gemaakt van de Ajax DIN Holder, welke terug te vinden is onder &#8216;Opties&#8217;.<\/p>\n<p>F\u00fcr weitere Spezifikationen empfehlen wir Ihnen, das Datenblatt zu konsultieren, das unter der Registerkarte \u201eDokumentation\u201c enthalten ist.<\/p>\n<p><strong>Wichtigste Funktionen<\/strong><\/p>\n<ul>\n<li>Funktioniert mit allen Ajax Hub-Zentraleinheiten und Signalverst\u00e4rkern<\/li>\n<li>Erm\u00f6glicht den Anschluss externer Ger\u00e4te an das Ajax-Alarmsystem<\/li>\n<li>Steuerung \u00fcber Ajax-Anwendung<\/li>\n<li>Kontrollierbare Reglerreaktion m\u00f6glich und einstellbar zwischen 12 \u2013 300 Sekunden<\/li>\n<li>Voeding 110-240V<\/li>\n<li>Weerstandsbelasting bij 230 V \u2014 tot 3 kW<\/li>\n<li>Weerstandsbelasting bij 110 V \u2014 tot 1,5 kW<\/li>\n<li>Status des NO\/NC-Kontakts<\/li>\n<li>Kann in einem Umkreis von bis zu 1000 Metern (Freifl\u00e4che) mit dem Ajax Hub verbunden werden.<\/li>\n<\/ul>\n<p><a href=\"https:\/\/www.webstore4ipcameras.nl\/Copyright\" target=\"_blank\" rel=\"noopener\"><span style=\"color: #ff6e03; font-size: 11px;\">\u00a9 Der Text ist urheberrechtlich gesch\u00fctzt<\/span><\/a><\/p>","protected":false},"excerpt":{"rendered":"<p>De Ajax WallSwitch is onderdeel van het Ajax Baseline alarmsysteem. Ajax is een toonaangevend bedrijf op het gebied van beveiligingsoplossingen. Met geavanceerde technologie\u00ebn en innovatieve producten bieden ze betrouwbare en effectieve beveiligingsoplossingen voor zowel particuliere als zakelijke klanten. Ajax systemen zijn eenvoudig te installeren en te bedienen, waardoor gebruikers een veilig gevoel hebben. Ajax Security<\/p>\n<div class=\"klb-readmore button\"><a class=\"btn link\" href=\"https:\/\/staging.webstore4.com\/de\/product\/ajax-wallswitch\/\">Mehr lesen <i class=\"klbth-icon-right-arrow\"><\/i><\/a><\/div>","protected":false},"featured_media":8516,"comment_status":"closed","ping_status":"closed","template":"","meta":[],"pwb-brand":[3408],"product_cat":[3466,4224,4263],"product_tag":[],"class_list":{"0":"post-8515","1":"product","2":"type-product","3":"status-publish","4":"has-post-thumbnail","6":"pwb-brand-ajax-systems","7":"product_cat-alarm","8":"product_cat-alarmsystemen","9":"product_cat-ajax-baseline","10":"product_shipping_class-pakket","11":"pa_merk-ajax-systems","12":"pa_product-accessoires","13":"pa_product-signaalversterker","15":"first","16":"onbackorder","17":"taxable","18":"shipping-taxable","19":"purchasable","20":"product-type-simple"},"brands":[{"id":3408,"name":"Ajax Systems","slug":"ajax-systems"}],"_links":{"self":[{"href":"https:\/\/staging.webstore4.com\/de\/wp-json\/wp\/v2\/product\/8515","targetHints":{"allow":["GET"]}}],"collection":[{"href":"https:\/\/staging.webstore4.com\/de\/wp-json\/wp\/v2\/product"}],"about":[{"href":"https:\/\/staging.webstore4.com\/de\/wp-json\/wp\/v2\/types\/product"}],"replies":[{"embeddable":true,"href":"https:\/\/staging.webstore4.com\/de\/wp-json\/wp\/v2\/comments?post=8515"}],"wp:featuredmedia":[{"embeddable":true,"href":"https:\/\/staging.webstore4.com\/de\/wp-json\/wp\/v2\/media\/8516"}],"wp:attachment":[{"href":"https:\/\/staging.webstore4.com\/de\/wp-json\/wp\/v2\/media?parent=8515"}],"wp:term":[{"taxonomy":"pwb-brand","embeddable":true,"href":"https:\/\/staging.webstore4.com\/de\/wp-json\/wp\/v2\/pwb-brand?post=8515"},{"taxonomy":"product_cat","embeddable":true,"href":"https:\/\/staging.webstore4.com\/de\/wp-json\/wp\/v2\/product_cat?post=8515"},{"taxonomy":"product_tag","embeddable":true,"href":"https:\/\/staging.webstore4.com\/de\/wp-json\/wp\/v2\/product_tag?post=8515"}],"curies":[{"name":"wp","href":"https:\/\/api.w.org\/{rel}","templated":true}]}}