{"id":8517,"date":"2019-02-11T03:25:48","date_gmt":"2019-02-11T01:25:48","guid":{"rendered":"https:\/\/webstore4.com\/\/?product=ajax-transmitter"},"modified":"2024-04-19T15:07:05","modified_gmt":"2024-04-19T14:07:05","slug":"ajax-transmitter","status":"publish","type":"product","link":"https:\/\/staging.webstore4.com\/de\/product\/ajax-transmitter\/","title":{"rendered":"Ajax-Sender"},"content":{"rendered":"<p>Ajax ist ein f\u00fchrendes Unternehmen im Bereich Sicherheitsl\u00f6sungen. Mit fortschrittlichen Technologien und innovativen Produkten bieten sie zuverl\u00e4ssige und effektive Sicherheitsl\u00f6sungen f\u00fcr Privat- und Gesch\u00e4ftskunden. Ajax-Systeme sind einfach zu installieren und zu bedienen und geben den Benutzern ein Gef\u00fchl der Sicherheit. Ajax Security Systems ist bekannt f\u00fcr seine hochwertigen Sicherheitsprodukte, die die strengsten Standards und Anforderungen erf\u00fcllen.<\/p>\n<p>Die App erm\u00f6glicht es, Benachrichtigungen \u00fcber Alarme und Ereignisse zu erhalten, Live-Videostreams anzusehen (sofern Kameras integriert sind) und den Status aller Sicherheitsger\u00e4te zu \u00fcberpr\u00fcfen. Die App bietet detaillierte Veranstaltungsinformationen und l\u00e4sst sich einfach \u00fcber mehrere Ger\u00e4te und Benutzer hinweg verwalten.<\/p>\n<p><strong>M\u00f6glichkeiten<\/strong><\/p>\n<p>De Ajax Transmitter is een module om bekabelde detectoren of apparaten te verbinden met het Ajax alarmsysteem. Deze apparaten kan je door de Ajax Transmitter volledig inzetten binnen de beveiligingsgroep. Dit betreffen apparaten en detectoren met een NC\/NO contact type zoals bewegingssensoren voor buiten. Bewegingssensors die geschikt zijn om buiten te gebruiken met NC\/NO contact type zijn terug te vinden onder &#8216;Opties&#8217;.<\/p>\n<p>De Ajax Transmitter werkt samen met de centrale Hub binnen een open ruimte van 1600 meter.\u00a0De Ajax Transmitter ontvangt via de bekabelde verbinding informatie vanaf de externe apparaten of detectors. Deze signalen verbind de transmitter direct door naar de Ajax Hub, waardoor de gebruikers van het Ajax systeem direct worden ge\u00efnformeerd. Het doorgeven aan de Hub gebeurd via het Jeweller-radioprotocol.<br \/>\nDe Ajax Transmitter ondersteund acht gebeurtenissen voor de aangesloten apparaten: inbraak, brand, extra alarm, paniekknop, gasalarm, storing, lekken en aangepaste gebeurtenissen. De soort gebeurtenis bepaald ook de actie die daar op volgt.<\/p>\n<p>De Ajax Transmitter wordt geleverd met drie batterijen met een verwachtte levensduur van maximaal vijf jaar.<\/p>\n<p>F\u00fcr weitere Spezifikationen empfehlen wir Ihnen, das Datenblatt zu konsultieren, das unter der Registerkarte \u201eDokumentation\u201c enthalten ist.<\/p>\n<p><strong>Wichtigste Funktionen<\/strong><\/p>\n<ul>\n<li>Functioneert enkel met apparaten met een NC\/NO contact<\/li>\n<li>Steuerung \u00fcber Ajax-Anwendung<\/li>\n<li>Functioneert met alle verschillende Hubs en signaalversterkers<\/li>\n<li>Mogelijkheden voor het instellen van 8 scenario&#8217;s<\/li>\n<li>2-Wege-Kommunikation<\/li>\n<li>Batterien im Lieferumfang enthalten, Batterien sind von der Garantie ausgeschlossen<\/li>\n<li>Met de Ajax Hub te verbinden binnen een straal van maximaal 1600 meter (open ruimte).<\/li>\n<li>Ohne Wohnraum<\/li>\n<\/ul>\n<p><a href=\"https:\/\/www.webstore4ipcameras.nl\/Copyright\" target=\"_blank\" rel=\"noopener\"><span style=\"color: #ff6e03; font-size: 11px;\">\u00a9 Der Text ist urheberrechtlich gesch\u00fctzt<\/span><\/a><\/p>\n<p>&nbsp;<\/p>\n<p>&nbsp;<\/p>","protected":false},"excerpt":{"rendered":"<p>Ajax is een toonaangevend bedrijf op het gebied van beveiligingsoplossingen. Met geavanceerde technologie\u00ebn en innovatieve producten bieden ze betrouwbare en effectieve beveiligingsoplossingen voor zowel particuliere als zakelijke klanten. Ajax systemen zijn eenvoudig te installeren en te bedienen, waardoor gebruikers een veilig gevoel hebben. Ajax Security Systems staat bekend om zijn hoogwaardige beveiligingsproducten die voldoen aan<\/p>\n<div class=\"klb-readmore button\"><a class=\"btn link\" href=\"https:\/\/staging.webstore4.com\/de\/product\/ajax-transmitter\/\">Mehr lesen <i class=\"klbth-icon-right-arrow\"><\/i><\/a><\/div>","protected":false},"featured_media":8518,"comment_status":"closed","ping_status":"closed","template":"","meta":[],"pwb-brand":[3408],"product_cat":[3466,4224,4263],"product_tag":[],"class_list":{"0":"post-8517","1":"product","2":"type-product","3":"status-publish","4":"has-post-thumbnail","6":"pwb-brand-ajax-systems","7":"product_cat-alarm","8":"product_cat-alarmsystemen","9":"product_cat-ajax-baseline","10":"product_shipping_class-pakket","11":"pa_merk-ajax-systems","12":"pa_product-accessoires","14":"first","15":"onbackorder","16":"taxable","17":"shipping-taxable","18":"purchasable","19":"product-type-simple"},"brands":[{"id":3408,"name":"Ajax Systems","slug":"ajax-systems"}],"_links":{"self":[{"href":"https:\/\/staging.webstore4.com\/de\/wp-json\/wp\/v2\/product\/8517","targetHints":{"allow":["GET"]}}],"collection":[{"href":"https:\/\/staging.webstore4.com\/de\/wp-json\/wp\/v2\/product"}],"about":[{"href":"https:\/\/staging.webstore4.com\/de\/wp-json\/wp\/v2\/types\/product"}],"replies":[{"embeddable":true,"href":"https:\/\/staging.webstore4.com\/de\/wp-json\/wp\/v2\/comments?post=8517"}],"wp:featuredmedia":[{"embeddable":true,"href":"https:\/\/staging.webstore4.com\/de\/wp-json\/wp\/v2\/media\/8518"}],"wp:attachment":[{"href":"https:\/\/staging.webstore4.com\/de\/wp-json\/wp\/v2\/media?parent=8517"}],"wp:term":[{"taxonomy":"pwb-brand","embeddable":true,"href":"https:\/\/staging.webstore4.com\/de\/wp-json\/wp\/v2\/pwb-brand?post=8517"},{"taxonomy":"product_cat","embeddable":true,"href":"https:\/\/staging.webstore4.com\/de\/wp-json\/wp\/v2\/product_cat?post=8517"},{"taxonomy":"product_tag","embeddable":true,"href":"https:\/\/staging.webstore4.com\/de\/wp-json\/wp\/v2\/product_tag?post=8517"}],"curies":[{"name":"wp","href":"https:\/\/api.w.org\/{rel}","templated":true}]}}