{"id":8566,"date":"2019-05-12T16:20:03","date_gmt":"2019-05-12T14:20:03","guid":{"rendered":"https:\/\/webstore4.com\/\/?product=dahua-asr2201d-bd-smal-bluetooth-codepaneel-keypad-en-rfid-kaartlezer-voor-buiten-met-smartphone-app"},"modified":"2025-03-09T15:04:10","modified_gmt":"2025-03-09T14:04:10","slug":"dahua-asr2201d-bd-smal-bluetooth-codepaneel-keypad-en-rfid-kaartlezer-voor-buiten-met-smartphone-app","status":"publish","type":"product","link":"https:\/\/staging.webstore4.com\/de\/product\/dahua-asr2201d-bd-smal-bluetooth-codepaneel-keypad-en-rfid-kaartlezer-voor-buiten-met-smartphone-app\/","title":{"rendered":"Dahua ASR2201D-BD schmales Bluetooth-Codepanel\/Tastatur und RFID-Kartenleser f\u00fcr den Au\u00dfenbereich mit Smartphone-App"},"content":{"rendered":"<p>Das Dahua ASR2201D-BD ist ein schmales Bluetooth-Codepanel\/Tastatur und RFID-Kartenleser f\u00fcr den Au\u00dfenbereich und kann auch mit einer kostenlosen Smartphone-App bedient werden. Die Zugangskontrolle erfolgt mittels PIN-Code und\/oder RFID-Proximity-Karte oder -Tag oder per Smartphone mit Bluetooth. Der Dahua ASR2201D-BD ist ideal f\u00fcr den Einsatz in Wohnungen, Mehrfamilienh\u00e4usern, Gesch\u00e4ftsr\u00e4umen und B\u00fcros.<\/p>\n<p><strong>M\u00f6glichkeiten<\/strong><\/p>\n<p>Der Dahua ASR2201D-BD kommuniziert \u00fcber das RS485-Protokoll und Wiegand 34. Es ist ein separater Controller erforderlich. Der Dahua ASR2201D-BD kann \u00fcber einen Zutrittscontroller der Dahua- oder X-Security ASC-Serie \u00fcber die kostenlose Dahua-Software SmartPSS auf einem Windows-PC verwaltet werden.<\/p>\n<p><strong>Bluetooth<\/strong><\/p>\n<p>Dank der Bluetooth-Integration kann dieses Leseger\u00e4t aus einer Entfernung von maximal 10 Metern mit einem Mobiltelefon kommunizieren. Eine T\u00fcr oder ein Tor kann durch Bet\u00e4tigen der Entriegelungstaste auf dem Smartphone oder durch Sch\u00fctteln des Telefons entriegelt werden. In der Easy4key-App von Dahua kann der in der SmartPSS-Verwaltungssoftware generierte QR-Code gescannt und das Smartphone zu den Zugangsinformationen hinzugef\u00fcgt werden. Nach diesem Schritt ist das Smartphone zum Zutrittspass geworden.<\/p>\n<p>Der Dahua ASR2201D-BD nutzt das Open Supervised Device Protocol (OSDP). Hierbei handelt es sich um einen Kommunikationsstandard f\u00fcr die Zugangskontrolle, der von der Security Industry Association (SIA) entwickelt wurde, um die Interoperabilit\u00e4t zwischen Zugangskontroll- und Sicherheitsprodukten zu verbessern.<\/p>\n<p><strong>Easy4key-App<\/strong><\/p>\n<p>Die Easy4key-App f\u00fcr iOS und Android ist eine Bluetooth-basierte App f\u00fcr intelligente Dahua-Schl\u00f6sser, mit der Sie T\u00fcren entriegeln und Benutzer per Mobiltelefon verwalten k\u00f6nnen. Sie k\u00f6nnen Schl\u00f6sser \u00fcber Bluetooth verbinden und die T\u00fcr innerhalb von 10 Metern aufschlie\u00dfen, indem Sie Ihr Mobiltelefon als Schl\u00fcssel verwenden. Sie k\u00f6nnen Benutzerinformationen, einschlie\u00dflich Name und Passwort, bearbeiten. Sie k\u00f6nnen den Entsperrverlauf anzeigen und eine tempor\u00e4re PIN f\u00fcr den Zugriff mit Ihrem Gast teilen.<\/p>\n<p><strong>Installation<\/strong><\/p>\n<p>Der Dahua ASR2201D-BD l\u00e4sst sich einfach selbst installieren. Der Dahua ASR2201D-BD kann \u00fcber den nicht im Lieferumfang enthaltenen Controller der Dahua- oder X-Security ASC-Serie mit Strom versorgt werden. Unter der Registerkarte \u201eDokumentation\u201c gibt es einen Link zur Website und zum Datenblatt des Herstellers f\u00fcr weitere Informationen.<\/p>\n<p><strong>Wichtigste Funktionen<\/strong><\/p>\n<ul>\n<li>Schmaler Kartenleser mit Tastatur f\u00fcr den Au\u00dfenbereich (IP65)<\/li>\n<li>T\u00fcr mit App \u00fcber Bluetooth \u00f6ffnen<\/li>\n<li>RS-485-Protokoll<\/li>\n<li>Wiegand 34<\/li>\n<li>125-kHz-Karten und Tags (RFID)<\/li>\n<li>Touch-Tastatur mit Hintergrundbeleuchtung<\/li>\n<li>Oberfl\u00e4chen-Montage<\/li>\n<\/ul>\n<p><a href=\"https:\/\/staging.webstore4.com\/Copyright\/\" target=\"_blank\" rel=\"noopener\"><span style=\"color: #ff6e03; font-size: 11px;\">\u00a9 Der Text ist urheberrechtlich gesch\u00fctzt<\/span><\/a><\/p>","protected":false},"excerpt":{"rendered":"<p>De Dahua ASR2201D-BD is een smal Bluetooth codepaneel\/keypad en RFID kaartlezer voor buiten en kan ook worden bediend met een gratis smartphone app.\u00a0De toegangscontrole vindt dus plaats door middel van een PIN code en\/of RFID proximity kaart of tag of door een smartphone met Bluetooth, De Dahua ASR2201D-BD is ideaal voor gebruik in woningen, appartementsgebouwen,<\/p>\n<div class=\"klb-readmore button\"><a class=\"btn link\" href=\"https:\/\/staging.webstore4.com\/de\/product\/dahua-asr2201d-bd-smal-bluetooth-codepaneel-keypad-en-rfid-kaartlezer-voor-buiten-met-smartphone-app\/\">Mehr lesen <i class=\"klbth-icon-right-arrow\"><\/i><\/a><\/div>","protected":false},"featured_media":8567,"comment_status":"open","ping_status":"closed","template":"","meta":[],"pwb-brand":[3376],"product_cat":[4191,4193],"product_tag":[],"class_list":{"0":"post-8566","1":"product","2":"type-product","3":"status-publish","4":"has-post-thumbnail","6":"pwb-brand-dahua","7":"product_cat-access","8":"product_cat-toegangscontrole-access","9":"product_shipping_class-pakket","10":"pa_aanbieding-opop","11":"pa_frequentie-tags-en-readers-rfid-125-khz","12":"pa_garantie-3-jaar","13":"pa_materiaal-kunststof","14":"pa_merk-dahua","15":"pa_omgeving-binnen-en-buiten","16":"pa_product-codepaneel","17":"pa_product-reader","18":"pa_stand-alone-nee","19":"pa_toegang-met-app","20":"pa_toegang-met-kaartlezer","21":"pa_toegang-met-keypad","22":"pa_voeding-12vdc","24":"first","25":"instock","26":"sale","27":"taxable","28":"shipping-taxable","29":"purchasable","30":"product-type-simple"},"brands":[{"id":3376,"name":"Dahua","slug":"dahua"}],"_links":{"self":[{"href":"https:\/\/staging.webstore4.com\/de\/wp-json\/wp\/v2\/product\/8566","targetHints":{"allow":["GET"]}}],"collection":[{"href":"https:\/\/staging.webstore4.com\/de\/wp-json\/wp\/v2\/product"}],"about":[{"href":"https:\/\/staging.webstore4.com\/de\/wp-json\/wp\/v2\/types\/product"}],"replies":[{"embeddable":true,"href":"https:\/\/staging.webstore4.com\/de\/wp-json\/wp\/v2\/comments?post=8566"}],"wp:featuredmedia":[{"embeddable":true,"href":"https:\/\/staging.webstore4.com\/de\/wp-json\/wp\/v2\/media\/8567"}],"wp:attachment":[{"href":"https:\/\/staging.webstore4.com\/de\/wp-json\/wp\/v2\/media?parent=8566"}],"wp:term":[{"taxonomy":"pwb-brand","embeddable":true,"href":"https:\/\/staging.webstore4.com\/de\/wp-json\/wp\/v2\/pwb-brand?post=8566"},{"taxonomy":"product_cat","embeddable":true,"href":"https:\/\/staging.webstore4.com\/de\/wp-json\/wp\/v2\/product_cat?post=8566"},{"taxonomy":"product_tag","embeddable":true,"href":"https:\/\/staging.webstore4.com\/de\/wp-json\/wp\/v2\/product_tag?post=8566"}],"curies":[{"name":"wp","href":"https:\/\/api.w.org\/{rel}","templated":true}]}}