{"id":8607,"date":"2019-05-28T02:08:42","date_gmt":"2019-05-28T00:08:42","guid":{"rendered":"https:\/\/webstore4.com\/\/?product=hikvision-ds-kd-acf2-ip-video-intercom-buiten-station-tweevoudige-inbouw-behuizing"},"modified":"2025-02-19T05:22:01","modified_gmt":"2025-02-19T04:22:01","slug":"hikvision-ds-kd-acf2-ip-video-intercom-buiten-station-tweevoudige-inbouw-behuizing","status":"publish","type":"product","link":"https:\/\/staging.webstore4.com\/de\/product\/hikvision-ds-kd-acf2-ip-video-intercom-buiten-station-tweevoudige-inbouw-behuizing\/","title":{"rendered":"Hikvision DS-KD-ACF2 IP-Video-Gegensprechanlage Au\u00dfenstation mit zwei Unterputzgeh\u00e4usen"},"content":{"rendered":"<div class=\"video-frame-box\" style=\"width: 100%; max-width: 480px; max-height: 270px; float: right; padding: 0px 10px 10px 10px;\">\n<div class=\"video-frame\"><iframe src=\"\/\/www.youtube.com\/embed\/TW-K5pFtcVg?rel=0&amp;modestbranding=1&amp;showinfo=0&amp;autohide=1\" width=\"480\" height=\"270\" frameborder=\"0\"><\/iframe><\/div>\n<\/div>\n<p>Das Hikvision DS-KD-ACF2-B ist ein schwarzes, komplett doppeltes Unterputzgeh\u00e4use f\u00fcr den Einsatz im modularen Hikvision IP-Gegensprechsystem der zweiten Generation. Das Einbaugeh\u00e4use besteht aus Kunststoff und die Frontplatte aus Aluminium. Das Datenblatt haben wir unter dem Reiter \u201eDokumentation\u201c eingebunden.<\/p>\n<p><strong>Haupteigenschaften<\/strong><\/p>\n<ul>\n<li>Doppeltes Unterputzgeh\u00e4use<\/li>\n<li>Flexibles Baukastensystem<\/li>\n<li>Frontplatte aus Luftfahrtaluminium<\/li>\n<\/ul>\n<p><a href=\"https:\/\/staging.webstore4.com\/Copyright\/\" target=\"_blank\" rel=\"noopener\"><span style=\"color: #ff6e03; font-size: 11px;\">\u00a9 Der Text ist urheberrechtlich gesch\u00fctzt<\/span><\/a><\/p>","protected":false},"excerpt":{"rendered":"<p>De Hikvision DS-KD-ACF2 is een complete dubbele inbouw behuizing voor gebruik in het modulaire Hikvision second generation IP intercom systeem. De inbouwbehuizing is van kunststof en het voorpaneel van aluminium. Onder het tabblad &#8216;Documentatie&#8217; hebben wij de datasheet opgenomen. Belangrijkste eigenschappen Tweevoudige inbouwbehuizing Flexibel modulair systeem Aviation Aluminium voorpaneel \u00a9 Tekst is auteursrechtelijk beschermd<\/p>","protected":false},"featured_media":8608,"comment_status":"open","ping_status":"closed","template":"","meta":[],"pwb-brand":[3367],"product_cat":[4178,4182,4227,4228],"product_tag":[1706],"class_list":{"0":"post-8607","1":"product","2":"type-product","3":"status-publish","4":"has-post-thumbnail","6":"pwb-brand-hikvision","7":"product_cat-intercom","8":"product_cat-hikvision-ip-video","9":"product_cat-series-intercom","10":"product_cat-hikvision-2nd-generation","11":"product_tag-ds-kd-acf2","12":"product_shipping_class-pakket","13":"pa_behuizing-2-modules","14":"pa_kleur-aluminium","15":"pa_materiaal-aluminium","16":"pa_materiaal-kunststof","17":"pa_merk-hikvision","18":"pa_modulair-ja","19":"pa_montage-inbouw","20":"pa_omgeving-binnen-en-buiten","21":"pa_product-modulair","22":"pa_product-status-a","23":"pa_vandaalbestendig-nee","25":"first","26":"onbackorder","27":"taxable","28":"shipping-taxable","29":"purchasable","30":"product-type-simple"},"brands":[{"id":3367,"name":"Hikvision","slug":"hikvision"}],"_links":{"self":[{"href":"https:\/\/staging.webstore4.com\/de\/wp-json\/wp\/v2\/product\/8607","targetHints":{"allow":["GET"]}}],"collection":[{"href":"https:\/\/staging.webstore4.com\/de\/wp-json\/wp\/v2\/product"}],"about":[{"href":"https:\/\/staging.webstore4.com\/de\/wp-json\/wp\/v2\/types\/product"}],"replies":[{"embeddable":true,"href":"https:\/\/staging.webstore4.com\/de\/wp-json\/wp\/v2\/comments?post=8607"}],"wp:featuredmedia":[{"embeddable":true,"href":"https:\/\/staging.webstore4.com\/de\/wp-json\/wp\/v2\/media\/8608"}],"wp:attachment":[{"href":"https:\/\/staging.webstore4.com\/de\/wp-json\/wp\/v2\/media?parent=8607"}],"wp:term":[{"taxonomy":"pwb-brand","embeddable":true,"href":"https:\/\/staging.webstore4.com\/de\/wp-json\/wp\/v2\/pwb-brand?post=8607"},{"taxonomy":"product_cat","embeddable":true,"href":"https:\/\/staging.webstore4.com\/de\/wp-json\/wp\/v2\/product_cat?post=8607"},{"taxonomy":"product_tag","embeddable":true,"href":"https:\/\/staging.webstore4.com\/de\/wp-json\/wp\/v2\/product_tag?post=8607"}],"curies":[{"name":"wp","href":"https:\/\/api.w.org\/{rel}","templated":true}]}}