{"id":8686,"date":"2019-07-14T00:32:45","date_gmt":"2019-07-13T22:32:45","guid":{"rendered":"https:\/\/webstore4.com\/\/?product=wl4-poe-uni-poe-adapter-kit-voor-voeding-over-netwerkkabel"},"modified":"2024-04-19T15:07:53","modified_gmt":"2024-04-19T14:07:53","slug":"wl4-poe-uni-poe-adapter-kit","status":"publish","type":"product","link":"https:\/\/staging.webstore4.com\/de\/product\/wl4-poe-uni-poe-adapter-kit\/","title":{"rendered":"WL4 POE-UNI PoE-Adapter-Kit zur Stromversorgung \u00fcber Netzwerkkabel"},"content":{"rendered":"<p>Der WL4 POE-UNI ist ein PoE-Adapter-Kit zur Stromversorgung \u00fcber Netzwerkkabel.<\/p>\n<p>Der maximale Ein- und Ausgang betr\u00e4gt 48 VDC. Das Kit besteht aus zwei Adaptern mit RJ45-Steckern und einem DC-Stecker (m\u00e4nnlich und weiblich). Die Reichweite h\u00e4ngt vom Widerstand des Twisted-Pair-Netzwerkkabels, der Leistungsaufnahme des Ger\u00e4ts und einem akzeptablen Spannungsabfall zwischen Netzteil und Ger\u00e4t ab.<\/p>\n<p><strong>Wichtigste Funktionen<\/strong><\/p>\n<ul>\n<li>PoE-Adapter-Kit<\/li>\n<li>Der maximale Ein- und Ausgang betr\u00e4gt 48 VDC<\/li>\n<\/ul>\n<p><a href=\"https:\/\/staging.webstore4.com\/Copyright\/\" target=\"_blank\" rel=\"noopener\"><span style=\"color: #ff6e03; font-size: 11px;\">\u00a9 Der Text ist urheberrechtlich gesch\u00fctzt<\/span><\/a><\/p>","protected":false},"excerpt":{"rendered":"<p>De\u00a0WL4 POE-UNI is een PoE adapter kit voor voeding over netwerkkabel. De maximale ingang en uitgang is 48VDC. De kit bestaat uit twee adapters met RJ45 connectors en een DC (mannelijk en vrouwelijk) connector. Het bereik is afhankelijk van de weerstand van de twisted-pair netwerkkabel, het stroomverbruik van het apparaat en een acceptabele spanningsval tussen<\/p>\n<div class=\"klb-readmore button\"><a class=\"btn link\" href=\"https:\/\/staging.webstore4.com\/de\/product\/wl4-poe-uni-poe-adapter-kit\/\">Mehr lesen <i class=\"klbth-icon-right-arrow\"><\/i><\/a><\/div>","protected":false},"featured_media":15514,"comment_status":"open","ping_status":"closed","template":"","meta":[],"pwb-brand":[3380],"product_cat":[3440,4188],"product_tag":[],"class_list":{"0":"post-8686","1":"product","2":"type-product","3":"status-publish","4":"has-post-thumbnail","6":"pwb-brand-wl4","7":"product_cat-netwerk","8":"product_cat-poe","9":"product_shipping_class-pakket","10":"pa_merk-wl4","12":"first","13":"onbackorder","14":"taxable","15":"shipping-taxable","16":"purchasable","17":"product-type-simple"},"brands":[{"id":3380,"name":"WL4","slug":"wl4"}],"_links":{"self":[{"href":"https:\/\/staging.webstore4.com\/de\/wp-json\/wp\/v2\/product\/8686","targetHints":{"allow":["GET"]}}],"collection":[{"href":"https:\/\/staging.webstore4.com\/de\/wp-json\/wp\/v2\/product"}],"about":[{"href":"https:\/\/staging.webstore4.com\/de\/wp-json\/wp\/v2\/types\/product"}],"replies":[{"embeddable":true,"href":"https:\/\/staging.webstore4.com\/de\/wp-json\/wp\/v2\/comments?post=8686"}],"wp:featuredmedia":[{"embeddable":true,"href":"https:\/\/staging.webstore4.com\/de\/wp-json\/wp\/v2\/media\/15514"}],"wp:attachment":[{"href":"https:\/\/staging.webstore4.com\/de\/wp-json\/wp\/v2\/media?parent=8686"}],"wp:term":[{"taxonomy":"pwb-brand","embeddable":true,"href":"https:\/\/staging.webstore4.com\/de\/wp-json\/wp\/v2\/pwb-brand?post=8686"},{"taxonomy":"product_cat","embeddable":true,"href":"https:\/\/staging.webstore4.com\/de\/wp-json\/wp\/v2\/product_cat?post=8686"},{"taxonomy":"product_tag","embeddable":true,"href":"https:\/\/staging.webstore4.com\/de\/wp-json\/wp\/v2\/product_tag?post=8686"}],"curies":[{"name":"wp","href":"https:\/\/api.w.org\/{rel}","templated":true}]}}