{"id":8715,"date":"2019-08-03T17:16:33","date_gmt":"2019-08-03T15:16:33","guid":{"rendered":"https:\/\/webstore4.com\/\/?product=hikvision-hs-tf-l2i128g-128gb-microsd-geheugenkaart-voor-bewakingscameras"},"modified":"2024-11-22T22:30:32","modified_gmt":"2024-11-22T21:30:32","slug":"hikvision-hs-tf-l2i-128g-128gb-microsd-geheugenkaart","status":"publish","type":"product","link":"https:\/\/staging.webstore4.com\/de\/product\/hikvision-hs-tf-l2i-128g-128gb-microsd-geheugenkaart\/","title":{"rendered":"Hikvision HS-TF-L2I\/128G 128 GB microSD-Speicherkarte f\u00fcr \u00dcberwachungskameras"},"content":{"rendered":"<p>Die Hikvision HS-TF-L2I\/128G ist eine 128 GB gro\u00dfe microSD-Speicherkarte, die speziell f\u00fcr die Aufzeichnung von Bildern von \u00dcberwachungskameras rund um die Uhr entwickelt wurde.<\/p>\n<p>Hikvision bietet eine breite Palette an Sicherheitsmaterialien in den Kategorien \u00dcberwachungskameras und Alarmsysteme. Die 32 GB gro\u00dfe microSD-Speicherkarte kann f\u00fcr mehrere Kameras verwendet werden, ist aber auch universell in anderen Produkten wie Smartphones, Tablets, Laptops, Druckern und einigen Spielekonsolen einsetzbar.<\/p>\n<p><strong>Eigenschaften<\/strong><\/p>\n<ul>\n<li>128 gigabyte<\/li>\n<li>3000 read\/write cycles<\/li>\n<li>TLC technology<\/li>\n<\/ul>\n<p><a href=\"https:\/\/www.webstore4ipcameras.nl\/Copyright\" target=\"_blank\" rel=\"noopener\"><span style=\"color: #ff6e03; font-size: 11px;\">\u00a9 Der Text ist urheberrechtlich gesch\u00fctzt<\/span><\/a><\/p>","protected":false},"excerpt":{"rendered":"<p>De Hikvision HS-TF-L2I\/128G is een 128GB\u00a0microSD geheugenkaart speciaal ontworpen voor het 24\/7 opnemen van beelden van bewakingscamera&#8217;s. Hikvision biedt een breed programma aan beveiligingsmaterialen in de categorie\u00ebn beveiligingscamera&#8217;s en alarmsystemen. De 256 GB microSD geheugenkaart kan voor meerdere camera&#8217;s gebruikt worden, maar is ook universeel toepasbaar in andere producten zoals smartphones, tablets, laptops, printers en<\/p>\n<div class=\"klb-readmore button\"><a class=\"btn link\" href=\"https:\/\/staging.webstore4.com\/de\/product\/hikvision-hs-tf-l2i-128g-128gb-microsd-geheugenkaart\/\">Mehr lesen <i class=\"klbth-icon-right-arrow\"><\/i><\/a><\/div>","protected":false},"featured_media":13233,"comment_status":"open","ping_status":"closed","template":"","meta":[],"pwb-brand":[3367],"product_cat":[3441,4210],"product_tag":[],"class_list":{"0":"post-8715","1":"product","2":"type-product","3":"status-publish","4":"has-post-thumbnail","6":"pwb-brand-hikvision","7":"product_cat-benodigdheden","8":"product_cat-recorders-opslagmedia-benodigdheden","9":"product_shipping_class-brievenbuspakket","10":"pa_capaciteit-128gb","11":"pa_klasse-class-10-u1","12":"pa_merk-hikvision","13":"pa_product-sd-kaart","14":"pa_product-status-d","15":"pa_type-microsdhc","17":"first","18":"instock","19":"taxable","20":"shipping-taxable","21":"purchasable","22":"product-type-simple"},"brands":[{"id":3367,"name":"Hikvision","slug":"hikvision"}],"_links":{"self":[{"href":"https:\/\/staging.webstore4.com\/de\/wp-json\/wp\/v2\/product\/8715","targetHints":{"allow":["GET"]}}],"collection":[{"href":"https:\/\/staging.webstore4.com\/de\/wp-json\/wp\/v2\/product"}],"about":[{"href":"https:\/\/staging.webstore4.com\/de\/wp-json\/wp\/v2\/types\/product"}],"replies":[{"embeddable":true,"href":"https:\/\/staging.webstore4.com\/de\/wp-json\/wp\/v2\/comments?post=8715"}],"wp:featuredmedia":[{"embeddable":true,"href":"https:\/\/staging.webstore4.com\/de\/wp-json\/wp\/v2\/media\/13233"}],"wp:attachment":[{"href":"https:\/\/staging.webstore4.com\/de\/wp-json\/wp\/v2\/media?parent=8715"}],"wp:term":[{"taxonomy":"pwb-brand","embeddable":true,"href":"https:\/\/staging.webstore4.com\/de\/wp-json\/wp\/v2\/pwb-brand?post=8715"},{"taxonomy":"product_cat","embeddable":true,"href":"https:\/\/staging.webstore4.com\/de\/wp-json\/wp\/v2\/product_cat?post=8715"},{"taxonomy":"product_tag","embeddable":true,"href":"https:\/\/staging.webstore4.com\/de\/wp-json\/wp\/v2\/product_tag?post=8715"}],"curies":[{"name":"wp","href":"https:\/\/api.w.org\/{rel}","templated":true}]}}