{"id":8749,"date":"2019-09-01T16:33:49","date_gmt":"2019-09-01T14:33:49","guid":{"rendered":"https:\/\/webstore4.com\/\/?product=x-security-xs-ac1200re-mf-mifare-kaartlezer-voor-binnen-en-buiten-wiegand-34-rs485"},"modified":"2024-06-26T08:47:07","modified_gmt":"2024-06-26T07:47:07","slug":"x-security-xs-ac1200re-mf-mifare-kaartlezer-voor-binnen-en-buiten-wiegand-34-rs485","status":"publish","type":"product","link":"https:\/\/staging.webstore4.com\/de\/product\/x-security-xs-ac1200re-mf-mifare-kaartlezer-voor-binnen-en-buiten-wiegand-34-rs485\/","title":{"rendered":"X-Security XS-AC1200RE-MF Mifare-Kartenleser f\u00fcr den Innen- und Au\u00dfenbereich Wiegand 34 RS485"},"content":{"rendered":"<p>Der X-Security XS-AC1200RE-MF ist ein Mifare-Kartenleser mit RS485- oder Wiegand 34-Protokollausgang, der f\u00fcr den Innen- und Au\u00dfenbereich geeignet ist. Der Leser hat eine kleine Gr\u00f6\u00dfe von 96 x 43 x 17 mm. Die Zugangskontrolle erfolgt \u00fcber eine Mifare-Proximity-Karte oder einen Mifare-Tag.<\/p>\n<p><strong>M\u00f6glichkeiten<\/strong><\/p>\n<p>Der X-Security XS-AC1100RE-EM verf\u00fcgt \u00fcber eine Kommunikation \u00fcber das RS485-Protokoll und Wiegand 26\/34. Separater Controller ist erforderlich. Der X-Security XS-AC1100RE-EM kann \u00fcber einen Dahua-Zutrittscontroller \u00fcber die kostenlose Dahua-Software SmartPSS auf einem Windows-PC verwaltet werden.<\/p>\n<p>Der X-Security-Leser l\u00e4sst sich einfach selbst installieren. Der X-Security XS-AC1200RE-MF kann \u00fcber den nicht im Lieferumfang enthaltenen Controller mit Strom versorgt werden. Passende Controller k\u00f6nnen unter dem Reiter \u201eOptionen\u201c gefunden und bestellt werden. Unter dem Reiter \u201eDokumentation\u201c gibt es einen Link zur Website des Herstellers inklusive Datenblatt und Handbuch (Reiter \u201eDownload\u201c).<\/p>\n<p><strong>Wichtigste Funktionen<\/strong><\/p>\n<ul>\n<li>Geeignet f\u00fcr den Au\u00dfenbereich IP67<\/li>\n<li>RS-485-Protokoll<\/li>\n<li>Wiegand 34<\/li>\n<li>13,56 MHz Karten und Tags (Mifare)<\/li>\n<li>LED<\/li>\n<li>Summer<\/li>\n<li>Oberfl\u00e4chen-Montage<\/li>\n<\/ul>\n<p><a href=\"https:\/\/staging.webstore4.com\/Copyright\/\" target=\"_blank\" rel=\"noopener\"><span style=\"color: #ff6e03; font-size: 11px;\">\u00a9 Der Text ist urheberrechtlich gesch\u00fctzt<\/span><\/a><\/p>","protected":false},"excerpt":{"rendered":"<p>De X-Security XS-AC1200RE-MF is een Mifare kaartlezer met RS485 of Wiegand 34 protocol uitgang geschikt voor binnen of buiten gebruik. De lezer heeft een klein formaat van 96x43x17mm. De toegangscontrole vindt plaats door middel van een Mifare proximity kaart of tag. Mogelijkheden De X-Security XS-AC1200RE-MF beschikt over communicatie over het RS485 protocol en Wiegand 34.<\/p>\n<div class=\"klb-readmore button\"><a class=\"btn link\" href=\"https:\/\/staging.webstore4.com\/de\/product\/x-security-xs-ac1200re-mf-mifare-kaartlezer-voor-binnen-en-buiten-wiegand-34-rs485\/\">Mehr lesen <i class=\"klbth-icon-right-arrow\"><\/i><\/a><\/div>","protected":false},"featured_media":16180,"comment_status":"open","ping_status":"closed","template":"","meta":[],"pwb-brand":[3395],"product_cat":[4191,4193],"product_tag":[],"class_list":{"0":"post-8749","1":"product","2":"type-product","3":"status-publish","4":"has-post-thumbnail","6":"pwb-brand-x-security","7":"product_cat-access","8":"product_cat-toegangscontrole-access","9":"product_shipping_class-pakket","10":"pa_frequentie-tags-en-readers-mifare-13-56-mhz","11":"pa_garantie-3-jaar","12":"pa_merk-x-security","13":"pa_omgeving-binnen-en-buiten","14":"pa_product-reader","15":"pa_stand-alone-nee","16":"pa_toegang-met-kaartlezer","17":"pa_voeding-12vdc","19":"first","20":"instock","21":"taxable","22":"shipping-taxable","23":"purchasable","24":"product-type-simple"},"brands":[{"id":3395,"name":"X-Security","slug":"x-security"}],"_links":{"self":[{"href":"https:\/\/staging.webstore4.com\/de\/wp-json\/wp\/v2\/product\/8749","targetHints":{"allow":["GET"]}}],"collection":[{"href":"https:\/\/staging.webstore4.com\/de\/wp-json\/wp\/v2\/product"}],"about":[{"href":"https:\/\/staging.webstore4.com\/de\/wp-json\/wp\/v2\/types\/product"}],"replies":[{"embeddable":true,"href":"https:\/\/staging.webstore4.com\/de\/wp-json\/wp\/v2\/comments?post=8749"}],"wp:featuredmedia":[{"embeddable":true,"href":"https:\/\/staging.webstore4.com\/de\/wp-json\/wp\/v2\/media\/16180"}],"wp:attachment":[{"href":"https:\/\/staging.webstore4.com\/de\/wp-json\/wp\/v2\/media?parent=8749"}],"wp:term":[{"taxonomy":"pwb-brand","embeddable":true,"href":"https:\/\/staging.webstore4.com\/de\/wp-json\/wp\/v2\/pwb-brand?post=8749"},{"taxonomy":"product_cat","embeddable":true,"href":"https:\/\/staging.webstore4.com\/de\/wp-json\/wp\/v2\/product_cat?post=8749"},{"taxonomy":"product_tag","embeddable":true,"href":"https:\/\/staging.webstore4.com\/de\/wp-json\/wp\/v2\/product_tag?post=8749"}],"curies":[{"name":"wp","href":"https:\/\/api.w.org\/{rel}","templated":true}]}}