{"id":8815,"date":"2019-10-19T00:01:11","date_gmt":"2019-10-18T22:01:11","guid":{"rendered":"https:\/\/webstore4.com\/\/?product=hikvision-ds-kd-dis-ip-video-intercom-buiten-station-display-module"},"modified":"2025-03-06T14:32:47","modified_gmt":"2025-03-06T13:32:47","slug":"hikvision-ds-kd-dis-ip-video-intercom-buiten-station-display-module","status":"publish","type":"product","link":"https:\/\/staging.webstore4.com\/de\/product\/hikvision-ds-kd-dis-ip-video-intercom-buiten-station-display-module\/","title":{"rendered":"Hikvision DS-KD-DIS IP-Video-Gegensprechanlage-Anzeigemodul f\u00fcr Au\u00dfenstationen"},"content":{"rendered":"<div class=\"video-frame-box\" style=\"width: 100%; max-width: 480px; max-height: 270px; float: right; padding: 0px 10px 10px 10px;\">\n<div class=\"video-frame\"><iframe src=\"\/\/www.youtube.com\/embed\/TW-K5pFtcVg?rel=0&amp;modestbranding=1&amp;showinfo=0&amp;autohide=1\" width=\"480\" height=\"270\" frameborder=\"0\"><\/iframe><\/div>\n<\/div>\n<p>Das Hikvision DS-KD-DIS ist ein IP-Video-Intercom-Au\u00dfenstations-Anzeigemodul f\u00fcr den Einsatz im IP-Intercom-System der zweiten Generation von Hikvision. Das Modul muss zusammen mit dem Kamerahauptmodul DS-KD8003-IME1 oder DS-KD8003-IME2 verwendet werden. Die Module m\u00fcssen eingebaut oder mit den separat erh\u00e4ltlichen Geh\u00e4usen montiert werden.<\/p>\n<p>Das System wird durch eine oder mehrere Gegensprechanlagen innerhalb des Monitors vervollst\u00e4ndigt. Auch ein Audio-\/Videoanruf mit Push-Benachrichtigungen \u00fcber die Hikvision-Smartphone-App ist m\u00f6glich.<\/p>\n<p><strong>Eigenschaften<\/strong><\/p>\n<p>Das Modul verf\u00fcgt \u00fcber ein Display und 4 Tasten zum Aufrufen eines Adressbuchs und zum Anrufen von Wohnungen. Dieses Modul muss mit dem Tastaturmodul zusammenarbeiten. Das Modul wird \u00fcber das Kameramodul angeschlossen und mit Strom versorgt.<\/p>\n<p><strong>Montage<\/strong><\/p>\n<p>Das Anzeigemodul muss eingebaut oder Aufputz montiert werden. Es ist ein Einzel-, Doppel- oder Dreifachgeh\u00e4use erh\u00e4ltlich. Geh\u00e4use sind kombinierbar. Material zum Anschluss und zur Montage liegt den Geh\u00e4usen bei.<\/p>\n<p>Das Datenblatt und das Handbuch haben wir im Reiter \u201eDokumentation\u201c eingebunden.<\/p>\n<p><strong>Haupteigenschaften<\/strong><\/p>\n<ul>\n<li>Anzeige zum Nachschlagen der Wohnungsadressenliste<\/li>\n<li>Hintergrundbeleuchtung<\/li>\n<li>Flexibles Baukastensystem<\/li>\n<li>Aufputz oder Einbau<\/li>\n<li>IP65 wetterfest<\/li>\n<li>Stromversorgung und Signal \u00fcber 1 Netzwerkkabel mit Standard 802.3af PoE \u00fcber DS-KD8003-IME1 oder DS-KD8003-IME2<\/li>\n<\/ul>\n<p><a href=\"https:\/\/staging.webstore4.com\/Copyright\/\" target=\"_blank\" rel=\"noopener\"><span style=\"color: #ff6e03; font-size: 11px;\">\u00a9 Der Text ist urheberrechtlich gesch\u00fctzt<\/span><\/a><\/p>","protected":false},"excerpt":{"rendered":"<p>Das Hikvision DS-KD-M ist ein IP-Video-Gegensprechanlage-Au\u00dfenstations-Mifare-Kartenlesemodul f\u00fcr den Einsatz im IP-Gegensprechsystem der zweiten Generation von Hikvision. Das Modul muss zusammen mit dem Kamerahauptmodul DS-KD8003-IME1 oder DS-KD8003-IME2 verwendet werden. Die Module m\u00fcssen eingebaut oder mit den separat erh\u00e4ltlichen Geh\u00e4usen montiert werden.<\/p>\n<div class=\"klb-readmore button\"><a class=\"btn link\" href=\"https:\/\/staging.webstore4.com\/de\/product\/hikvision-ds-kd-dis-ip-video-intercom-buiten-station-display-module\/\">Mehr lesen <i class=\"klbth-icon-right-arrow\"><\/i><\/a><\/div>","protected":false},"featured_media":8816,"comment_status":"open","ping_status":"closed","template":"","meta":[],"pwb-brand":[3367],"product_cat":[4178,4182,4227,4228],"product_tag":[],"class_list":{"0":"post-8815","1":"product","2":"type-product","3":"status-publish","4":"has-post-thumbnail","6":"pwb-brand-hikvision","7":"product_cat-intercom","8":"product_cat-hikvision-ip-video","9":"product_cat-series-intercom","10":"product_cat-hikvision-2nd-generation","11":"product_shipping_class-pakket","12":"pa_aansluiting-rs485","13":"pa_kaartlezer-nee","14":"pa_kleur-zwart","15":"pa_materiaal-kunststof","16":"pa_merk-hikvision","17":"pa_mobiele-app-fabrikant-ja","18":"pa_modulair-ja","19":"pa_montage-inbouw","20":"pa_montage-opbouw","21":"pa_omgeving-binnen-en-buiten","22":"pa_product-buitenpost","23":"pa_product-status-a","24":"pa_stand-alone-nee","25":"pa_vandaalbestendig-nee","26":"pa_voeding-ds-kd8003-ime1-ds-kd8003-ime2","28":"first","29":"onbackorder","30":"taxable","31":"shipping-taxable","32":"purchasable","33":"product-type-simple"},"brands":[{"id":3367,"name":"Hikvision","slug":"hikvision"}],"_links":{"self":[{"href":"https:\/\/staging.webstore4.com\/de\/wp-json\/wp\/v2\/product\/8815","targetHints":{"allow":["GET"]}}],"collection":[{"href":"https:\/\/staging.webstore4.com\/de\/wp-json\/wp\/v2\/product"}],"about":[{"href":"https:\/\/staging.webstore4.com\/de\/wp-json\/wp\/v2\/types\/product"}],"replies":[{"embeddable":true,"href":"https:\/\/staging.webstore4.com\/de\/wp-json\/wp\/v2\/comments?post=8815"}],"wp:featuredmedia":[{"embeddable":true,"href":"https:\/\/staging.webstore4.com\/de\/wp-json\/wp\/v2\/media\/8816"}],"wp:attachment":[{"href":"https:\/\/staging.webstore4.com\/de\/wp-json\/wp\/v2\/media?parent=8815"}],"wp:term":[{"taxonomy":"pwb-brand","embeddable":true,"href":"https:\/\/staging.webstore4.com\/de\/wp-json\/wp\/v2\/pwb-brand?post=8815"},{"taxonomy":"product_cat","embeddable":true,"href":"https:\/\/staging.webstore4.com\/de\/wp-json\/wp\/v2\/product_cat?post=8815"},{"taxonomy":"product_tag","embeddable":true,"href":"https:\/\/staging.webstore4.com\/de\/wp-json\/wp\/v2\/product_tag?post=8815"}],"curies":[{"name":"wp","href":"https:\/\/api.w.org\/{rel}","templated":true}]}}