{"id":8860,"date":"2019-11-11T00:17:55","date_gmt":"2019-11-10T22:17:55","guid":{"rendered":"https:\/\/webstore4.com\/\/?product=dahua-asm202-desktop-usb-vingerafdruk-lezer-voor-programmeren-via-usb-op-pc"},"modified":"2024-06-10T11:19:00","modified_gmt":"2024-06-10T10:19:00","slug":"dahua-asm202-desktop-usb-vingerafdruk-lezer-voor-programmeren-via-usb-op-pc","status":"publish","type":"product","link":"https:\/\/staging.webstore4.com\/de\/product\/dahua-asm202-desktop-usb-vingerafdruk-lezer-voor-programmeren-via-usb-op-pc\/","title":{"rendered":"Dahua ASM202 Desktop-USB-Fingerabdruckleser f\u00fcr die Programmierung \u00fcber USB am PC"},"content":{"rendered":"<p>Der Dahua ASM202 ist ein Desktop-USB-Fingerabdruckleser f\u00fcr die Programmierung \u00fcber USB auf einem PC.<\/p>\n<p><strong>M\u00f6glichkeiten<\/strong><\/p>\n<p>Der Dahua ASM100 ben\u00f6tigt keine Treiber und wird \u00fcber den USB-Anschluss des PCs mit Strom versorgt. Unter dem Reiter \u201eDokumentation\u201c befindet sich ein Link zur Website des Herstellers inklusive Datenblatt (Register \u201eDownload\u201c).<\/p>\n<p><strong>Wichtigste Funktionen<\/strong><\/p>\n<ul>\n<li>Plug<\/li>\n<li>USB-Stromversorgung<\/li>\n<li>Scannt trockene und feuchte Finger<\/li>\n<\/ul>\n<p><a href=\"https:\/\/staging.webstore4.com\/Copyright\/\" target=\"_blank\" rel=\"noopener\"><span style=\"color: #ff6e03; font-size: 11px;\">\u00a9 Der Text ist urheberrechtlich gesch\u00fctzt<\/span><\/a><\/p>","protected":false},"excerpt":{"rendered":"<p>De Dahua ASM202 is een desktop USB vingerafdruk lezer voor het programmeren via USB op een PC. Mogelijkheden De Dahua ASM202 heeft geen drivers nodig en krijgt voeding via de USB poort van de PC. Onder het tabblad &#8216;Documentatie&#8217; staat een link naar de website van de fabrikant met onder meer de datasheet (tabblad &#8220;Download&#8221;).<\/p>\n<div class=\"klb-readmore button\"><a class=\"btn link\" href=\"https:\/\/staging.webstore4.com\/de\/product\/dahua-asm202-desktop-usb-vingerafdruk-lezer-voor-programmeren-via-usb-op-pc\/\">Mehr lesen <i class=\"klbth-icon-right-arrow\"><\/i><\/a><\/div>","protected":false},"featured_media":8861,"comment_status":"open","ping_status":"closed","template":"","meta":[],"pwb-brand":[3376],"product_cat":[4191,4193],"product_tag":[],"class_list":{"0":"post-8860","1":"product","2":"type-product","3":"status-publish","4":"has-post-thumbnail","6":"pwb-brand-dahua","7":"product_cat-access","8":"product_cat-toegangscontrole-access","9":"product_shipping_class-pakket","10":"pa_garantie-3-jaar","11":"pa_merk-dahua","12":"pa_omgeving-binnen","13":"pa_product-reader","14":"pa_stand-alone-ja","15":"pa_toegang-met-vingerafdruk","16":"pa_voeding-usb","18":"first","19":"onbackorder","20":"taxable","21":"shipping-taxable","22":"purchasable","23":"product-type-simple"},"brands":[{"id":3376,"name":"Dahua","slug":"dahua"}],"_links":{"self":[{"href":"https:\/\/staging.webstore4.com\/de\/wp-json\/wp\/v2\/product\/8860","targetHints":{"allow":["GET"]}}],"collection":[{"href":"https:\/\/staging.webstore4.com\/de\/wp-json\/wp\/v2\/product"}],"about":[{"href":"https:\/\/staging.webstore4.com\/de\/wp-json\/wp\/v2\/types\/product"}],"replies":[{"embeddable":true,"href":"https:\/\/staging.webstore4.com\/de\/wp-json\/wp\/v2\/comments?post=8860"}],"wp:featuredmedia":[{"embeddable":true,"href":"https:\/\/staging.webstore4.com\/de\/wp-json\/wp\/v2\/media\/8861"}],"wp:attachment":[{"href":"https:\/\/staging.webstore4.com\/de\/wp-json\/wp\/v2\/media?parent=8860"}],"wp:term":[{"taxonomy":"pwb-brand","embeddable":true,"href":"https:\/\/staging.webstore4.com\/de\/wp-json\/wp\/v2\/pwb-brand?post=8860"},{"taxonomy":"product_cat","embeddable":true,"href":"https:\/\/staging.webstore4.com\/de\/wp-json\/wp\/v2\/product_cat?post=8860"},{"taxonomy":"product_tag","embeddable":true,"href":"https:\/\/staging.webstore4.com\/de\/wp-json\/wp\/v2\/product_tag?post=8860"}],"curies":[{"name":"wp","href":"https:\/\/api.w.org\/{rel}","templated":true}]}}