{"id":8868,"date":"2019-11-17T21:06:59","date_gmt":"2019-11-17T19:06:59","guid":{"rendered":"https:\/\/webstore4.com\/\/?product=dahua-ktp01s-complete-ip-video-deurbel-intercom-kit-met-vto2202f-p-en-vth2421fw-p-inclusief-poe-switch-en-opbouwbehuizing"},"modified":"2025-02-19T05:22:03","modified_gmt":"2025-02-19T04:22:03","slug":"dahua-ktp01ls-complete-ip-video-deurbel-intercom-kit","status":"publish","type":"product","link":"https:\/\/staging.webstore4.com\/de\/product\/dahua-ktp01ls-complete-ip-video-deurbel-intercom-kit\/","title":{"rendered":"Dahua KTP01L(S)-B komplettes IP-Video-T\u00fcrklingel-Gegensprech-Set mit VTO2201F-P und VTH2421FB-P inklusive PoE-Schalter und Aufputzgeh\u00e4use"},"content":{"rendered":"<p>Das Dahua KTP01L(S) ist ein komplettes IP-Video-T\u00fcrklingel-Set mit einer VTO2201F-P-Au\u00dfenstation und einem <a href=\"https:\/\/staging.webstore4.com\/dahua-vth2421fw-p-ip-video-intercom-binnen-monitor-netwerkkabel-aansluiting-met-poe\/\" target=\"_blank\" rel=\"noopener\"><span style=\"color: #ff6e03;\">VTH2421FW-P Innenmonitor<\/span><\/a> mit wei\u00dfem Geh\u00e4use. Das Kit enth\u00e4lt einen Dahua 4-Port-PoE-Switch (einschlie\u00dflich Netzteil) und einen <a href=\"https:\/\/staging.webstore4.com\/dahua-vtm115-ip-video-intercom-opbouw-behuizing-voor-buiten-station-vto2202f-en-vto2202f-p\/\" target=\"_blank\" rel=\"noopener\"><span style=\"color: #ff6e03;\">VTM115 Aufputzgeh\u00e4use<\/span><\/a> f\u00fcr die Au\u00dfenstation. Es gibt auch das komplette Kit <a href=\"https:\/\/staging.webstore4.com\/benodigdheden\/netwerkkabels\/\" target=\"_blank\" rel=\"noopener\"><span style=\"color: #ff6e03;\">Netzwerkkabel<\/span><\/a> erforderlich und ein PC oder Mac f\u00fcr die einmalige Systemeinrichtung.<\/p>\n<p><strong>M\u00f6glichkeiten<\/strong><\/p>\n<p>Wenn der PoE-Switch mit dem eigenen Netzwerk mit dem Internet verbunden ist, kann die T\u00fcrklingelanlage von \u00fcberall aus bedient werden, wo ein Smartphone oder Tablet \u00fcber eine Internetverbindung verf\u00fcgt: von zu Hause aus oder vom anderen Ende der Welt. Dies bedeutet, dass ein Audio-Video-Gespr\u00e4ch mit einem Besucher an der T\u00fcr und m\u00f6glicherweise einem verbundenen Besucher gef\u00fchrt werden kann <a href=\"https:\/\/staging.webstore4.com\/access\/elektrische-sloten\/\" target=\"_blank\" rel=\"noopener\"><span style=\"color: #ff6e03;\">elektrisches T\u00fcrschloss<\/span><\/a> oder Tor werden ge\u00f6ffnet. Ein Elektroschloss kann direkt an die Au\u00dfenstation angeschlossen werden. Dahua hat auch ein Sicherheitsrelais (<a href=\"https:\/\/staging.webstore4.com\/dahua-dee1010b-ip-video-intercom-relais\/\" target=\"_blank\" rel=\"noopener\"><span style=\"color: #ff6e03;\">Dahua DEE1010B<\/span><\/a>) zum sicheren Anschluss eines Elektroschlosses erh\u00e4ltlich. Bei einem Zweitschloss muss immer das externe Relais DEE1010B verwendet werden.<\/p>\n<p>Dahua bietet eine kostenlose mobile App f\u00fcr iOS (iDMSS Plus) und Android (gDMSS Plus). Mit der kostenlosen SmartPSS-Software f\u00fcr Windows l\u00e4sst sich die Gegensprechanlage auch mit einem PC bedienen. Das Bild der Kamera der Au\u00dfenstation kann auch live betrachtet und ggf. auf einem aufgezeichnet werden <a href=\"https:\/\/staging.webstore4.com\/benodigdheden\/recorders-opslagmedia-benodigdheden\/?yith_wcan=1&amp;filter_product=nvr&amp;query_type_product=or\" target=\"_blank\" rel=\"noopener\"><span style=\"color: #ff6e03;\">Netzwerk-Videorecorder (NVR)<\/span><\/a> oder beispielsweise ein NAS wie die Synology Surveillance Station, das mit demselben Netzwerk verbunden ist. Die Bilder von IP-Kameras, die mit demselben Netzwerk verbunden sind (ggf. \u00fcber einen NVR), k\u00f6nnen kurzzeitig auf dem Innenmonitor angezeigt werden. Nicht jede IP-Kamera ist daf\u00fcr geeignet: Alle IP-Kameras in unserem Online-Shop sind daf\u00fcr geeignet. Wenn die IP-Kamera \u00fcber die Option zur PoE-Stromversorgung verf\u00fcgt, kann sie auch an den im Kit enthaltenen PoE-Switch angeschlossen werden (am Switch sind zwei freie Ports vorhanden).<\/p>\n<p>Die Gegensprechanlage KTP01L(S) kann mit mehreren Au\u00dfenstationen und\/oder Innenmonitoren erweitert werden. Der mitgelieferte Switch verf\u00fcgt \u00fcber zwei freie PoE-Ports. An den Innenmonitor kann ein zus\u00e4tzlicher Gong angeschlossen werden. Das System verf\u00fcgt au\u00dferdem \u00fcber eine integrierte Alarmanlage. An den Monitor k\u00f6nnen kabelgebundene Universalmelder angeschlossen werden.<\/p>\n<p>Der Innenmonitor wird mit einer Wandhalterung geliefert. Optional ist auch ein Standardschreibtisch erh\u00e4ltlich (<a href=\"https:\/\/staging.webstore4.com\/dahua-vtm123-desktop-standaard\/\" target=\"_blank\" rel=\"noopener\"><span style=\"color: #ff6e03;\">Dahua VTM123<\/span><\/a>). Unter dieser Produktbeschreibung haben wir einige Rabattpakete aufgef\u00fchrt. Die Dokumentation des Dahua KTP01L(S) finden Sie auf unseren einzelnen Produktseiten unter dem Reiter \u201eDokumentation\u201c.<\/p>\n<p><strong>Wichtige Funktionen<\/strong><\/p>\n<ul>\n<li>Komplettset zur Selbstmontage<\/li>\n<li>Kostenlose Software und mobile App<\/li>\n<li>Scannen Sie den QR-Code mit dem Smartphone, ohne eine Portweiterleitung einzurichten<\/li>\n<li>SIP-Protokoll-Firmware<\/li>\n<li>Einfach zu erweitern<\/li>\n<li>Gegenseitige Audiokonversation zwischen Monitoren m\u00f6glich<\/li>\n<li>Der Anschluss einer eigenen (vorhandenen) T\u00fcrklingel ist m\u00f6glich<\/li>\n<li>Anschluss von 2 Elektroschl\u00f6ssern m\u00f6glich<\/li>\n<li>Integrierte Kleinalarmanlage f\u00fcr kabelgebundene Universalmelder (nicht im Lieferumfang enthalten)<\/li>\n<li>Bilder von IP-Kameras auf dem Monitor<\/li>\n<li>Signal- und Stromversorgung \u00fcber 1 Netzwerkkabel \u00fcber PoE<\/li>\n<\/ul>\n<p><a href=\"https:\/\/staging.webstore4.com\/Copyright\/\" target=\"_blank\" rel=\"noopener\"><span style=\"color: #ff6e03; font-size: 11px;\">\u00a9 Der Text ist urheberrechtlich gesch\u00fctzt<\/span><\/a><\/p>","protected":false},"excerpt":{"rendered":"<p>De Dahua KTP01L(S) is een complete IP video deurbel kit met een VTO2201F-P buiten station en een VTH2421FW-P binnen monitor met een witte behuizing. De kit wordt geleverd met een Dahua 4 poort PoE switch (inclusief voeding adapter) en een VTM115 opbouwbehuizing voor het buiten station. Er is naast de complete kit nog netwerkkabel nodig<\/p>\n<div class=\"klb-readmore button\"><a class=\"btn link\" href=\"https:\/\/staging.webstore4.com\/de\/product\/dahua-ktp01ls-complete-ip-video-deurbel-intercom-kit\/\">Mehr lesen <i class=\"klbth-icon-right-arrow\"><\/i><\/a><\/div>","protected":false},"featured_media":10858,"comment_status":"open","ping_status":"closed","template":"","meta":[],"pwb-brand":[3376],"product_cat":[4178,4179],"product_tag":[1468],"class_list":{"0":"post-8868","1":"product","2":"type-product","3":"status-publish","4":"has-post-thumbnail","6":"pwb-brand-dahua","7":"product_cat-intercom","8":"product_cat-dahua-ip-video","9":"product_tag-ktp01s","10":"product_shipping_class-pakket","11":"pa_aansluiting-netwerk-kabel","12":"pa_audio-microfoon-speaker","13":"pa_beeldhoek-graden-horizontaal-3897","14":"pa_draadloos-nee","15":"pa_materiaal-aluminium","16":"pa_materiaal-kunststof","17":"pa_megapixel-2mp","18":"pa_merk-dahua","19":"pa_mobiele-app-fabrikant-ja","20":"pa_montage-opbouw","21":"pa_nachtzicht-ja","22":"pa_omgeving-binnen-en-buiten","23":"pa_poe-802-3af","24":"pa_product-complete-kit","25":"pa_product-status-a","26":"pa_vandaalbestendig-ik07","27":"pa_voeding-inclusief-adapter","28":"pa_voeding-poe","30":"first","31":"onbackorder","32":"featured","33":"taxable","34":"shipping-taxable","35":"purchasable","36":"product-type-simple"},"brands":[{"id":3376,"name":"Dahua","slug":"dahua"}],"_links":{"self":[{"href":"https:\/\/staging.webstore4.com\/de\/wp-json\/wp\/v2\/product\/8868","targetHints":{"allow":["GET"]}}],"collection":[{"href":"https:\/\/staging.webstore4.com\/de\/wp-json\/wp\/v2\/product"}],"about":[{"href":"https:\/\/staging.webstore4.com\/de\/wp-json\/wp\/v2\/types\/product"}],"replies":[{"embeddable":true,"href":"https:\/\/staging.webstore4.com\/de\/wp-json\/wp\/v2\/comments?post=8868"}],"wp:featuredmedia":[{"embeddable":true,"href":"https:\/\/staging.webstore4.com\/de\/wp-json\/wp\/v2\/media\/10858"}],"wp:attachment":[{"href":"https:\/\/staging.webstore4.com\/de\/wp-json\/wp\/v2\/media?parent=8868"}],"wp:term":[{"taxonomy":"pwb-brand","embeddable":true,"href":"https:\/\/staging.webstore4.com\/de\/wp-json\/wp\/v2\/pwb-brand?post=8868"},{"taxonomy":"product_cat","embeddable":true,"href":"https:\/\/staging.webstore4.com\/de\/wp-json\/wp\/v2\/product_cat?post=8868"},{"taxonomy":"product_tag","embeddable":true,"href":"https:\/\/staging.webstore4.com\/de\/wp-json\/wp\/v2\/product_tag?post=8868"}],"curies":[{"name":"wp","href":"https:\/\/api.w.org\/{rel}","templated":true}]}}