{"id":8880,"date":"2019-11-28T00:10:48","date_gmt":"2019-11-27T22:10:48","guid":{"rendered":"https:\/\/webstore4.com\/\/?product=dahua-vtm116-ip-video-intercom-inbouw-behuizing-voor-buiten-station-vtox221e-p"},"modified":"2025-02-19T05:22:03","modified_gmt":"2025-02-19T04:22:03","slug":"dahua-vtm116-ip-video-intercom-inbouw-behuizing","status":"publish","type":"product","link":"https:\/\/staging.webstore4.com\/de\/product\/dahua-vtm116-ip-video-intercom-inbouw-behuizing\/","title":{"rendered":"Dahua VTM116 IP-Video-Gegensprechanlage Einbaugeh\u00e4use f\u00fcr Au\u00dfenstation VTOx221E(-P)"},"content":{"rendered":"<p>De Dahua VTM116 is een IP video intercom inbouw behuizing voor buiten station VTOx221E(-P). De geschikte VTO is opgenomen onder &#8216;Opties&#8217;.<\/p>\n<p>Onder het tabblad &#8216;Documentatie&#8217; is een link naar de datasheet opgenomen.<\/p>\n<p><strong>Wichtigste Funktionen<\/strong><\/p>\n<ul>\n<li>Geschikt voor VTOx221E(-P)<\/li>\n<li>Binnen afmeting: 98\u00a0 x 200\u00a0 x 32 MM<\/li>\n<li>Buiten afmeting: 138\u00a0 x 240\u00a0 x 35 MM<\/li>\n<li>Aluminium<\/li>\n<\/ul>\n<p><a href=\"https:\/\/staging.webstore4.com\/Copyright\/\" target=\"_blank\" rel=\"noopener\"><span style=\"color: #ff6e03; font-size: 11px;\">\u00a9 Der Text ist urheberrechtlich gesch\u00fctzt<\/span><\/a><\/p>","protected":false},"excerpt":{"rendered":"<p>De Dahua VTM116 is een IP video intercom inbouw behuizing voor buiten station VTOx221E(-P). De geschikte VTO is opgenomen onder &#8216;Opties&#8217;. Onder het tabblad &#8216;Documentatie&#8217; is een link naar de datasheet opgenomen. Belangrijkste kenmerken Geschikt voor VTOx221E(-P) Binnen afmeting: 98\u00a0 x 200\u00a0 x 32 MM Buiten afmeting: 138\u00a0 x 240\u00a0 x 35 MM Aluminium \u00a9<\/p>\n<div class=\"klb-readmore button\"><a class=\"btn link\" href=\"https:\/\/staging.webstore4.com\/de\/product\/dahua-vtm116-ip-video-intercom-inbouw-behuizing\/\">Mehr lesen <i class=\"klbth-icon-right-arrow\"><\/i><\/a><\/div>","protected":false},"featured_media":8881,"comment_status":"open","ping_status":"closed","template":"","meta":[],"pwb-brand":[3376],"product_cat":[4178,4179],"product_tag":[],"class_list":{"0":"post-8880","1":"product","2":"type-product","3":"status-publish","4":"has-post-thumbnail","6":"pwb-brand-dahua","7":"product_cat-intercom","8":"product_cat-dahua-ip-video","9":"product_shipping_class-pakket","10":"pa_behuizing-2-modules","11":"pa_kleur-grijs","12":"pa_kleur-zwart","13":"pa_materiaal-metaal","14":"pa_merk-dahua","15":"pa_montage-inbouw","16":"pa_omgeving-binnen-en-buiten","17":"pa_product-modulair","18":"pa_product-status-d","20":"first","21":"onbackorder","22":"taxable","23":"shipping-taxable","24":"purchasable","25":"product-type-simple"},"brands":[{"id":3376,"name":"Dahua","slug":"dahua"}],"_links":{"self":[{"href":"https:\/\/staging.webstore4.com\/de\/wp-json\/wp\/v2\/product\/8880","targetHints":{"allow":["GET"]}}],"collection":[{"href":"https:\/\/staging.webstore4.com\/de\/wp-json\/wp\/v2\/product"}],"about":[{"href":"https:\/\/staging.webstore4.com\/de\/wp-json\/wp\/v2\/types\/product"}],"replies":[{"embeddable":true,"href":"https:\/\/staging.webstore4.com\/de\/wp-json\/wp\/v2\/comments?post=8880"}],"wp:featuredmedia":[{"embeddable":true,"href":"https:\/\/staging.webstore4.com\/de\/wp-json\/wp\/v2\/media\/8881"}],"wp:attachment":[{"href":"https:\/\/staging.webstore4.com\/de\/wp-json\/wp\/v2\/media?parent=8880"}],"wp:term":[{"taxonomy":"pwb-brand","embeddable":true,"href":"https:\/\/staging.webstore4.com\/de\/wp-json\/wp\/v2\/pwb-brand?post=8880"},{"taxonomy":"product_cat","embeddable":true,"href":"https:\/\/staging.webstore4.com\/de\/wp-json\/wp\/v2\/product_cat?post=8880"},{"taxonomy":"product_tag","embeddable":true,"href":"https:\/\/staging.webstore4.com\/de\/wp-json\/wp\/v2\/product_tag?post=8880"}],"curies":[{"name":"wp","href":"https:\/\/api.w.org\/{rel}","templated":true}]}}