{"id":8882,"date":"2019-12-03T16:03:07","date_gmt":"2019-12-03T14:03:07","guid":{"rendered":"https:\/\/webstore4.com\/\/?product=wl4-ipc-micro3-w-37-wifi-full-hd-3mp-micro-pinhole-camera-met-3-7mm-lens-microsd-audio-io-alarm-input"},"modified":"2024-06-24T13:00:24","modified_gmt":"2024-06-24T12:00:24","slug":"wl4-ipc-micro4-w-37-wi-fi-4mp-pinhole-camera","status":"publish","type":"product","link":"https:\/\/staging.webstore4.com\/de\/product\/wl4-ipc-micro4-w-37-wi-fi-4mp-pinhole-camera\/","title":{"rendered":"WL4 IPC-Micro4-W-37 Wi-Fi Full HD 4MP micro pinhole camera met 3.7mm lens, microSD, audio I\/O en alarm input"},"content":{"rendered":"<p>Die WL4 IPC-Micro3-W-37 ist eine drahtlose WLAN-Full-HD-3-Megapixel-Mikrolochkamera mit 3,7-mm-Objektiv, microSD-Aufnahmem\u00f6glichkeit, Audioein- und -ausgang sowie einem Alarmeingang. Die Kamera kann in sehr kleinen R\u00e4umen platziert werden und liefert gute Bilder mit einem weiten Betrachtungswinkel von 90 Grad horizontal. Es stehen kostenlose PC- und Mac-Software sowie eine kostenlose iOS- und Android-App zur Verf\u00fcgung. F\u00fcr die Kamera gilt eine Garantie von 2 Jahren.<\/p>\n<p><strong>M\u00f6glichkeiten<\/strong><\/p>\n<p>De IPC-Micro4-W-37 geeft beelden weer in een Full HD 2688&#215;1512 resolutie. De camera beschikt over Wide Dynamic Range (WDR) waardoor de camera zeer goed kan omgaan met complexe lichtomstandigheden. Beelden kunnen worden opgeslagen op een microSD kaart tot 512Gb (niet meegeleverd) in de camera of op een ONVIF Netwerk Video Recorder (NVR). Geschikte MicroSD kaarten zijn weergegeven onder &#8216;Opties&#8217;.<\/p>\n<p>Es gibt eine kostenlose mobile App (BitVision) f\u00fcr Apple iOS und Android. Die Kamera verf\u00fcgt \u00fcber einen internen Webserver, der mit dem Internet Explorer auf einem Windows-PC oder auf einem Mac (kostenloser SeaMonkey-Browser) angezeigt und verwaltet werden kann. Das Handbuch sowie die kostenlose Video Management Software (VMS) und das IP Search Tool f\u00fcr Mac und PC k\u00f6nnen von der Herospeed-Website heruntergeladen werden. Unter der Registerkarte \u201eDokumentation\u201c finden Sie einen Link zur Herospeed-Seite.<\/p>\n<p>De IPC-Micro4-W-37 is geschikt voor gebruik binnen. De behuizing van de camera is van metaal. De camera moet worden gevoed met een optionele 12VDC voeding adapter. Onder het tabblad &#8216;Opties&#8217; kan worden aangegeven of een adapter moet worden meegeleverd.<\/p>\n<p><strong>Wichtigste Funktionen<\/strong><\/p>\n<ul>\n<li>4 megapixel Full HD pinhole camera<\/li>\n<li>90 Grad horizontaler Blickwinkel<\/li>\n<li>Opnemen in de camera op een microSD kaart\u00a0(niet meegeleverd)<\/li>\n<li>Gro\u00dfer Dynamikbereich (WDR)<\/li>\n<li>3D-Digital-Rauschunterdr\u00fcckung (3D-DNR)<\/li>\n<li>WLAN 802.11 b\/g\/n<\/li>\n<li>Bewegungserkennung<\/li>\n<li>Privatsph\u00e4renzonen<\/li>\n<li>Einstellbare Helligkeit, Kontrast, S\u00e4ttigung und Sch\u00e4rfe<\/li>\n<li>Bildspiegelung<\/li>\n<li>Region von Interesse (ROI)<\/li>\n<li>F-DNR Defog<\/li>\n<li>Flimmerkontrolle<\/li>\n<li>Gegenlichtkompensation (BLC)<\/li>\n<li>M\u00f6glichkeit zur Einstellung von Aufl\u00f6sung, Qualit\u00e4t und Bitrate<\/li>\n<li>ONVIF 2.4-Protokoll<\/li>\n<li>H.265+-Codec<\/li>\n<li>RTSP-Stream<\/li>\n<li>Stromversorgung \u00fcber 12VDC-Adapter (nicht im Lieferumfang enthalten)<\/li>\n<li>Operationeel temperatuurbereik\u00a0-20 \u00b0C ~ + 60 \u00b0C<\/li>\n<li>Afmeting 37,5&#215;37,5x30mm<\/li>\n<\/ul>\n<p><a href=\"https:\/\/staging.webstore4.com\/Copyright\/\" target=\"_blank\" rel=\"noopener\"><span style=\"color: #ff6e03; font-size: 11px;\">\u00a9 Der Text ist urheberrechtlich gesch\u00fctzt<\/span><\/a><\/p>","protected":false},"excerpt":{"rendered":"<p>De WL4 IPC-Micro4-W-37 is een draadloze Wi-Fi Full HD 4 megapixel micro pinhole camera met 3.7mm lens, microSD opname mogelijkheid, audio in- en uitgang en een alarm ingang. De camera kan worden geplaatst in zeer kleine ruimten en levert goede beelden met een brede kijkhoek van 90 graden horizontaal. Er is gratis PC en Mac<\/p>\n<div class=\"klb-readmore button\"><a class=\"btn link\" href=\"https:\/\/staging.webstore4.com\/de\/product\/wl4-ipc-micro4-w-37-wi-fi-4mp-pinhole-camera\/\">Mehr lesen <i class=\"klbth-icon-right-arrow\"><\/i><\/a><\/div>","protected":false},"featured_media":16394,"comment_status":"open","ping_status":"closed","template":"","meta":[],"pwb-brand":[3380],"product_cat":[3435,4234],"product_tag":[],"class_list":{"0":"post-8882","1":"product","2":"type-product","3":"status-publish","4":"has-post-thumbnail","6":"pwb-brand-wl4","7":"product_cat-ip-cameras","8":"product_cat-pinhole-cameras-cameras","9":"product_shipping_class-pakket","10":"pa_alarm-ingang-uitgang-ja","11":"pa_audio-nee","12":"pa_beeldhoek-graden-horizontaal-3903","13":"pa_beeldsensor-13-cmos","14":"pa_draadloos-ja-wi-fi-802-11","15":"pa_geheugenkaart-type-micro-sd-sdhc-sdxc-512gb","16":"pa_lens-mm-3-7","17":"pa_materiaal-metaal","18":"pa_megapixel-4mp","19":"pa_merk-wl4","20":"pa_minimale-verlichting-0-1-lux","21":"pa_mobiele-app-fabrikant-ja","22":"pa_nachtzicht-nee","23":"pa_omgeving-binnen","24":"pa_opnemen-op-sd-kaart-ja","25":"pa_poe-nee","26":"pa_resolutie-max-pixels-full-hd-2688x1520","27":"pa_vandaalbestendig-nee","28":"pa_voeding-12vdc","29":"pa_wdr-ja","31":"first","32":"onbackorder","33":"taxable","34":"shipping-taxable","35":"purchasable","36":"product-type-simple"},"brands":[{"id":3380,"name":"WL4","slug":"wl4"}],"_links":{"self":[{"href":"https:\/\/staging.webstore4.com\/de\/wp-json\/wp\/v2\/product\/8882","targetHints":{"allow":["GET"]}}],"collection":[{"href":"https:\/\/staging.webstore4.com\/de\/wp-json\/wp\/v2\/product"}],"about":[{"href":"https:\/\/staging.webstore4.com\/de\/wp-json\/wp\/v2\/types\/product"}],"replies":[{"embeddable":true,"href":"https:\/\/staging.webstore4.com\/de\/wp-json\/wp\/v2\/comments?post=8882"}],"wp:featuredmedia":[{"embeddable":true,"href":"https:\/\/staging.webstore4.com\/de\/wp-json\/wp\/v2\/media\/16394"}],"wp:attachment":[{"href":"https:\/\/staging.webstore4.com\/de\/wp-json\/wp\/v2\/media?parent=8882"}],"wp:term":[{"taxonomy":"pwb-brand","embeddable":true,"href":"https:\/\/staging.webstore4.com\/de\/wp-json\/wp\/v2\/pwb-brand?post=8882"},{"taxonomy":"product_cat","embeddable":true,"href":"https:\/\/staging.webstore4.com\/de\/wp-json\/wp\/v2\/product_cat?post=8882"},{"taxonomy":"product_tag","embeddable":true,"href":"https:\/\/staging.webstore4.com\/de\/wp-json\/wp\/v2\/product_tag?post=8882"}],"curies":[{"name":"wp","href":"https:\/\/api.w.org\/{rel}","templated":true}]}}