{"id":8938,"date":"2020-01-11T18:57:21","date_gmt":"2020-01-11T16:57:21","guid":{"rendered":"https:\/\/webstore4.com\/\/?product=dahua-ipc-hfw3241t-zs-full-hd-2mp-starlight-lite-ai-buiten-bullet-camera-met-60m-ir-varifocale-lens-poe-microsd"},"modified":"2024-04-19T15:09:02","modified_gmt":"2024-04-19T14:09:02","slug":"dahua-ipc-hfw3241t-zs-2mp-bullet-camera","status":"publish","type":"product","link":"https:\/\/staging.webstore4.com\/de\/product\/dahua-ipc-hfw3241t-zs-2mp-bullet-camera\/","title":{"rendered":"Dahua IPC-HFW3241T-ZS Full HD 2MP Starlight Lite AI Outdoor-Bullet-Kamera mit 60 m IR, Varioobjektiv, PoE, microSD"},"content":{"rendered":"<p>Die Dahua IPC-HFW3241TP-ZS ist eine Full-HD-2-Megapixel-Dome-Starlight-Lite-KI-Kamera mit einem sehr lichtempfindlichen Bildsensor und 60-Meter-Infrarot-Nachtsicht, 120 dB WDR, PoE-Stromversorgung und microSD-Aufzeichnung f\u00fcr den Innen- und Au\u00dfenbereich.<\/p>\n<p>Die Kamera geh\u00f6rt zur Dahua Lite AI-Serie mit einem Chip f\u00fcr k\u00fcnstliche Intelligenz zur Unterst\u00fctzung intelligenter Funktionen wie Perimetersicherheit und Smart Motion Detection Plus (SMD Plus). SMD gew\u00e4hrleistet eine zuverl\u00e4ssige Bewegungserkennung durch Filterung von Objekten. Fehlalarme durch Haustiere, Bl\u00e4tter, Licht und andere st\u00f6rende Gegenst\u00e4nde werden so minimiert. Das fortschrittliche Al unterst\u00fctzt auch die schnelle Suche anhand aufgezeichneter Videos, da es in der Lage ist, Personen und Fahrzeuge aus gro\u00dfen Mengen an Videodaten zu extrahieren und zu klassifizieren.<\/p>\n<p><strong>M\u00f6glichkeiten<\/strong><\/p>\n<p>Der Dahua IPC-HFW3241TP-ZS zeigt Bilder in einer Full-HD-Aufl\u00f6sung von 1920\u00d71080 an. Die Kamera verf\u00fcgt \u00fcber ein motorisiertes Varioobjektiv. Die Kamera verf\u00fcgt \u00fcber die Dahua Starlight-Technologie und eignet sich daher ideal f\u00fcr Anwendungen mit schwierigen Lichtverh\u00e4ltnissen. Dank des hochlichtempfindlichen Bildsensors liefert die Kamera auch bei nahezu v\u00f6lliger Dunkelheit (0,002 Lux) noch ein brauchbares Farbbild mit einem Minimum an Umgebungslicht.<\/p>\n<p>Die Kamera verf\u00fcgt \u00fcber einen integrierten automatischen Tag-\/Nacht-IR-Sperrfilter und kann bei Dunkelheit auch die integrierte IR-Beleuchtung einschalten, sodass auch bei v\u00f6lliger Dunkelheit (0 Lux) ein gestochen scharfes Bild entsteht. Die IR-Beleuchtung hat eine sehr gro\u00dfe Reichweite von nicht weniger als 60 Metern. Die Kamera verf\u00fcgt \u00fcber einen Wide Dynamic Range (WDR) von 120 dB, wodurch die Kamera auch mit komplexen Lichtverh\u00e4ltnissen wie Gegenlicht durch die Sonne oder Autoscheinwerfern sehr gut zurechtkommt.<\/p>\n<p>Bilder k\u00f6nnen unter anderem auf einem Netzwerk-Videorecorder (NVR) gespeichert werden. Die Kamera verf\u00fcgt au\u00dferdem \u00fcber die M\u00f6glichkeit, in der Kamera auf einer microSD-Speicherkarte mit bis zu maximal 256 GB (nicht im Lieferumfang enthalten) aufzuzeichnen.<\/p>\n<p>Dahua bietet eine kostenlose niederl\u00e4ndische App f\u00fcr Apple iOS und Android an. Die Kamera verf\u00fcgt \u00fcber einen internen Webserver, der \u00fcber einen Webbrowser angezeigt und verwaltet werden kann. Video Management Software (VMS) f\u00fcr einen Computer kann kostenlos von der Dahua-Website heruntergeladen werden. Der Reiter \u201eDokumentation\u201c enth\u00e4lt einen Link zur Produktseite des Herstellers.<\/p>\n<p>Die Dahua IPC-HFW3241TP-ZS verf\u00fcgt \u00fcber die Schutzart IP67, wodurch sich die Kamera ideal f\u00fcr den Au\u00dfenbereich eignet. Zur einfacheren Installation kann die Kamera \u00fcber das Netzwerkkabel mit Power over Ethernet (Standard 802.3af P0E) mit Strom versorgt werden. PoE kann \u00fcber einen PoE-NVR, einen PoE-Switch oder mit einem PoE-Injektor bezogen werden. Die Kamera kann auch mit einem optionalen 12-V-Netzteil mit Strom versorgt werden. Unter der Registerkarte \u201eOptionen\u201c k\u00f6nnen Sie angeben, ob ein Adapter und\/oder eine Dahua-Montagehalterung enthalten sein soll. Die Kamera ist \u00fcber 3 Achsen verstellbar und eignet sich daher sehr gut f\u00fcr die vertikale Aufstellung an einer Wand.<\/p>\n<p><strong>Wichtigste Funktionen<\/strong><\/p>\n<ul>\n<li>2-Megapixel-Full-HD-Starlight-Lite-KI-Kamera<\/li>\n<li>Intelligente Bewegungserkennung (SMD)<\/li>\n<li>Auf microSD-Karte aufnehmen<\/li>\n<li>Tag-\/Nachtkamera mit automatischem mechanischem IR-Sperrfilter<\/li>\n<li>IR-Nachtsichtbeleuchtung bis zu 60 Meter<\/li>\n<li>Auf 3 Achsen verstellbar<\/li>\n<li>120 dB breiter Dynamikbereich (WDR)<\/li>\n<li>Zonen-optionale Hintergrundbeleuchtungskompensation (BLC)<\/li>\n<li>3D-Digital-Rauschunterdr\u00fcckung (3D-DNR)<\/li>\n<li>Bewegungserkennung, Manipulationsalarm, Privatzonenmaske<\/li>\n<li>ONVIF-Protokoll<\/li>\n<li>Stromversorgung \u00fcber 12VDC-Adapter oder \u00fcber PoE (802.3af)<\/li>\n<\/ul>\n<p><a href=\"https:\/\/www.webstore4ipcameras.nl\/Copyright\" target=\"_blank\" rel=\"noopener\"><span style=\"color: #ff6e03; font-size: 11px;\">\u00a9 Der Text ist urheberrechtlich gesch\u00fctzt<\/span><\/a><\/p>","protected":false},"excerpt":{"rendered":"<p>De Dahua\u00a0IPC-HFW3241TP-ZS\u00a0is een Full HD 2 megapixel dome Starlight Lite AI camera met een zeer lichtgevoelige beeldsensor en 60 meter infrarood nachtzicht, 120db WDR, PoE voeding en microSD opname voor binnen of buiten. De camera behoort tot de Dahua Lite AI series met een Artificial Intelligence chip voor ondersteuning voor intelligente functies zoals perimeter beveiliging<\/p>\n<div class=\"klb-readmore button\"><a class=\"btn link\" href=\"https:\/\/staging.webstore4.com\/de\/product\/dahua-ipc-hfw3241t-zs-2mp-bullet-camera\/\">Mehr lesen <i class=\"klbth-icon-right-arrow\"><\/i><\/a><\/div>","protected":false},"featured_media":8939,"comment_status":"open","ping_status":"closed","template":"","meta":[],"pwb-brand":[3376],"product_cat":[3435,4184,4219,4199],"product_tag":[],"class_list":{"0":"post-8938","1":"product","2":"type-product","3":"status-publish","4":"has-post-thumbnail","6":"pwb-brand-dahua","7":"product_cat-ip-cameras","8":"product_cat-cameras","9":"product_cat-bullet-box-cameras-cameras","10":"product_cat-dahua-starlight-series","11":"pa_beeldhoek-graden-horizontaal-108-28","12":"pa_beeldsensor-1-2-8-cmos","13":"pa_dag-nacht-ir-cut-filter-ja","14":"pa_geheugenkaart-type-micro-sdsdhcsdxc-256gb","15":"pa_ingebouwd-type-nachtzicht-infrared-ir-led","16":"pa_lens-mm-2-7-13-5","17":"pa_megapixel-2mp","18":"pa_merk-dahua","19":"pa_minimale-verlichting-0-002-lux-0-lux-met-ir","20":"pa_mobiele-app-fabrikant-ja","21":"pa_nachtzicht-ja","22":"pa_omgeving-binnen-en-buiten","23":"pa_opnemen-op-sd-kaart-ja","24":"pa_poe-802-3af","25":"pa_product-status-d","26":"pa_resolutie-max-pixels-full-hd-1920x1080","27":"pa_vandaalbestendig-nee","28":"pa_verstelbare-assen-3631","29":"pa_voeding-12vdc","30":"pa_voeding-poe","31":"pa_wdr-ja","33":"first","34":"onbackorder","35":"taxable","36":"shipping-taxable","37":"purchasable","38":"product-type-simple"},"brands":[{"id":3376,"name":"Dahua","slug":"dahua"}],"_links":{"self":[{"href":"https:\/\/staging.webstore4.com\/de\/wp-json\/wp\/v2\/product\/8938","targetHints":{"allow":["GET"]}}],"collection":[{"href":"https:\/\/staging.webstore4.com\/de\/wp-json\/wp\/v2\/product"}],"about":[{"href":"https:\/\/staging.webstore4.com\/de\/wp-json\/wp\/v2\/types\/product"}],"replies":[{"embeddable":true,"href":"https:\/\/staging.webstore4.com\/de\/wp-json\/wp\/v2\/comments?post=8938"}],"wp:featuredmedia":[{"embeddable":true,"href":"https:\/\/staging.webstore4.com\/de\/wp-json\/wp\/v2\/media\/8939"}],"wp:attachment":[{"href":"https:\/\/staging.webstore4.com\/de\/wp-json\/wp\/v2\/media?parent=8938"}],"wp:term":[{"taxonomy":"pwb-brand","embeddable":true,"href":"https:\/\/staging.webstore4.com\/de\/wp-json\/wp\/v2\/pwb-brand?post=8938"},{"taxonomy":"product_cat","embeddable":true,"href":"https:\/\/staging.webstore4.com\/de\/wp-json\/wp\/v2\/product_cat?post=8938"},{"taxonomy":"product_tag","embeddable":true,"href":"https:\/\/staging.webstore4.com\/de\/wp-json\/wp\/v2\/product_tag?post=8938"}],"curies":[{"name":"wp","href":"https:\/\/api.w.org\/{rel}","templated":true}]}}