{"id":8956,"date":"2020-01-12T22:58:04","date_gmt":"2020-01-12T20:58:04","guid":{"rendered":"https:\/\/webstore4.com\/\/?product=uniview-tr-um06-e-in-schuine-dome-steun-van-kunststof-voor-binnen"},"modified":"2024-05-13T08:32:42","modified_gmt":"2024-05-13T07:32:42","slug":"uniview-tr-um06-e-in-schuine-dome-steun","status":"publish","type":"product","link":"https:\/\/staging.webstore4.com\/de\/product\/uniview-tr-um06-e-in-schuine-dome-steun\/","title":{"rendered":"Uniview TR-UM06-E-IN schr\u00e4ge Kuppelhalterung aus Kunststoff f\u00fcr den Innenbereich"},"content":{"rendered":"<p>Der Uniarch TR-UM06-E-IN ist ein abgewinkelter Kuppeltr\u00e4ger aus Kunststoff f\u00fcr den Innenbereich. Unter dem Reiter \u201eDokumentation\u201c finden Sie ein Dokument zur Auswahl der Montagehalterung sowie einen Link zur Website des Herstellers mit einem Datenblatt mit allen Abmessungen.<\/p>","protected":false},"excerpt":{"rendered":"<p>Der Uniarch TR-UM06-E-IN ist ein abgewinkelter Kuppeltr\u00e4ger aus Kunststoff f\u00fcr den Innenbereich. Unter dem Reiter \u201eDokumentation\u201c finden Sie ein Dokument zur Auswahl der Montagehalterung sowie einen Link zur Website des Herstellers mit einem Datenblatt mit allen Abmessungen.<\/p>","protected":false},"featured_media":8957,"comment_status":"open","ping_status":"closed","template":"","meta":[],"pwb-brand":[3419],"product_cat":[4620],"product_tag":[],"class_list":{"0":"post-8956","1":"product","2":"type-product","3":"status-publish","4":"has-post-thumbnail","6":"pwb-brand-uniview","7":"product_cat-camera-toebehoren","8":"product_shipping_class-pakket","9":"pa_kleur-wit","10":"pa_materiaal-kunststof","11":"pa_merk-uniview","12":"pa_omgeving-binnen","13":"pa_product-schuine-steun","15":"first","16":"instock","17":"taxable","18":"shipping-taxable","19":"purchasable","20":"product-type-simple"},"brands":[{"id":3419,"name":"Uniview","slug":"uniview"}],"_links":{"self":[{"href":"https:\/\/staging.webstore4.com\/de\/wp-json\/wp\/v2\/product\/8956","targetHints":{"allow":["GET"]}}],"collection":[{"href":"https:\/\/staging.webstore4.com\/de\/wp-json\/wp\/v2\/product"}],"about":[{"href":"https:\/\/staging.webstore4.com\/de\/wp-json\/wp\/v2\/types\/product"}],"replies":[{"embeddable":true,"href":"https:\/\/staging.webstore4.com\/de\/wp-json\/wp\/v2\/comments?post=8956"}],"wp:featuredmedia":[{"embeddable":true,"href":"https:\/\/staging.webstore4.com\/de\/wp-json\/wp\/v2\/media\/8957"}],"wp:attachment":[{"href":"https:\/\/staging.webstore4.com\/de\/wp-json\/wp\/v2\/media?parent=8956"}],"wp:term":[{"taxonomy":"pwb-brand","embeddable":true,"href":"https:\/\/staging.webstore4.com\/de\/wp-json\/wp\/v2\/pwb-brand?post=8956"},{"taxonomy":"product_cat","embeddable":true,"href":"https:\/\/staging.webstore4.com\/de\/wp-json\/wp\/v2\/product_cat?post=8956"},{"taxonomy":"product_tag","embeddable":true,"href":"https:\/\/staging.webstore4.com\/de\/wp-json\/wp\/v2\/product_tag?post=8956"}],"curies":[{"name":"wp","href":"https:\/\/api.w.org\/{rel}","templated":true}]}}