{"id":8980,"date":"2020-01-14T01:21:29","date_gmt":"2020-01-13T23:21:29","guid":{"rendered":"https:\/\/webstore4.com\/\/?product=dahua-ipc-hfw5241t-as-pv-full-hd-2mp-starlight-active-deterrence-pro-ai-buiten-bullet-camera-met-60m-ir-speaker-poe-microsd"},"modified":"2024-04-19T15:09:12","modified_gmt":"2024-04-19T14:09:12","slug":"dahua-ipc-hfw5241t-as-pv-2mp-bullet-camera","status":"publish","type":"product","link":"https:\/\/staging.webstore4.com\/de\/product\/dahua-ipc-hfw5241t-as-pv-2mp-bullet-camera\/","title":{"rendered":"Dahua IPC-HFW5241T-AS-PV Full HD 2MP Starlight Active Deterrence Pro AI Outdoor-Bullet-Kamera mit 60 m IR, Lautsprecher, PoE, microSD"},"content":{"rendered":"<p>Die Dahua IPC-HFW5241TP-AS-PV ist eine Full-HD-2-Megapixel-Bullet-Starlight-Pro-KI-Kamera mit einem sehr lichtempfindlichen Bildsensor und 60-Meter-Infrarot-Nachtsicht, integriertem Lautsprecher, aktiver Abschreckung mit wei\u00dfer LED, 120 dB WDR und PoE-Stromversorgung Stromversorgung und microSD-Aufzeichnung f\u00fcr drinnen oder drau\u00dfen.<\/p>\n<p>Die Kamera geh\u00f6rt zur Dahua Pro AI-Serie mit einem Chip f\u00fcr k\u00fcnstliche Intelligenz und unterst\u00fctzt intelligente Funktionen wie Gesichtserkennung, Perimeterschutz und Personenz\u00e4hlung.<\/p>\n<p><strong>M\u00f6glichkeiten<\/strong><\/p>\n<p>Der Dahua IPC-HFW5241T-AS-PV zeigt Bilder in einer Full-HD-Aufl\u00f6sung von 1920\u00d71080 an. Die Kamera verf\u00fcgt \u00fcber ein festes Objektiv. Die Kamera verf\u00fcgt \u00fcber die Dahua Starlight-Technologie und eignet sich daher ideal f\u00fcr Anwendungen mit schwierigen Lichtverh\u00e4ltnissen. Dank des hochlichtempfindlichen Bildsensors liefert die Kamera auch bei nahezu v\u00f6lliger Dunkelheit (0,002 Lux) noch ein brauchbares Farbbild mit einem Minimum an Umgebungslicht.<\/p>\n<p>Die Kamera verf\u00fcgt \u00fcber einen integrierten automatischen Tag-\/Nacht-IR-Sperrfilter und kann bei Dunkelheit auch die integrierte IR-Beleuchtung einschalten, sodass auch bei v\u00f6lliger Dunkelheit (0 Lux) ein gestochen scharfes Bild entsteht. Die IR-Beleuchtung hat eine sehr gro\u00dfe Reichweite von nicht weniger als 60 Metern. Die Kamera verf\u00fcgt \u00fcber einen Wide Dynamic Range (WDR) von 120 dB, wodurch die Kamera auch mit komplexen Lichtverh\u00e4ltnissen wie Gegenlicht durch die Sonne oder Autoscheinwerfern sehr gut zurechtkommt.<\/p>\n<p>Bilder k\u00f6nnen unter anderem auf einem Netzwerk-Videorecorder (NVR) gespeichert werden. Die Kamera verf\u00fcgt au\u00dferdem \u00fcber die M\u00f6glichkeit, in der Kamera auf einer microSD-Speicherkarte mit bis zu maximal 256 GB (nicht im Lieferumfang enthalten) aufzuzeichnen. Die Kamera verf\u00fcgt \u00fcber einen eingebauten Lautsprecher (Alarm).<\/p>\n<p>Dahua bietet eine kostenlose niederl\u00e4ndische App f\u00fcr Apple iOS und Android an. Die Kamera verf\u00fcgt \u00fcber einen internen Webserver, der \u00fcber einen Webbrowser angezeigt und verwaltet werden kann. Video Management Software (VMS) f\u00fcr einen Computer kann kostenlos von der Dahua-Website heruntergeladen werden. Der Reiter \u201eDokumentation\u201c enth\u00e4lt einen Link zur Produktseite des Herstellers.<\/p>\n<p>Die Dahua IPC-HFW5241T-AS-PV verf\u00fcgt \u00fcber die Schutzart IP67, wodurch sich die Kamera ideal f\u00fcr den Au\u00dfenbereich eignet. Zur einfacheren Installation kann die Kamera \u00fcber das Netzwerkkabel mit Power over Ethernet (Standard 802.3af P0E) mit Strom versorgt werden. PoE kann \u00fcber einen PoE-NVR, einen PoE-Switch oder mit einem PoE-Injektor bezogen werden. Die Kamera kann auch mit einem optionalen 12-V-Netzteil mit Strom versorgt werden.<br \/>\nUnter der Registerkarte \u201eOptionen\u201c k\u00f6nnen Sie angeben, ob ein Adapter und\/oder eine Dahua-Montagehalterung enthalten sein soll. Die Kamera ist \u00fcber 3 Achsen verstellbar und eignet sich daher sehr gut f\u00fcr die vertikale Aufstellung an einer Wand.<\/p>\n<p><strong>Wichtigste Funktionen<\/strong><\/p>\n<ul>\n<li>2 Megapixel Full HD Starlight Pro AI-Kamera<\/li>\n<li>Aktive Abschreckung, wei\u00dfe LED<\/li>\n<li>Eingebauter Alarmlautsprecher<\/li>\n<li>Alarmeingang und -ausgang<\/li>\n<li>Auf microSD-Karte aufnehmen<\/li>\n<li>Tag-\/Nachtkamera mit automatischem mechanischem IR-Sperrfilter<\/li>\n<li>IR-Nachtsichtbeleuchtung bis zu 60 Meter<\/li>\n<li>Auf 3 Achsen verstellbar<\/li>\n<li>120 dB breiter Dynamikbereich (WDR)<\/li>\n<li>Zonen-optionale Hintergrundbeleuchtungskompensation (BLC)<\/li>\n<li>3D-Digital-Rauschunterdr\u00fcckung (3D-DNR)<\/li>\n<li>Bewegungserkennung, Manipulationsalarm, Privatzonenmaske<\/li>\n<li>ONVIF-Protokoll<\/li>\n<li>Stromversorgung \u00fcber 12VDC-Adapter oder \u00fcber PoE (802.3af)<\/li>\n<\/ul>\n<p><a href=\"https:\/\/www.webstore4ipcameras.nl\/Copyright\" target=\"_blank\" rel=\"noopener\"><span style=\"color: #ff6e03; font-size: 11px;\">\u00a9 Der Text ist urheberrechtlich gesch\u00fctzt<\/span><\/a><\/p>","protected":false},"excerpt":{"rendered":"<p>De Dahua IPC-HFW5241T-AS-PV is een Full HD 2 megapixel bullet Starlight Pro AI camera met een zeer lichtgevoelige beeldsensor en 60 meter infrarood nachtzicht, ingebouwde speaker, Active Deterrence wit LED, 120db WDR, PoE voeding en microSD opname voor binnen of buiten. De camera behoort tot de Dahua Pro AI series met een Artificial Intelligence chip<\/p>\n<div class=\"klb-readmore button\"><a class=\"btn link\" href=\"https:\/\/staging.webstore4.com\/de\/product\/dahua-ipc-hfw5241t-as-pv-2mp-bullet-camera\/\">Mehr lesen <i class=\"klbth-icon-right-arrow\"><\/i><\/a><\/div>","protected":false},"featured_media":8981,"comment_status":"open","ping_status":"closed","template":"","meta":[],"pwb-brand":[3376],"product_cat":[3435,4184,4219,4199],"product_tag":[],"class_list":{"0":"post-8980","1":"product","2":"type-product","3":"status-publish","4":"has-post-thumbnail","6":"pwb-brand-dahua","7":"product_cat-ip-cameras","8":"product_cat-cameras","9":"product_cat-bullet-box-cameras-cameras","10":"product_cat-dahua-starlight-series","11":"product_shipping_class-pakket","12":"pa_audio-ingang-uitgang","13":"pa_audio-speaker","14":"pa_beeldhoek-graden-horizontaal-3910","15":"pa_beeldsensor-1-2-8-cmos","16":"pa_dag-nacht-ir-cut-filter-ja","17":"pa_geheugenkaart-type-micro-sdsdhcsdxc-256gb","18":"pa_ingebouwd-type-nachtzicht-infrared-ir-led","19":"pa_lens-mm-2-8","20":"pa_megapixel-2mp","21":"pa_merk-dahua","22":"pa_minimale-verlichting-0-002-lux-0-lux-met-ir","23":"pa_mobiele-app-fabrikant-ja","24":"pa_nachtzicht-ja","25":"pa_omgeving-binnen-en-buiten","26":"pa_opnemen-op-sd-kaart-ja","27":"pa_poe-802-3af","28":"pa_product-status-a","29":"pa_resolutie-max-pixels-full-hd-1920x1080","30":"pa_vandaalbestendig-nee","31":"pa_verstelbare-assen-3631","32":"pa_voeding-12vdc","33":"pa_voeding-poe","34":"pa_wdr-ja","36":"first","37":"onbackorder","38":"taxable","39":"shipping-taxable","40":"purchasable","41":"product-type-simple"},"brands":[{"id":3376,"name":"Dahua","slug":"dahua"}],"_links":{"self":[{"href":"https:\/\/staging.webstore4.com\/de\/wp-json\/wp\/v2\/product\/8980","targetHints":{"allow":["GET"]}}],"collection":[{"href":"https:\/\/staging.webstore4.com\/de\/wp-json\/wp\/v2\/product"}],"about":[{"href":"https:\/\/staging.webstore4.com\/de\/wp-json\/wp\/v2\/types\/product"}],"replies":[{"embeddable":true,"href":"https:\/\/staging.webstore4.com\/de\/wp-json\/wp\/v2\/comments?post=8980"}],"wp:featuredmedia":[{"embeddable":true,"href":"https:\/\/staging.webstore4.com\/de\/wp-json\/wp\/v2\/media\/8981"}],"wp:attachment":[{"href":"https:\/\/staging.webstore4.com\/de\/wp-json\/wp\/v2\/media?parent=8980"}],"wp:term":[{"taxonomy":"pwb-brand","embeddable":true,"href":"https:\/\/staging.webstore4.com\/de\/wp-json\/wp\/v2\/pwb-brand?post=8980"},{"taxonomy":"product_cat","embeddable":true,"href":"https:\/\/staging.webstore4.com\/de\/wp-json\/wp\/v2\/product_cat?post=8980"},{"taxonomy":"product_tag","embeddable":true,"href":"https:\/\/staging.webstore4.com\/de\/wp-json\/wp\/v2\/product_tag?post=8980"}],"curies":[{"name":"wp","href":"https:\/\/api.w.org\/{rel}","templated":true}]}}