{"id":8988,"date":"2020-01-17T23:17:56","date_gmt":"2020-01-17T21:17:56","guid":{"rendered":"https:\/\/webstore4.com\/\/?product=wl4-poe-uni-c-poe-adapter-kit-voor-voeding-over-netwerkkabel"},"modified":"2025-01-23T08:21:13","modified_gmt":"2025-01-23T07:21:13","slug":"wl4-poe-uni-c-poe-adapter-kit","status":"publish","type":"product","link":"https:\/\/staging.webstore4.com\/de\/product\/wl4-poe-uni-c-poe-adapter-kit\/","title":{"rendered":"WL4 POE-UNI-C PoE-Adapter-Kit zur Stromversorgung \u00fcber Netzwerkkabel"},"content":{"rendered":"<p>Der WL4 POE-UNI-C ist ein PoE-Adapter zur Stromversorgung \u00fcber Netzwerkkabel.<\/p>\n<p>Der maximale Ein- und Ausgang betr\u00e4gt 48 VDC \/ 24 Watt. Der PoE-Adapter kann einzeln als Injektor oder paarweise als Injektor und Splitter verwendet werden. Die Reichweite h\u00e4ngt vom Widerstand des Twisted-Pair-Netzwerkkabels, der Leistungsaufnahme des Ger\u00e4ts und einem akzeptablen Spannungsabfall zwischen Netzteil und Ger\u00e4t ab.<\/p>\n<p><strong>Wichtigste Funktionen<\/strong><\/p>\n<ul>\n<li>PoE-Adapter<\/li>\n<li>Der maximale Ein- und Ausgang betr\u00e4gt 48 VDC \/ 24 Watt<\/li>\n<\/ul>\n<p><a href=\"https:\/\/staging.webstore4.com\/Copyright\/\" target=\"_blank\" rel=\"noopener\"><span style=\"color: #ff6e03; font-size: 11px;\">\u00a9 Der Text ist urheberrechtlich gesch\u00fctzt<\/span><\/a><\/p>","protected":false},"excerpt":{"rendered":"<p>De\u00a0WL4 POE-UNI-C is een PoE adapter voor voeding over netwerkkabel. De maximale ingang en uitgang is 48VDC \/ 24Watt. De PoE adapter kan als alleen injector worden gebruikt of per 2 als injector en splitter. Het bereik is afhankelijk van de weerstand van de twisted-pair netwerkkabel, het stroomverbruik van het apparaat en een acceptabele spanningsval<\/p>\n<div class=\"klb-readmore button\"><a class=\"btn link\" href=\"https:\/\/staging.webstore4.com\/de\/product\/wl4-poe-uni-c-poe-adapter-kit\/\">Mehr lesen <i class=\"klbth-icon-right-arrow\"><\/i><\/a><\/div>","protected":false},"featured_media":15512,"comment_status":"open","ping_status":"closed","template":"","meta":[],"pwb-brand":[3380],"product_cat":[3440,4188],"product_tag":[],"class_list":{"0":"post-8988","1":"product","2":"type-product","3":"status-publish","4":"has-post-thumbnail","6":"pwb-brand-wl4","7":"product_cat-netwerk","8":"product_cat-poe","9":"product_shipping_class-pakket","10":"pa_merk-wl4","12":"first","13":"instock","14":"taxable","15":"shipping-taxable","16":"purchasable","17":"product-type-simple"},"brands":[{"id":3380,"name":"WL4","slug":"wl4"}],"_links":{"self":[{"href":"https:\/\/staging.webstore4.com\/de\/wp-json\/wp\/v2\/product\/8988","targetHints":{"allow":["GET"]}}],"collection":[{"href":"https:\/\/staging.webstore4.com\/de\/wp-json\/wp\/v2\/product"}],"about":[{"href":"https:\/\/staging.webstore4.com\/de\/wp-json\/wp\/v2\/types\/product"}],"replies":[{"embeddable":true,"href":"https:\/\/staging.webstore4.com\/de\/wp-json\/wp\/v2\/comments?post=8988"}],"wp:featuredmedia":[{"embeddable":true,"href":"https:\/\/staging.webstore4.com\/de\/wp-json\/wp\/v2\/media\/15512"}],"wp:attachment":[{"href":"https:\/\/staging.webstore4.com\/de\/wp-json\/wp\/v2\/media?parent=8988"}],"wp:term":[{"taxonomy":"pwb-brand","embeddable":true,"href":"https:\/\/staging.webstore4.com\/de\/wp-json\/wp\/v2\/pwb-brand?post=8988"},{"taxonomy":"product_cat","embeddable":true,"href":"https:\/\/staging.webstore4.com\/de\/wp-json\/wp\/v2\/product_cat?post=8988"},{"taxonomy":"product_tag","embeddable":true,"href":"https:\/\/staging.webstore4.com\/de\/wp-json\/wp\/v2\/product_tag?post=8988"}],"curies":[{"name":"wp","href":"https:\/\/api.w.org\/{rel}","templated":true}]}}