{"id":9006,"date":"2020-01-19T16:24:31","date_gmt":"2020-01-19T14:24:31","guid":{"rendered":"https:\/\/webstore4.com\/\/?product=wl4-5m-cable-ip-a-5-meter-aansluitkabel-voor-mobiele-ip-camera-aan-nvr-met-6-pin-m12-connector"},"modified":"2024-04-19T15:09:16","modified_gmt":"2024-04-19T14:09:16","slug":"wl4-5m-cable-ip-a-5-meter-aansluitkabel","status":"publish","type":"product","link":"https:\/\/staging.webstore4.com\/de\/product\/wl4-5m-cable-ip-a-5-meter-aansluitkabel\/","title":{"rendered":"WL4 5M-CABLE-IP-A 5 Meter langes Verbindungskabel f\u00fcr mobile IP-Kamera zum NVR mit 6-poligem M12-Stecker"},"content":{"rendered":"<p>Das WL4 10M-CABLE-IP-A ist ein 10 Meter langes Verbindungskabel zum Anschluss einer mobilen IP-Kamera an einen mNVR mit einem 6-poligen M12-Stecker. Das WL4 10M-CABLE-IP-A eignet sich f\u00fcr den Einsatz in einem Auto, Transporter, Taxi, LKW, Wohnmobil, Personenbus, Stra\u00dfenbahn, Zug, Mietwagen, Pferdeanh\u00e4nger, Viehtransporter, Traktor, Landmaschine, Boot usw.<\/p>\n<p><strong>M\u00f6glichkeiten<\/strong><\/p>\n<p>Das 5M-CABLE-IP-A hat eine L\u00e4nge von 5 Metern und ist mit einem M12-Stecker und Gegenstecker zum Anschluss einer passenden mobilen IP-Kamera an einen mobilen NVR ausgestattet.<\/p>\n<p><strong>Installation<\/strong><\/p>\n<p>F\u00fcr die Installation des mobilen Videosystems und die Konfiguration des Servers sind Fachkenntnisse erforderlich. Wir liefern das System ausschlie\u00dflich an Gesch\u00e4ftskunden und Partner. Wir k\u00f6nnen die Installation eines kompletten Fahrzeugvideo- und Geo-Tracking-Systems bei einem erfahrenen, von BOVAG anerkannten Werkstattunternehmen veranlassen. Fragen Sie uns nach den M\u00f6glichkeiten.<\/p>\n<p><strong>Wichtigste Funktionen<\/strong><\/p>\n<ul>\n<li>5 Meter hochwertiges Verbindungskabel mit M12-Stecker<\/li>\n<li>6-polig<\/li>\n<li>2 Jahre Garantie<\/li>\n<\/ul>\n<p><a href=\"https:\/\/staging.webstore4.com\/Copyright\/\" target=\"_blank\" rel=\"noopener\"><span style=\"color: #ff6e03; font-size: 11px;\">\u00a9 Der Text ist urheberrechtlich gesch\u00fctzt<\/span><\/a><\/p>","protected":false},"excerpt":{"rendered":"<p>De WL4 5M-CABLE-IP-A is een 5 meter aansluitkabel voor het aansluiten van een mobiele IP camera aan een NVR met een 6 pin M12 connector. De WL4 5M-CABLE-IP-A is geschikt voor gebruik in een auto, bestelbus, taxi, vrachtwagen, camper, personen bus, tram, trein, huurauto, paardentrailer, veevervoer, tractor, landbouwmachine, boot etc. Mogelijkheden De 5M-CABLE-IP-A heeft een<\/p>\n<div class=\"klb-readmore button\"><a class=\"btn link\" href=\"https:\/\/staging.webstore4.com\/de\/product\/wl4-5m-cable-ip-a-5-meter-aansluitkabel\/\">Mehr lesen <i class=\"klbth-icon-right-arrow\"><\/i><\/a><\/div>","protected":false},"featured_media":15081,"comment_status":"open","ping_status":"closed","template":"","meta":[],"pwb-brand":[3380],"product_cat":[4184,4240],"product_tag":[],"class_list":{"0":"post-9006","1":"product","2":"type-product","3":"status-publish","4":"has-post-thumbnail","6":"pwb-brand-wl4","7":"product_cat-cameras","8":"product_cat-voertuig-mobiele-ip-video-cameras","9":"product_shipping_class-pakket","10":"pa_merk-wl4","11":"pa_omgeving-binnen-en-buiten","13":"first","14":"instock","15":"taxable","16":"shipping-taxable","17":"purchasable","18":"product-type-simple"},"brands":[{"id":3380,"name":"WL4","slug":"wl4"}],"_links":{"self":[{"href":"https:\/\/staging.webstore4.com\/de\/wp-json\/wp\/v2\/product\/9006","targetHints":{"allow":["GET"]}}],"collection":[{"href":"https:\/\/staging.webstore4.com\/de\/wp-json\/wp\/v2\/product"}],"about":[{"href":"https:\/\/staging.webstore4.com\/de\/wp-json\/wp\/v2\/types\/product"}],"replies":[{"embeddable":true,"href":"https:\/\/staging.webstore4.com\/de\/wp-json\/wp\/v2\/comments?post=9006"}],"wp:featuredmedia":[{"embeddable":true,"href":"https:\/\/staging.webstore4.com\/de\/wp-json\/wp\/v2\/media\/15081"}],"wp:attachment":[{"href":"https:\/\/staging.webstore4.com\/de\/wp-json\/wp\/v2\/media?parent=9006"}],"wp:term":[{"taxonomy":"pwb-brand","embeddable":true,"href":"https:\/\/staging.webstore4.com\/de\/wp-json\/wp\/v2\/pwb-brand?post=9006"},{"taxonomy":"product_cat","embeddable":true,"href":"https:\/\/staging.webstore4.com\/de\/wp-json\/wp\/v2\/product_cat?post=9006"},{"taxonomy":"product_tag","embeddable":true,"href":"https:\/\/staging.webstore4.com\/de\/wp-json\/wp\/v2\/product_tag?post=9006"}],"curies":[{"name":"wp","href":"https:\/\/api.w.org\/{rel}","templated":true}]}}