{"id":9012,"date":"2020-01-19T17:03:58","date_gmt":"2020-01-19T15:03:58","guid":{"rendered":"https:\/\/webstore4.com\/\/?product=wl4-10m-cable-rj45-a-10-meter-aansluitkabel-voor-ip-camera-aan-nvr-met-rj45-dc-en-6-pin-m12-connector"},"modified":"2024-04-19T15:09:17","modified_gmt":"2024-04-19T14:09:17","slug":"wl4-10m-cable-rj45-a-10-meter-aansluitkabel","status":"publish","type":"product","link":"https:\/\/staging.webstore4.com\/de\/product\/wl4-10m-cable-rj45-a-10-meter-aansluitkabel\/","title":{"rendered":"WL4 10M-CABLE-RJ45-A 10 Meter langes Verbindungskabel f\u00fcr IP-Kamera zu NVR mit RJ45, DC und 6-poligem M12-Stecker"},"content":{"rendered":"<p>Das WL4 10M-CABLE-RJ45-A ist ein 10 Meter langes Verbindungskabel f\u00fcr eine IP-Kamera zum NVR mit einem RJ45-, DC- und 6-poligen M12-Stecker. Das WL4 10M-CABLE-RJ45-A eignet sich f\u00fcr den Einsatz in einem Auto, Transporter, Taxi, LKW, Wohnmobil, Personenbus, Stra\u00dfenbahn, Zug, Mietwagen, Pferdeanh\u00e4nger, Viehtransporter, Traktor, Landmaschine, Boot usw.<\/p>\n<p><strong>M\u00f6glichkeiten<\/strong><\/p>\n<p>Das 10M-CABLE-RJ45-A hat eine L\u00e4nge von 10 Metern und ist mit einem M12-Stecker sowie einem RJ45- und DC-Stecker zum Anschluss einer IP-Kamera an einen mobilen NVR ausgestattet. Mit diesem Kabel kann jede IP-Kamera mit RJ45-Stecker an den mobilen NVR mit 6-poligem M12-Ausgang angeschlossen werden. Der mNVR verf\u00fcgt \u00fcber einen 12VDC\/PoE-Ausgang, sodass eine IP-Kamera mit diesem Kabel auch \u00fcber den DC-Anschluss des Kabels mit 12VDC betrieben werden kann. Nicht jede IP-Kamera ist f\u00fcr den Einbau in Fahrzeugen geeignet.<\/p>\n<p><strong>Installation<\/strong><\/p>\n<p>F\u00fcr die Installation des mobilen Videosystems und die Konfiguration des Servers sind Fachkenntnisse erforderlich. Wir liefern das System ausschlie\u00dflich an Gesch\u00e4ftskunden und Partner. Wir k\u00f6nnen die Installation eines kompletten Fahrzeugvideo- und Geo-Tracking-Systems bei einem erfahrenen, von BOVAG anerkannten Werkstattunternehmen veranlassen. Fragen Sie uns nach den M\u00f6glichkeiten.<\/p>\n<p><strong>Wichtigste Funktionen<\/strong><\/p>\n<ul>\n<li>10 Meter hochwertiges Verbindungskabel M12 \u2013 RJ45\/DC-Stecker<\/li>\n<li>2 Jahre Garantie<\/li>\n<\/ul>\n<p><a href=\"https:\/\/staging.webstore4.com\/Copyright\/\" target=\"_blank\" rel=\"noopener\"><span style=\"color: #ff6e03; font-size: 11px;\">\u00a9 Der Text ist urheberrechtlich gesch\u00fctzt<\/span><\/a><\/p>","protected":false},"excerpt":{"rendered":"<p>De WL4 10M-CABLE-RJ45-A is een 10 meter aansluitkabel voor een IP camera aan NVR met een RJ45, DC en 6 pin M12 connector\u00a0. De WL4 10M-CABLE-RJ45-A is geschikt voor gebruik in een auto, bestelbus, taxi, vrachtwagen, camper, personen bus, tram, trein, huurauto, paardentrailer, veevervoer, tractor, landbouwmachine, boot\u00a0etc. Mogelijkheden De 10M-CABLE-RJ45-A heeft een lengte van 10<\/p>\n<div class=\"klb-readmore button\"><a class=\"btn link\" href=\"https:\/\/staging.webstore4.com\/de\/product\/wl4-10m-cable-rj45-a-10-meter-aansluitkabel\/\">Mehr lesen <i class=\"klbth-icon-right-arrow\"><\/i><\/a><\/div>","protected":false},"featured_media":15086,"comment_status":"closed","ping_status":"closed","template":"","meta":[],"pwb-brand":[3380],"product_cat":[4184,4240],"product_tag":[],"class_list":{"0":"post-9012","1":"product","2":"type-product","3":"status-publish","4":"has-post-thumbnail","6":"pwb-brand-wl4","7":"product_cat-cameras","8":"product_cat-voertuig-mobiele-ip-video-cameras","9":"product_shipping_class-pakket","10":"pa_merk-wl4","11":"pa_omgeving-binnen-en-buiten","13":"first","14":"instock","15":"taxable","16":"shipping-taxable","17":"purchasable","18":"product-type-simple"},"brands":[{"id":3380,"name":"WL4","slug":"wl4"}],"_links":{"self":[{"href":"https:\/\/staging.webstore4.com\/de\/wp-json\/wp\/v2\/product\/9012","targetHints":{"allow":["GET"]}}],"collection":[{"href":"https:\/\/staging.webstore4.com\/de\/wp-json\/wp\/v2\/product"}],"about":[{"href":"https:\/\/staging.webstore4.com\/de\/wp-json\/wp\/v2\/types\/product"}],"replies":[{"embeddable":true,"href":"https:\/\/staging.webstore4.com\/de\/wp-json\/wp\/v2\/comments?post=9012"}],"wp:featuredmedia":[{"embeddable":true,"href":"https:\/\/staging.webstore4.com\/de\/wp-json\/wp\/v2\/media\/15086"}],"wp:attachment":[{"href":"https:\/\/staging.webstore4.com\/de\/wp-json\/wp\/v2\/media?parent=9012"}],"wp:term":[{"taxonomy":"pwb-brand","embeddable":true,"href":"https:\/\/staging.webstore4.com\/de\/wp-json\/wp\/v2\/pwb-brand?post=9012"},{"taxonomy":"product_cat","embeddable":true,"href":"https:\/\/staging.webstore4.com\/de\/wp-json\/wp\/v2\/product_cat?post=9012"},{"taxonomy":"product_tag","embeddable":true,"href":"https:\/\/staging.webstore4.com\/de\/wp-json\/wp\/v2\/product_tag?post=9012"}],"curies":[{"name":"wp","href":"https:\/\/api.w.org\/{rel}","templated":true}]}}