{"id":9044,"date":"2020-01-25T02:08:55","date_gmt":"2020-01-25T00:08:55","guid":{"rendered":"https:\/\/webstore4.com\/\/?product=hikvision-hwi-b121h-m-hiwatch-full-hd-2mp-buiten-bullet-met-ir-nachtzicht-wdr-en-poe"},"modified":"2024-04-19T15:09:26","modified_gmt":"2024-04-19T14:09:26","slug":"hikvision-ds-2cd1023g0e-i-full-hd-2mp-buiten-bullet-met-ir-nachtzicht-wdr-en-poe","status":"publish","type":"product","link":"https:\/\/staging.webstore4.com\/de\/product\/hikvision-ds-2cd1023g0e-i-full-hd-2mp-buiten-bullet-met-ir-nachtzicht-wdr-en-poe\/","title":{"rendered":"Hikvision DS-2CD1023G0E-I Full HD 2MP Outdoor-Bullet mit IR-Nachtsicht, WDR und PoE"},"content":{"rendered":"<p>De Hikvision DS-2CD1023G0E-I is een Full HD 2MP bullet met IR nachtzicht, vaste 2.8mm lens, Digitale WDR en PoE voor binnen of buiten.<\/p>\n<p><strong>M\u00f6glichkeiten<\/strong><\/p>\n<p>De Hikvision DS-2CD1023G0E-I geeft beelden weer in een Full HD 1920&#215;1080 resolutie. De camera heeft een ingebouwd automatisch IR-cut filter en is daarmee een echte dag\/nacht camera. In donkere omstandigheden kan de camera de ingebouwde IR verlichting inschakelen waardoor er zelfs in volledige duisternis (0 Lux) een haarscherp beeld is. De IR verlichting heeft een bereik van 30 meter. De camera beschikt over digitale Wide Dynamic Range (WDR).<\/p>\n<p>Das 2,8-mm-Objektiv von Dec hat einen horizontalen Bildwinkel von 114,8 Grad.<\/p>\n<p>De Hikvision DS-2CD1023G0E-I beschikt over onder andere bewegingsdetectie en privacy masking. Beelden kunnen onder meer worden opgeslagen op een Netwerk Video Recorder (NVR). De camera beschikt <u>nicht<\/u> \u00fcber die M\u00f6glichkeit der Aufnahme in der Kamera auf einer microSD-Speicherkarte.<\/p>\n<p>Hikvision bietet eine kostenlose mobile App f\u00fcr Apple iOS und Android. Die Kamera verf\u00fcgt \u00fcber einen internen Webserver, der \u00fcber einen Webbrowser angezeigt und verwaltet werden kann. Die kostenlose Video Management Software (VMS) kann von der Hikvision-Website heruntergeladen werden. Unter der Registerkarte \u201eDokumentation\u201c finden Sie einen Link zur Produktseite des Herstellers.<\/p>\n<p>De Hikvision DS-2CD1023G0E-I heeft een IP67 rating waardoor de camera uitermate geschikt is voor gebruik buiten. De behuizing van de camera is van metaal. Voor installatiegemak kan de camera via de netwerkkabel worden gevoed met Power over Ethernet (standaard 802.3af ). PoE kan worden verkregen door een PoE NVR, een PoE switch of met een PoE injector. De camera kan ook worden gevoed met een optionele 12VDC voeding adapter. Onder het tabblad &#8220;Opties&#8221; kan worden aangegeven of een adapter moet worden meegeleverd. Onder het tabblad &#8220;Opties&#8221; staan geschikte Hikvision montagebeugels.<\/p>\n<p><strong>Wichtigste Funktionen<\/strong><\/p>\n<ul>\n<li>2-Megapixel-Full-HD-Kamera<\/li>\n<li>Tag-\/Nachtkamera mit automatischem mechanischem IR-Sperrfilter<\/li>\n<li>Intelligente IR-Nachtsichtbeleuchtung bis zu 30 Meter<\/li>\n<li>Digital Wide Dynamic Range (WDR)<\/li>\n<li>Zonen-optionale Gegenlichtkompensation (BLC)<\/li>\n<li>3D-Digital-Rauschunterdr\u00fcckung (3D-DNR)<\/li>\n<li>Bewegungserkennung, Manipulationsalarm, Privatzonenmaske<\/li>\n<li>ONVIF-Protokoll<\/li>\n<li>H.265+-Codec<\/li>\n<li>Stromversorgung \u00fcber 12VDC-Adapter oder \u00fcber PoE (802.3af)<\/li>\n<li>Wetterfest IP67<\/li>\n<li>Bitrate 32 Kbit\/s ~ 8 Mbit\/s<\/li>\n<li>Operationeel temperatuurbereik\u00a0-30 \u00b0C ~ + 50 \u00b0C<\/li>\n<\/ul>\n<p><a href=\"https:\/\/staging.webstore4.com\/Copyright\/\" target=\"_blank\" rel=\"noopener\"><span style=\"color: #ff6e03; font-size: 11px;\">\u00a9 Der Text ist urheberrechtlich gesch\u00fctzt<\/span><\/a><\/p>","protected":false},"excerpt":{"rendered":"<p>De Hikvision DS-2CD1023G0E-I is een Full HD 2MP bullet met IR nachtzicht, vaste 2.8mm lens, Digitale WDR en PoE voor binnen of buiten. Mogelijkheden De Hikvision DS-2CD1023G0E-I geeft beelden weer in een Full HD 1920&#215;1080 resolutie. De camera heeft een ingebouwd automatisch IR-cut filter en is daarmee een echte dag\/nacht camera. In donkere omstandigheden kan<\/p>\n<div class=\"klb-readmore button\"><a class=\"btn link\" href=\"https:\/\/staging.webstore4.com\/de\/product\/hikvision-ds-2cd1023g0e-i-full-hd-2mp-buiten-bullet-met-ir-nachtzicht-wdr-en-poe\/\">Mehr lesen <i class=\"klbth-icon-right-arrow\"><\/i><\/a><\/div>","protected":false},"featured_media":11921,"comment_status":"open","ping_status":"closed","template":"","meta":[],"pwb-brand":[3367],"product_cat":[4184,4219],"product_tag":[],"class_list":{"0":"post-9044","1":"product","2":"type-product","3":"status-publish","4":"has-post-thumbnail","6":"pwb-brand-hikvision","7":"product_cat-cameras","8":"product_cat-bullet-box-cameras-cameras","9":"product_shipping_class-pakket","10":"pa_alarm-ingang-uitgang-nee","11":"pa_audio-nee","12":"pa_beeldhoek-graden-horizontaal-114-8","13":"pa_beeldsensor-1-2-8-cmos","14":"pa_dag-nacht-ir-cut-filter-ja","15":"pa_ingebouwd-type-nachtzicht-infrared-ir-led","16":"pa_lens-mm-2-8","17":"pa_materiaal-kunststof","18":"pa_megapixel-2mp","19":"pa_merk-hikvision","20":"pa_minimale-verlichting-0-01-lux-0-lux-met-ir","21":"pa_mobiele-app-fabrikant-ja","22":"pa_nachtzicht-ja","23":"pa_omgeving-binnen-en-buiten","24":"pa_opnemen-op-sd-kaart-nee","25":"pa_poe-802-3af","26":"pa_product-status-d","27":"pa_resolutie-max-pixels-full-hd-1920x1080","28":"pa_vandaalbestendig-nee","29":"pa_voeding-12vdc","30":"pa_voeding-poe","31":"pa_wdr-ja","33":"first","34":"onbackorder","35":"taxable","36":"shipping-taxable","37":"purchasable","38":"product-type-simple"},"brands":[{"id":3367,"name":"Hikvision","slug":"hikvision"}],"_links":{"self":[{"href":"https:\/\/staging.webstore4.com\/de\/wp-json\/wp\/v2\/product\/9044","targetHints":{"allow":["GET"]}}],"collection":[{"href":"https:\/\/staging.webstore4.com\/de\/wp-json\/wp\/v2\/product"}],"about":[{"href":"https:\/\/staging.webstore4.com\/de\/wp-json\/wp\/v2\/types\/product"}],"replies":[{"embeddable":true,"href":"https:\/\/staging.webstore4.com\/de\/wp-json\/wp\/v2\/comments?post=9044"}],"wp:featuredmedia":[{"embeddable":true,"href":"https:\/\/staging.webstore4.com\/de\/wp-json\/wp\/v2\/media\/11921"}],"wp:attachment":[{"href":"https:\/\/staging.webstore4.com\/de\/wp-json\/wp\/v2\/media?parent=9044"}],"wp:term":[{"taxonomy":"pwb-brand","embeddable":true,"href":"https:\/\/staging.webstore4.com\/de\/wp-json\/wp\/v2\/pwb-brand?post=9044"},{"taxonomy":"product_cat","embeddable":true,"href":"https:\/\/staging.webstore4.com\/de\/wp-json\/wp\/v2\/product_cat?post=9044"},{"taxonomy":"product_tag","embeddable":true,"href":"https:\/\/staging.webstore4.com\/de\/wp-json\/wp\/v2\/product_tag?post=9044"}],"curies":[{"name":"wp","href":"https:\/\/api.w.org\/{rel}","templated":true}]}}