{"id":9048,"date":"2020-01-26T01:26:47","date_gmt":"2020-01-25T23:26:47","guid":{"rendered":"https:\/\/webstore4.com\/\/?product=dahua-vtm128-3-module-opbouw-en-inbouw-behuizing-voor-modulair-buiten-station-vto4-serie"},"modified":"2024-04-19T15:09:27","modified_gmt":"2024-04-19T14:09:27","slug":"dahua-vtm128-3-module-opbouw-en-inbouw-behuizing-voor-modulair-buiten-station-vto4-serie","status":"publish","type":"product","link":"https:\/\/staging.webstore4.com\/de\/product\/dahua-vtm128-3-module-opbouw-en-inbouw-behuizing-voor-modulair-buiten-station-vto4-serie\/","title":{"rendered":"Dahua VTM128 3-Modul-Aufputz- und Unterputzgeh\u00e4use f\u00fcr modulare Au\u00dfenstation VTO4-Serie"},"content":{"rendered":"<p>Das Dahua VTM127 ist ein 2-Modul-Aufputz- und Unterputzgeh\u00e4use f\u00fcr eine modulare Dahua-Au\u00dfensprechstelle der VTO4-Serie. Der VTM127 ist anschlie\u00dfbar und erfordert eine VTM125-Frontplatte. Der VTM127 kann vertikal oder horizontal montiert werden.<\/p>\n<p>Onder het tabblad &#8216;Documentatie&#8217; is een link naar de datasheet en naar de product pagina van Dahua opgenomen.<\/p>\n<p><strong>Wichtigste Funktionen<\/strong><\/p>\n<ul>\n<li>3-module behuizing<\/li>\n<li>VTO4 serie<\/li>\n<li>Grau<\/li>\n<\/ul>\n<p><a href=\"https:\/\/staging.webstore4.com\/Copyright\/\" target=\"_blank\" rel=\"noopener\"><span style=\"color: #ff6e03; font-size: 11px;\">\u00a9 Der Text ist urheberrechtlich gesch\u00fctzt<\/span><\/a><\/p>","protected":false},"excerpt":{"rendered":"<p>De Dahua VTM128 is een 3-module opbouw en inbouw behuizing voor een modulair Dahua intercom buiten station uit de VTO4 serie. De VTM128 is koppelbaar en vereist een voorpaneel VTM126.\u00a0De VTM128 kan verticaal of horizontaal worden gemonteerd. Onder het tabblad &#8216;Documentatie&#8217; is een link naar de datasheet en naar de product pagina van Dahua opgenomen.<\/p>\n<div class=\"klb-readmore button\"><a class=\"btn link\" href=\"https:\/\/staging.webstore4.com\/de\/product\/dahua-vtm128-3-module-opbouw-en-inbouw-behuizing-voor-modulair-buiten-station-vto4-serie\/\">Mehr lesen <i class=\"klbth-icon-right-arrow\"><\/i><\/a><\/div>","protected":false},"featured_media":9049,"comment_status":"open","ping_status":"closed","template":"","meta":[],"pwb-brand":[3376],"product_cat":[4178,4179,4227,4259],"product_tag":[],"class_list":{"0":"post-9048","1":"product","2":"type-product","3":"status-publish","4":"has-post-thumbnail","6":"pwb-brand-dahua","7":"product_cat-intercom","8":"product_cat-dahua-ip-video","9":"product_cat-series-intercom","10":"product_cat-dahua-2nd-generation","11":"product_shipping_class-pakket","12":"pa_behuizing-3-modules","13":"pa_materiaal-aluminium","14":"pa_merk-dahua","15":"pa_montage-inbouw","16":"pa_montage-opbouw","17":"pa_omgeving-binnen-en-buiten","18":"pa_product-modulair","19":"pa_product-status-a","21":"first","22":"onbackorder","23":"taxable","24":"shipping-taxable","25":"purchasable","26":"product-type-simple"},"brands":[{"id":3376,"name":"Dahua","slug":"dahua"}],"_links":{"self":[{"href":"https:\/\/staging.webstore4.com\/de\/wp-json\/wp\/v2\/product\/9048","targetHints":{"allow":["GET"]}}],"collection":[{"href":"https:\/\/staging.webstore4.com\/de\/wp-json\/wp\/v2\/product"}],"about":[{"href":"https:\/\/staging.webstore4.com\/de\/wp-json\/wp\/v2\/types\/product"}],"replies":[{"embeddable":true,"href":"https:\/\/staging.webstore4.com\/de\/wp-json\/wp\/v2\/comments?post=9048"}],"wp:featuredmedia":[{"embeddable":true,"href":"https:\/\/staging.webstore4.com\/de\/wp-json\/wp\/v2\/media\/9049"}],"wp:attachment":[{"href":"https:\/\/staging.webstore4.com\/de\/wp-json\/wp\/v2\/media?parent=9048"}],"wp:term":[{"taxonomy":"pwb-brand","embeddable":true,"href":"https:\/\/staging.webstore4.com\/de\/wp-json\/wp\/v2\/pwb-brand?post=9048"},{"taxonomy":"product_cat","embeddable":true,"href":"https:\/\/staging.webstore4.com\/de\/wp-json\/wp\/v2\/product_cat?post=9048"},{"taxonomy":"product_tag","embeddable":true,"href":"https:\/\/staging.webstore4.com\/de\/wp-json\/wp\/v2\/product_tag?post=9048"}],"curies":[{"name":"wp","href":"https:\/\/api.w.org\/{rel}","templated":true}]}}