{"id":9060,"date":"2020-01-26T18:05:22","date_gmt":"2020-01-26T16:05:22","guid":{"rendered":"https:\/\/webstore4.com\/\/?product=dahua-vto4202f-mb5-ip-video-intercom-5-belknop-module"},"modified":"2024-04-19T15:09:28","modified_gmt":"2024-04-19T14:09:28","slug":"dahua-vto4202f-mb5-ip-video-intercom-5-belknop-module","status":"publish","type":"product","link":"https:\/\/staging.webstore4.com\/de\/product\/dahua-vto4202f-mb5-ip-video-intercom-5-belknop-module\/","title":{"rendered":"Dahua VTO4202F-MB5 IP-Video-Gegensprechanlage 5 Ruftastenmodul"},"content":{"rendered":"<p>Das Dahua VTO4202F-MB5 ist ein Modul mit 5 Ruftasten f\u00fcr das modulare IP-Video-T\u00fcrklingelsystem der 2. Generation von Dahua. Das Modul funktioniert nur in Kombination mit dem Hauptmodul VTO4202F-P oder VTO4202F-MA. Der VTO4202F-MB5 wird vom Hauptmodul mit Strom versorgt. Das Modul verf\u00fcgt \u00fcber 5 mechanische Tasten und Namensschilder.<\/p>\n<p><strong>Montage<\/strong><\/p>\n<p>Der Dahua VTO4202F-MB5 besteht aus robustem Aluminium und Kunststoff und ist vandalensicher (IK07). Die gesamte Au\u00dfenstation muss mit dem Geh\u00e4use VTM127 (2 Module) oder VTM128 (3 Module) eingebaut oder montiert werden. VTM127 und VTM128 sind nicht im Lieferumfang enthalten und k\u00f6nnen separat bestellt werden. F\u00fcr VTM127 und VTM128 ist eine Frontplatte VTM125 (f\u00fcr VTM127) oder VTM126 (f\u00fcr VTM128) erforderlich. Das Geh\u00e4use kann horizontal oder vertikal montiert werden.<\/p>\n<p>Unter dem Reiter \u201eDokumentation\u201c gibt es einen Link zur Produktseite des Herstellers inklusive Handbuch und Ma\u00dfdokumentation sowie einen Link zum Datenblatt mit allen Spezifikationen.<\/p>\n<p><strong>Wichtigste Funktionen<\/strong><\/p>\n<ul>\n<li>5 Ruftastenmodul<\/li>\n<li>Aufputz oder Einbau<\/li>\n<li>Maximal 9 Module<\/li>\n<\/ul>\n<p><a href=\"https:\/\/staging.webstore4.com\/Copyright\/\" target=\"_blank\" rel=\"noopener\"><span style=\"color: #ff6e03; font-size: 11px;\">\u00a9 Der Text ist urheberrechtlich gesch\u00fctzt<\/span><\/a><\/p>","protected":false},"excerpt":{"rendered":"<p>De Dahua VTO4202F-MB5 is 5 belknop module voor het 2nd generation Dahua modulaire IP video deurbel systeem. De module werk alleen in combinatie met de hoofdmodule VTO4202F-P of VTO4202F-MA. De\u00a0VTO4202F-MB5 wordt gevoed door de hoofdmodule. De module heeft 5 mechanische knoppen en naamplaatjes. Montage De Dahua\u00a0VTO4202F-MB5 is gemaakt van duurzaam aluminium en kunststof en is<\/p>\n<div class=\"klb-readmore button\"><a class=\"btn link\" href=\"https:\/\/staging.webstore4.com\/de\/product\/dahua-vto4202f-mb5-ip-video-intercom-5-belknop-module\/\">Mehr lesen <i class=\"klbth-icon-right-arrow\"><\/i><\/a><\/div>","protected":false},"featured_media":9061,"comment_status":"open","ping_status":"closed","template":"","meta":[],"pwb-brand":[3376],"product_cat":[4178,4179,4227,4259],"product_tag":[],"class_list":{"0":"post-9060","1":"product","2":"type-product","3":"status-publish","4":"has-post-thumbnail","6":"pwb-brand-dahua","7":"product_cat-intercom","8":"product_cat-dahua-ip-video","9":"product_cat-series-intercom","10":"product_cat-dahua-2nd-generation","11":"product_shipping_class-pakket","12":"pa_kaartlezer-nee","13":"pa_kleur-grijs","14":"pa_materiaal-aluminium","15":"pa_materiaal-kunststof","16":"pa_merk-dahua","17":"pa_mobiele-app-fabrikant-ja","18":"pa_montage-inbouw","19":"pa_montage-opbouw","20":"pa_omgeving-binnen-en-buiten","21":"pa_product-modulair","22":"pa_product-status-a","23":"pa_vandaalbestendig-ik07","24":"pa_voeding-vto4202f-p-vto4202f-ma","26":"first","27":"onbackorder","28":"taxable","29":"shipping-taxable","30":"purchasable","31":"product-type-simple"},"brands":[{"id":3376,"name":"Dahua","slug":"dahua"}],"_links":{"self":[{"href":"https:\/\/staging.webstore4.com\/de\/wp-json\/wp\/v2\/product\/9060","targetHints":{"allow":["GET"]}}],"collection":[{"href":"https:\/\/staging.webstore4.com\/de\/wp-json\/wp\/v2\/product"}],"about":[{"href":"https:\/\/staging.webstore4.com\/de\/wp-json\/wp\/v2\/types\/product"}],"replies":[{"embeddable":true,"href":"https:\/\/staging.webstore4.com\/de\/wp-json\/wp\/v2\/comments?post=9060"}],"wp:featuredmedia":[{"embeddable":true,"href":"https:\/\/staging.webstore4.com\/de\/wp-json\/wp\/v2\/media\/9061"}],"wp:attachment":[{"href":"https:\/\/staging.webstore4.com\/de\/wp-json\/wp\/v2\/media?parent=9060"}],"wp:term":[{"taxonomy":"pwb-brand","embeddable":true,"href":"https:\/\/staging.webstore4.com\/de\/wp-json\/wp\/v2\/pwb-brand?post=9060"},{"taxonomy":"product_cat","embeddable":true,"href":"https:\/\/staging.webstore4.com\/de\/wp-json\/wp\/v2\/product_cat?post=9060"},{"taxonomy":"product_tag","embeddable":true,"href":"https:\/\/staging.webstore4.com\/de\/wp-json\/wp\/v2\/product_tag?post=9060"}],"curies":[{"name":"wp","href":"https:\/\/api.w.org\/{rel}","templated":true}]}}