{"id":9121,"date":"2020-03-07T17:39:37","date_gmt":"2020-03-07T15:39:37","guid":{"rendered":"https:\/\/webstore4.com\/\/?product=hikvision-ds-2de3a404iw-dew-full-hd-4mp-wifi-mini-buiten-ptz-met-4x-zoom-ir-nachtzicht-poe-120db-wdr-en-sd-slot"},"modified":"2024-04-19T15:09:47","modified_gmt":"2024-04-19T14:09:47","slug":"hikvision-ds-2de3a404iwg-e-wo-std-4mp-wifi-ptz-camera","status":"publish","type":"product","link":"https:\/\/staging.webstore4.com\/de\/product\/hikvision-ds-2de3a404iwg-e-wo-std-4mp-wifi-ptz-camera\/","title":{"rendered":"Hikvision DS-2DE3A404IWG-E\/W(O-STD) Full HD 4MP WiFi mini buiten PTZ camera met 4x zoom, IR nachtzicht, PoE, 120dB WDR en SD slot"},"content":{"rendered":"<div class=\"video-frame-box\" style=\"width: 100%; max-width: 480px; max-height: 270px; float: right; padding: 0px 10px 10px 10px;\">\n<div class=\"video-frame\"><iframe src=\"\/\/www.youtube.com\/embed\/wVUdvO_ut68?rel=0&amp;modestbranding=1&amp;showinfo=0&amp;autohide=1\" width=\"480\" height=\"270\" frameborder=\"0\"><\/iframe><\/div>\n<\/div>\n<p>De Hikvision DS-2DE3A404IWG-E\/W(O-STD) is een Full HD WiFi 4MP mini buiten PTZ dome met 4x zoom, IR nachtzicht, PoE, 120dB WDR, wit licht, luidspreker\/microfoon en microSD kaart opname. De camera kan kantelen, draaien en zoomen (Pan\/Tilt\/Zoom). De camera heeft een ge\u00efntegreerde muurbeugel.<\/p>\n<p><strong>M\u00f6glichkeiten<\/strong><\/p>\n<p>De Hikvision DS-2DE3A404IWG-E\/W(O-STD) geeft beelden weer in een Full HD 2560&#215;1440 resolutie. De camera heeft een gemotoriseerde 2.8 &#8211; 12mm lens met een horizontale beeldhoek van 96.7 tot 31.6 graden.<\/p>\n<p>Door de zeer lichtgevoelige beeldchip (Darkfighter technologie) levert de camera met een minimum aan omgevingslicht nog\u00a0bruikbaar kleurenbeeld. In zeer donkere omstandigheden kan de camera ook de ingebouwde IR verlichting inschakelen waardoor zelfs beelden in volledige duisternis (0 Lux) kunnen worden bekeken.\u00a0De IR verlichting heeft een bereik van 50 meter.\u00a0De camera heeft een ingebouwd automatisch IR-cut filter en is daarmee een echte dag\/nacht camera.\u00a0De camera beschikt ook over\u00a0120dB Wide Dynamic Range (WDR) waardoor de camera zeer goed kan omgaan met complexe lichtomstandigheden als gevolg van bijvoorbeeld tegenlicht van de zon of auto koplampen.<\/p>\n<p>De camera beschikt ook over een wit licht LED lamp met maximaal 30 meter bereik en heeft de camera ingebouwde 2-weg audio voor audiovisueel alarm.<\/p>\n<p>Bilder k\u00f6nnen unter anderem auf einem Netzwerk-Videorecorder (NVR) gespeichert werden. Die Kamera verf\u00fcgt au\u00dferdem \u00fcber die M\u00f6glichkeit, in der Kamera auf einer microSD-Speicherkarte mit bis zu maximal 256 GB aufzuzeichnen.<\/p>\n<p>Hikvision heeft een gratis app beschikbaar voor Apple iOS en Android. De camera heeft een interne webserver die met een webbrowser kan worden bekeken en beheerd. Op de website van Hikvision is gratis Video Management Software (VMS) voor een computer te downloaden. Onder de tab &#8220;Documentatie&#8221; is onder meer een link naar de product pagina van de fabrikant opgenomen.<\/p>\n<p>De Hikvision DS-2DE3A404IWG-E\/W(O-STD) heeft een IP66 rating waardoor de camera uitermate geschikt is voor gebruik buiten. Voor installatiegemak kan de camera via de netwerkkabel worden gevoed met Power over Ethernet (standaard 802.3at P0E). PoE kan worden verkregen door een PoE NVR, een PoE switch of met een PoE injector. De camera kan ook worden gevoed met de meegeleverde 12VDC voeding adapter en Wi-Fi worden verbonden.<\/p>\n<p><strong>Wichtigste Funktionen<\/strong><\/p>\n<ul>\n<li>4-Megapixel-Full-HD-Pan-Tilt-Zoom-Domekamera<\/li>\n<li>802.11 b\/g\/n\u00a0WiFi<\/li>\n<li>Tag-\/Nachtkamera mit automatischem mechanischem IR-Sperrfilter<\/li>\n<li>IR nachtzicht tot 50 meter<\/li>\n<li>Aufnahme in der Kamera auf SD-Karte (nicht im Lieferumfang enthalten)<\/li>\n<li>120 dB breiter Dynamikbereich (WDR)<\/li>\n<li>3D-Digital-Rauschunterdr\u00fcckung (3D-DNR)<\/li>\n<li>Mikrofon und Lautsprecher<\/li>\n<li>Alarmeingang und -ausgang<\/li>\n<li>Ingebouwd wit licht tot 30 meter<\/li>\n<li>Bewegungserkennung, Manipulationsalarm, Privatzonenmaske, Smart Events<\/li>\n<li>ONVIF-Protokoll<\/li>\n<li>H.265+ \/ H.265 \/ H.264+ \/ H.264-Komprimierung<\/li>\n<li>Stromversorgung \u00fcber 12VDC-Adapter oder PoE<\/li>\n<\/ul>\n<p><a href=\"https:\/\/staging.webstore4.com\/Copyright\/\" target=\"_blank\" rel=\"noopener\"><span style=\"color: #ff6e03; font-size: 11px;\">\u00a9 Der Text ist urheberrechtlich gesch\u00fctzt<\/span><\/a><\/p>","protected":false},"excerpt":{"rendered":"<p>De Hikvision DS-2DE3A404IWG-E\/W(O-STD) is een Full HD WiFi 4MP mini buiten PTZ dome met 4x zoom, IR nachtzicht, PoE, 120dB WDR, wit licht, luidspreker\/microfoon en microSD kaart opname. De camera kan kantelen, draaien en zoomen (Pan\/Tilt\/Zoom). De camera heeft een ge\u00efntegreerde muurbeugel. Mogelijkheden De Hikvision DS-2DE3A404IWG-E\/W(O-STD) geeft beelden weer in een Full HD 2560&#215;1440 resolutie.<\/p>\n<div class=\"klb-readmore button\"><a class=\"btn link\" href=\"https:\/\/staging.webstore4.com\/de\/product\/hikvision-ds-2de3a404iwg-e-wo-std-4mp-wifi-ptz-camera\/\">Mehr lesen <i class=\"klbth-icon-right-arrow\"><\/i><\/a><\/div>","protected":false},"featured_media":9122,"comment_status":"open","ping_status":"closed","template":"","meta":[],"pwb-brand":[3367],"product_cat":[3435,4184,4185,4200],"product_tag":[3241],"class_list":{"0":"post-9121","1":"product","2":"type-product","3":"status-publish","4":"has-post-thumbnail","6":"pwb-brand-hikvision","7":"product_cat-ip-cameras","8":"product_cat-cameras","9":"product_cat-180-360-ptz-cameras","10":"product_cat-dome-eyeball-cameras-cameras","11":"product_tag-ds-2de3a404iw-de-w","12":"product_shipping_class-pakket","13":"pa_beeldhoek-graden-horizontaal-96-7-31-6","14":"pa_beeldsensor-1-2-8-cmos","15":"pa_dag-nacht-ir-cut-filter-ja","16":"pa_draadloos-ja-wi-fi-802-11","17":"pa_geheugenkaart-type-micro-sdsdhcsdxc-256gb","18":"pa_lens-mm-2-8-12","19":"pa_megapixel-4mp","20":"pa_merk-hikvision","21":"pa_minimale-verlichting-0-005-lux","22":"pa_mobiele-app-fabrikant-ja","23":"pa_nachtzicht-ja","24":"pa_omgeving-binnen-en-buiten","25":"pa_opnemen-op-sd-kaart-ja","26":"pa_poe-802-3at","27":"pa_product-status-a","28":"pa_resolutie-max-pixels-full-hd-2560x1440","29":"pa_vandaalbestendig-nee","30":"pa_voeding-12vdc","31":"pa_voeding-poe","32":"pa_wdr-ja","34":"first","35":"onbackorder","36":"taxable","37":"shipping-taxable","38":"purchasable","39":"product-type-simple"},"brands":[{"id":3367,"name":"Hikvision","slug":"hikvision"}],"_links":{"self":[{"href":"https:\/\/staging.webstore4.com\/de\/wp-json\/wp\/v2\/product\/9121","targetHints":{"allow":["GET"]}}],"collection":[{"href":"https:\/\/staging.webstore4.com\/de\/wp-json\/wp\/v2\/product"}],"about":[{"href":"https:\/\/staging.webstore4.com\/de\/wp-json\/wp\/v2\/types\/product"}],"replies":[{"embeddable":true,"href":"https:\/\/staging.webstore4.com\/de\/wp-json\/wp\/v2\/comments?post=9121"}],"wp:featuredmedia":[{"embeddable":true,"href":"https:\/\/staging.webstore4.com\/de\/wp-json\/wp\/v2\/media\/9122"}],"wp:attachment":[{"href":"https:\/\/staging.webstore4.com\/de\/wp-json\/wp\/v2\/media?parent=9121"}],"wp:term":[{"taxonomy":"pwb-brand","embeddable":true,"href":"https:\/\/staging.webstore4.com\/de\/wp-json\/wp\/v2\/pwb-brand?post=9121"},{"taxonomy":"product_cat","embeddable":true,"href":"https:\/\/staging.webstore4.com\/de\/wp-json\/wp\/v2\/product_cat?post=9121"},{"taxonomy":"product_tag","embeddable":true,"href":"https:\/\/staging.webstore4.com\/de\/wp-json\/wp\/v2\/product_tag?post=9121"}],"curies":[{"name":"wp","href":"https:\/\/api.w.org\/{rel}","templated":true}]}}