{"id":9143,"date":"2020-03-22T12:15:53","date_gmt":"2020-03-22T10:15:53","guid":{"rendered":"https:\/\/webstore4.com\/\/?product=hikvision-hwi-d720h-v-hiwatch-full-hd-2mp-buiten-dome-met-ir-nachtzicht-varifocale-lens-microsd-microfoon-en-poe"},"modified":"2024-06-19T12:37:51","modified_gmt":"2024-06-19T11:37:51","slug":"hikvision-hwi-d720h-v-hiwatch-full-hd-2mp-buiten-dome-met-ir-nachtzicht-varifocale-lens-microsd-microfoon-en-poe","status":"publish","type":"product","link":"https:\/\/staging.webstore4.com\/de\/product\/hikvision-hwi-d720h-v-hiwatch-full-hd-2mp-buiten-dome-met-ir-nachtzicht-varifocale-lens-microsd-microfoon-en-poe\/","title":{"rendered":"Hikvision HWI-D720H-V HiWatch Full HD 2MP Outdoor-Dome mit IR-Nachtsicht, Varioobjektiv, microSD, Mikrofon und PoE"},"content":{"rendered":"<p>Die Hikvision HWI-D720H-V HiWatch ist eine Full-HD-2MP-Domekamera mit IR-Nachtsicht, manuellem Varifokalobjektiv, microSD-Kartenaufzeichnungsoption, WDR, PoE und einem eingebauten Mikrofon f\u00fcr den Innen- und Au\u00dfenbereich.<\/p>\n<p>Hikvision HiWatch producten hebben 3 jaar fabrieksgarantie. Van dit artikel is slechts \u00e9\u00e9n stuks beschikbaar.<\/p>\n<p><strong>M\u00f6glichkeiten<\/strong><\/p>\n<p>Die Hikvision HWI-D720H-V HiWatch zeigt Bilder in einer Full HD-Aufl\u00f6sung von 1920 x 1080 an. Die Kamera verf\u00fcgt \u00fcber einen eingebauten automatischen IR-Sperrfilter, was sie zu einer echten Tag-\/Nachtkamera macht. Bei Dunkelheit kann die Kamera die integrierte IR-Beleuchtung einschalten, die auch bei v\u00f6lliger Dunkelheit (0 Lux) f\u00fcr ein gestochen scharfes Bild sorgt. Die IR-Beleuchtung hat eine Reichweite von 20 Metern. Die Kamera verf\u00fcgt \u00fcber einen Digital Wide Dynamic Range (DWDR), der es der Kamera erm\u00f6glicht, komplexe Lichtverh\u00e4ltnisse zu bew\u00e4ltigen, beispielsweise durch Gegenlicht der Sonne oder Autoscheinwerfer.<\/p>\n<p>Mit dem (<u>nicht<\/u> Dank des motorisierten, verstellbaren 2,8- bis 8-mm-Varifokalobjektivs ist es m\u00f6glich, die Kamera aus der Ferne auf ein entferntes Bild oder ein nahegelegenes Bild zu fokussieren. Durch dieses Vergr\u00f6\u00dfern und Verkleinern variiert der horizontale Blickwinkel zwischen 111 und 54,7 Grad.<\/p>\n<p>Die Hikvision HWI-D720H-V HiWatch verf\u00fcgt unter anderem \u00fcber Bewegungserkennung und Privatsph\u00e4renmaskierung. Bilder k\u00f6nnen unter anderem auf einem Netzwerk-Videorecorder (NVR) gespeichert werden. Die Kamera verf\u00fcgt au\u00dferdem \u00fcber die M\u00f6glichkeit, in der Kamera auf eine microSD-Speicherkarte bis maximal 128 GB aufzuzeichnen.<\/p>\n<p>Hikvision bietet eine kostenlose mobile App f\u00fcr Apple iOS und Android. Die Kamera verf\u00fcgt \u00fcber einen internen Webserver, der \u00fcber einen Webbrowser angezeigt und verwaltet werden kann. Die kostenlose Video Management Software (VMS) kann von der Hikvision HiWatch-Website heruntergeladen werden. Unter dem Reiter \u201eDokumentation\u201c ist ein Link zur Produktseite des Herstellers eingebunden.<\/p>\n<p>De Hikvision HWI-D720H-V HiWatch heeft een IP67 rating waardoor de camera uitermate geschikt is voor gebruik buiten. De behuizing van de camera is van metaal. Voor installatiegemak kan de camera via de netwerkkabel worden gevoed met Power over Ethernet (standaard 802.3af POE). PoE kan worden verkregen door een PoE NVR, een PoE switch of met een PoE injector. De camera kan ook worden gevoed met een optionele 12VDC voeding adapter. Onder het tabblad &#8220;Opties&#8221; kan worden aangegeven of een adapter moet worden meegeleverd. De camera heeft een IK10 klasse vandaalbestendigheid en de lensrichting is verstelbaar over 3 assen.<\/p>\n<p><strong>Wichtigste Funktionen<\/strong><\/p>\n<ul>\n<li>2-Megapixel-Full-HD-Kamera mit Varioobjektiv f\u00fcr gestochen scharfe Bilder<\/li>\n<li>Tag-\/Nachtkamera mit automatischem mechanischem IR-Sperrfilter<\/li>\n<li>Intelligente IR-Nachtsichtbeleuchtung bis zu 20 Meter<\/li>\n<li>Aufnahme in der Kamera auf SD-Karte<\/li>\n<li>Digital Wide Dynamic Range (WDR)<\/li>\n<li>Zonen-optionale Gegenlichtkompensation (BLC)<\/li>\n<li>3D-Digital-Rauschunterdr\u00fcckung (3D-DNR)<\/li>\n<li>Bewegungserkennung, Manipulationsalarm, Privatzonenmaske<\/li>\n<li>ONVIF-Protokoll<\/li>\n<li>H.265+-Codec<\/li>\n<li>Stromversorgung \u00fcber 12VDC-Adapter oder \u00fcber PoE (802.3af)<\/li>\n<li>Wetterfest IP67<\/li>\n<li>Betriebstemperaturbereich -30 \u00b0C bis +45 \u00b0C<\/li>\n<\/ul>\n<p><a href=\"https:\/\/staging.webstore4.com\/Copyright\/\" target=\"_blank\" rel=\"noopener\"><span style=\"color: #ff6e03; font-size: 11px;\">\u00a9 Der Text ist urheberrechtlich gesch\u00fctzt<\/span><\/a><\/p>","protected":false},"excerpt":{"rendered":"<p>De Hikvision HWI-D720H-V\u00a0HiWatch\u00a0is een Full HD 2MP dome met IR nachtzicht, handmatige varifocale lens, microSD kaart opname mogelijkheid, WDR, PoE en een ingebouwde microfoon voor gebruik binnen of buiten. Hikvision HiWatch producten hebben 3 jaar fabrieksgarantie. Van dit artikel is slechts \u00e9\u00e9n stuks beschikbaar. Mogelijkheden De Hikvision HWI-D720H-V HiWatch\u00a0geeft beelden weer in een Full HD<\/p>\n<div class=\"klb-readmore button\"><a class=\"btn link\" href=\"https:\/\/staging.webstore4.com\/de\/product\/hikvision-hwi-d720h-v-hiwatch-full-hd-2mp-buiten-dome-met-ir-nachtzicht-varifocale-lens-microsd-microfoon-en-poe\/\">Mehr lesen <i class=\"klbth-icon-right-arrow\"><\/i><\/a><\/div>","protected":false},"featured_media":9144,"comment_status":"open","ping_status":"closed","template":"","meta":[],"pwb-brand":[3367],"product_cat":[3435,4184,4200,4198,4221],"product_tag":[],"class_list":{"0":"post-9143","1":"product","2":"type-product","3":"status-publish","4":"has-post-thumbnail","6":"pwb-brand-hikvision","7":"product_cat-ip-cameras","8":"product_cat-cameras","9":"product_cat-dome-eyeball-cameras-cameras","10":"product_cat-series","11":"product_cat-hikvision-hiwatch-series","12":"product_shipping_class-pakket","13":"pa_aanbieding-opop","14":"pa_alarm-ingang-uitgang-nee","15":"pa_audio-nee","16":"pa_beeldhoek-graden-horizontaal-111-54-7","17":"pa_beeldsensor-1-2-8-cmos","18":"pa_dag-nacht-ir-cut-filter-ja","19":"pa_geheugenkaart-type-micro-sdsdhcsdxc-128gb","20":"pa_ingebouwd-type-nachtzicht-infrared-ir-led","21":"pa_lens-mm-2-8-8","22":"pa_materiaal-metaal","23":"pa_megapixel-2mp","24":"pa_merk-hikvision","25":"pa_minimale-verlichting-0-01-lux-0-lux-met-ir","26":"pa_mobiele-app-fabrikant-ja","27":"pa_nachtzicht-ja","28":"pa_omgeving-binnen-en-buiten","29":"pa_opnemen-op-sd-kaart-ja","30":"pa_poe-802-3af","31":"pa_resolutie-max-pixels-full-hd-1920x1080","32":"pa_vandaalbestendig-ik10","33":"pa_voeding-12vdc","34":"pa_voeding-poe","35":"pa_wdr-ja","37":"first","38":"instock","39":"sale","40":"sold-individually","41":"taxable","42":"shipping-taxable","43":"purchasable","44":"product-type-simple"},"brands":[{"id":3367,"name":"Hikvision","slug":"hikvision"}],"_links":{"self":[{"href":"https:\/\/staging.webstore4.com\/de\/wp-json\/wp\/v2\/product\/9143","targetHints":{"allow":["GET"]}}],"collection":[{"href":"https:\/\/staging.webstore4.com\/de\/wp-json\/wp\/v2\/product"}],"about":[{"href":"https:\/\/staging.webstore4.com\/de\/wp-json\/wp\/v2\/types\/product"}],"replies":[{"embeddable":true,"href":"https:\/\/staging.webstore4.com\/de\/wp-json\/wp\/v2\/comments?post=9143"}],"wp:featuredmedia":[{"embeddable":true,"href":"https:\/\/staging.webstore4.com\/de\/wp-json\/wp\/v2\/media\/9144"}],"wp:attachment":[{"href":"https:\/\/staging.webstore4.com\/de\/wp-json\/wp\/v2\/media?parent=9143"}],"wp:term":[{"taxonomy":"pwb-brand","embeddable":true,"href":"https:\/\/staging.webstore4.com\/de\/wp-json\/wp\/v2\/pwb-brand?post=9143"},{"taxonomy":"product_cat","embeddable":true,"href":"https:\/\/staging.webstore4.com\/de\/wp-json\/wp\/v2\/product_cat?post=9143"},{"taxonomy":"product_tag","embeddable":true,"href":"https:\/\/staging.webstore4.com\/de\/wp-json\/wp\/v2\/product_tag?post=9143"}],"curies":[{"name":"wp","href":"https:\/\/api.w.org\/{rel}","templated":true}]}}