{"id":9158,"date":"2020-03-29T15:28:36","date_gmt":"2020-03-29T13:28:36","guid":{"rendered":"https:\/\/webstore4.com\/\/?product=yli-abk-702a-l-elektrisch-oplegslot-met-draaiknop-voor-naar-links-opende-deur"},"modified":"2024-10-17T13:12:28","modified_gmt":"2024-10-17T12:12:28","slug":"yli-abk-702a-l-elektrisch-oplegslot-met-draaiknop-voor-naar-links-opende-deur","status":"publish","type":"product","link":"https:\/\/staging.webstore4.com\/de\/product\/yli-abk-702a-l-elektrisch-oplegslot-met-draaiknop-voor-naar-links-opende-deur\/","title":{"rendered":"Elektrisches Felgenschloss YLI ABK-702A-L mit Drehknopf f\u00fcr nach links \u00f6ffnende T\u00fcr"},"content":{"rendered":"<p>De\u00a0YLI ABK-702A-L is een elektrisch oplegslot met draaiknop voor een naar links opende deur.\u00a0Zodra de stroom naar het slot wegvalt is de deur niet op slot (fail safe).<\/p>\n<p><strong>M\u00f6glichkeiten<\/strong><\/p>\n<p>De YLI ABK-702A-L is geschikt om te worden gebruikt met toegangscontrole systemen zoals intercom en paslezers en kan ook worden bediend met de draaiknop aan de binnenkant. Het slot is Het is zeer geschikt om te gebruiken in combinatie met de YLI YC82-2 deurdranger. De deurdranger is opgenomen onder &#8216;Opties&#8217;.<\/p>\n<p>Het slot moet worden gevoed met 12VDC. De voeding wordt niet meegeleverd. In de categorie &#8216;Voedingen&#8217; onder &#8216;Benodigdheden&#8217; staan verschillende geschikte voedingen. Ook onder &#8216;Opties&#8217; staat een geschikte voeding.<br \/>\nWij adviseren de datasheet, die is opgenomen onder het tabblad &#8216;Documentatie&#8217;, te raadplegen voor de afmetingen en de juiste toepassing.<\/p>\n<p><strong>Wichtigste Funktionen<\/strong><\/p>\n<ul>\n<li>Elektrisch oplegslot<\/li>\n<li>Fail safe<\/li>\n<li>Bauwesen<\/li>\n<li>Links opende deur<\/li>\n<li>12VDC Netzteil (nicht im Lieferumfang enthalten)<\/li>\n<\/ul>\n<p><a href=\"https:\/\/staging.webstore4.com\/Copyright\/\" target=\"_blank\" rel=\"noopener\"><span style=\"color: #ff6e03; font-size: 11px;\">\u00a9 Der Text ist urheberrechtlich gesch\u00fctzt<\/span><\/a><\/p>","protected":false},"excerpt":{"rendered":"<p>De\u00a0YLI ABK-702A-L is een elektrisch oplegslot met draaiknop voor een naar links opende deur.\u00a0Zodra de stroom naar het slot wegvalt is de deur niet op slot (fail safe). Mogelijkheden De YLI ABK-702A-L is geschikt om te worden gebruikt met toegangscontrole systemen zoals intercom en paslezers en kan ook worden bediend met de draaiknop aan de<\/p>\n<div class=\"klb-readmore button\"><a class=\"btn link\" href=\"https:\/\/staging.webstore4.com\/de\/product\/yli-abk-702a-l-elektrisch-oplegslot-met-draaiknop-voor-naar-links-opende-deur\/\">Mehr lesen <i class=\"klbth-icon-right-arrow\"><\/i><\/a><\/div>","protected":false},"featured_media":9159,"comment_status":"open","ping_status":"closed","template":"","meta":[],"pwb-brand":[3382],"product_cat":[4191,4197],"product_tag":[],"class_list":{"0":"post-9158","1":"product","2":"type-product","3":"status-publish","4":"has-post-thumbnail","6":"pwb-brand-yli","7":"product_cat-access","8":"product_cat-elektrische-sloten","9":"product_shipping_class-pakket","10":"pa_bewegingssensor-nee","11":"pa_cilinderslot-ja","12":"pa_fail-fail-safe","13":"pa_garantie-2-jaar","14":"pa_merk-yli","15":"pa_montage-opbouw","16":"pa_omgeving-binnen","17":"pa_product-oplegslot","18":"pa_voeding-12vdc","20":"first","21":"onbackorder","22":"taxable","23":"shipping-taxable","24":"purchasable","25":"product-type-simple"},"brands":[{"id":3382,"name":"YLI","slug":"yli"}],"_links":{"self":[{"href":"https:\/\/staging.webstore4.com\/de\/wp-json\/wp\/v2\/product\/9158","targetHints":{"allow":["GET"]}}],"collection":[{"href":"https:\/\/staging.webstore4.com\/de\/wp-json\/wp\/v2\/product"}],"about":[{"href":"https:\/\/staging.webstore4.com\/de\/wp-json\/wp\/v2\/types\/product"}],"replies":[{"embeddable":true,"href":"https:\/\/staging.webstore4.com\/de\/wp-json\/wp\/v2\/comments?post=9158"}],"wp:featuredmedia":[{"embeddable":true,"href":"https:\/\/staging.webstore4.com\/de\/wp-json\/wp\/v2\/media\/9159"}],"wp:attachment":[{"href":"https:\/\/staging.webstore4.com\/de\/wp-json\/wp\/v2\/media?parent=9158"}],"wp:term":[{"taxonomy":"pwb-brand","embeddable":true,"href":"https:\/\/staging.webstore4.com\/de\/wp-json\/wp\/v2\/pwb-brand?post=9158"},{"taxonomy":"product_cat","embeddable":true,"href":"https:\/\/staging.webstore4.com\/de\/wp-json\/wp\/v2\/product_cat?post=9158"},{"taxonomy":"product_tag","embeddable":true,"href":"https:\/\/staging.webstore4.com\/de\/wp-json\/wp\/v2\/product_tag?post=9158"}],"curies":[{"name":"wp","href":"https:\/\/api.w.org\/{rel}","templated":true}]}}