{"id":9229,"date":"2020-04-12T00:11:26","date_gmt":"2020-04-11T22:11:26","guid":{"rendered":"https:\/\/webstore4.com\/\/?product=wl4-rfid-tags-grijs-met-key-ring-10-stuks-met-serienummer"},"modified":"2024-05-27T16:15:55","modified_gmt":"2024-05-27T15:15:55","slug":"wl4-rfid-tags-grijs-met-key-ring-10-stuks-met-serienummer","status":"publish","type":"product","link":"https:\/\/staging.webstore4.com\/de\/product\/wl4-rfid-tags-grijs-met-key-ring-10-stuks-met-serienummer\/","title":{"rendered":"WL4 RFID-Tags grau mit Schl\u00fcsselanh\u00e4nger (10 St\u00fcck) mit Seriennummer"},"content":{"rendered":"<p>De WL4 RFID tags grijs zijn tags die gebruikt worden als toegangsdruppel van bijvoorbeeld RFID toegangscontrole systeem. De tags hebben een keyring, waardoor ze eenvoudig aan een sleutelbos verbonden kunnen worden. De tags werken op frequentie 125 KHz en zijn niet kopieerbaar. Doordat de tags een uniek serienummer hebben, kan er eenvoudig een persoon aan een nummer worden gekoppeld. Dit vereenvoudigd de toegangscontrole en tijdregistratie.<\/p>\n<p><strong>Wichtigste Funktionen<\/strong><\/p>\n<ul>\n<li>Frequentie 125 KHz RFID<\/li>\n<li>Grau<\/li>\n<li>10 St\u00fcck<\/li>\n<\/ul>\n<p><a href=\"https:\/\/staging.webstore4.com\/Copyright\/\" target=\"_blank\" rel=\"noopener\"><span style=\"color: #ff6e03; font-size: 11px;\">\u00a9 Der Text ist urheberrechtlich gesch\u00fctzt<\/span><\/a><\/p>","protected":false},"excerpt":{"rendered":"<p>De WL4 RFID tags grijs zijn tags die gebruikt worden als toegangsdruppel van bijvoorbeeld RFID toegangscontrole systeem. De tags hebben een keyring, waardoor ze eenvoudig aan een sleutelbos verbonden kunnen worden. De tags werken op frequentie 125 KHz en zijn niet kopieerbaar. Doordat de tags een uniek serienummer hebben, kan er eenvoudig een persoon aan<\/p>\n<div class=\"klb-readmore button\"><a class=\"btn link\" href=\"https:\/\/staging.webstore4.com\/de\/product\/wl4-rfid-tags-grijs-met-key-ring-10-stuks-met-serienummer\/\">Mehr lesen <i class=\"klbth-icon-right-arrow\"><\/i><\/a><\/div>","protected":false},"featured_media":9230,"comment_status":"open","ping_status":"closed","template":"","meta":[],"pwb-brand":[3380],"product_cat":[4191,4196],"product_tag":[],"class_list":{"0":"post-9229","1":"product","2":"type-product","3":"status-publish","4":"has-post-thumbnail","6":"pwb-brand-wl4","7":"product_cat-access","8":"product_cat-tags","9":"product_shipping_class-brievenbuspakket","10":"pa_frequentie-tags-en-readers-rfid-125-khz","11":"pa_kleur-grijs","12":"pa_materiaal-kunststof","13":"pa_merk-wl4","14":"pa_product-tag","16":"first","17":"instock","18":"taxable","19":"shipping-taxable","20":"purchasable","21":"product-type-simple"},"brands":[{"id":3380,"name":"WL4","slug":"wl4"}],"_links":{"self":[{"href":"https:\/\/staging.webstore4.com\/de\/wp-json\/wp\/v2\/product\/9229","targetHints":{"allow":["GET"]}}],"collection":[{"href":"https:\/\/staging.webstore4.com\/de\/wp-json\/wp\/v2\/product"}],"about":[{"href":"https:\/\/staging.webstore4.com\/de\/wp-json\/wp\/v2\/types\/product"}],"replies":[{"embeddable":true,"href":"https:\/\/staging.webstore4.com\/de\/wp-json\/wp\/v2\/comments?post=9229"}],"wp:featuredmedia":[{"embeddable":true,"href":"https:\/\/staging.webstore4.com\/de\/wp-json\/wp\/v2\/media\/9230"}],"wp:attachment":[{"href":"https:\/\/staging.webstore4.com\/de\/wp-json\/wp\/v2\/media?parent=9229"}],"wp:term":[{"taxonomy":"pwb-brand","embeddable":true,"href":"https:\/\/staging.webstore4.com\/de\/wp-json\/wp\/v2\/pwb-brand?post=9229"},{"taxonomy":"product_cat","embeddable":true,"href":"https:\/\/staging.webstore4.com\/de\/wp-json\/wp\/v2\/product_cat?post=9229"},{"taxonomy":"product_tag","embeddable":true,"href":"https:\/\/staging.webstore4.com\/de\/wp-json\/wp\/v2\/product_tag?post=9229"}],"curies":[{"name":"wp","href":"https:\/\/api.w.org\/{rel}","templated":true}]}}