{"id":9235,"date":"2020-04-12T00:39:13","date_gmt":"2020-04-11T22:39:13","guid":{"rendered":"https:\/\/webstore4.com\/\/?product=wl4-rfid-luxe-tag-wit-met-metaal-en-serienummer-en-met-key-ring"},"modified":"2025-02-11T13:58:34","modified_gmt":"2025-02-11T12:58:34","slug":"wl4-rfid-luxe-tag-wit-met-metaal-en-serienummer-en-met-key-ring","status":"publish","type":"product","link":"https:\/\/staging.webstore4.com\/de\/product\/wl4-rfid-luxe-tag-wit-met-metaal-en-serienummer-en-met-key-ring\/","title":{"rendered":"WL4 RFID-Luxusanh\u00e4nger wei\u00df mit Metall und Seriennummer und mit Schl\u00fcsselring"},"content":{"rendered":"<p>De WL4 RFID luxe tag wit is een luxueuze tag die uitgevoerd is met metaal en key ring. Op de tag staat een serienummer. De WL4 RFID luxe tag is zeer geschikt voor toegangscontrole gebruik met een RFID tag of kaartlezer.<br \/>\nDoordat de tag een sleutelring heeft, is deze eenvoudig aan een sleutelbos vast te maken. De tag werkt op 125 KHz frequentie en is niet kopieerbaar.<\/p>\n<p>Verschillende geschikte toegangscontrole readers zijn opgenomen onder &#8216;Opties&#8217;. Onder de categorie &#8216;access&#8217;, &#8216;Toegangscontrole&#8217; zijn alle readers terug te vinden.<\/p>\n<p><strong>Wichtigste Funktionen<\/strong><\/p>\n<ul>\n<li>Frequentie 125 KHz RFID<\/li>\n<li>Wei\u00df<\/li>\n<\/ul>\n<p><a href=\"https:\/\/www.webstore4ipcameras.nl\/Copyright\" target=\"_blank\" rel=\"noopener\"><span style=\"color: #ff6e03; font-size: 11px;\">\u00a9 Der Text ist urheberrechtlich gesch\u00fctzt<\/span><\/a><\/p>","protected":false},"excerpt":{"rendered":"<p>De WL4 RFID luxe tag wit is een luxueuze tag die uitgevoerd is met metaal en key ring. Op de tag staat een serienummer. De WL4 RFID luxe tag is zeer geschikt voor toegangscontrole gebruik met een RFID tag of kaartlezer. Doordat de tag een sleutelring heeft, is deze eenvoudig aan een sleutelbos vast te<\/p>\n<div class=\"klb-readmore button\"><a class=\"btn link\" href=\"https:\/\/staging.webstore4.com\/de\/product\/wl4-rfid-luxe-tag-wit-met-metaal-en-serienummer-en-met-key-ring\/\">Mehr lesen <i class=\"klbth-icon-right-arrow\"><\/i><\/a><\/div>","protected":false},"featured_media":9236,"comment_status":"open","ping_status":"closed","template":"","meta":[],"pwb-brand":[3380],"product_cat":[4191,4196],"product_tag":[],"class_list":{"0":"post-9235","1":"product","2":"type-product","3":"status-publish","4":"has-post-thumbnail","6":"pwb-brand-wl4","7":"product_cat-access","8":"product_cat-tags","9":"product_shipping_class-brievenbuspakket","10":"pa_frequentie-tags-en-readers-rfid-125-khz","11":"pa_kleur-wit","12":"pa_materiaal-kunststof","13":"pa_materiaal-metaal","14":"pa_merk-wl4","15":"pa_product-tag","17":"first","18":"instock","19":"taxable","20":"shipping-taxable","21":"purchasable","22":"product-type-simple"},"brands":[{"id":3380,"name":"WL4","slug":"wl4"}],"_links":{"self":[{"href":"https:\/\/staging.webstore4.com\/de\/wp-json\/wp\/v2\/product\/9235","targetHints":{"allow":["GET"]}}],"collection":[{"href":"https:\/\/staging.webstore4.com\/de\/wp-json\/wp\/v2\/product"}],"about":[{"href":"https:\/\/staging.webstore4.com\/de\/wp-json\/wp\/v2\/types\/product"}],"replies":[{"embeddable":true,"href":"https:\/\/staging.webstore4.com\/de\/wp-json\/wp\/v2\/comments?post=9235"}],"wp:featuredmedia":[{"embeddable":true,"href":"https:\/\/staging.webstore4.com\/de\/wp-json\/wp\/v2\/media\/9236"}],"wp:attachment":[{"href":"https:\/\/staging.webstore4.com\/de\/wp-json\/wp\/v2\/media?parent=9235"}],"wp:term":[{"taxonomy":"pwb-brand","embeddable":true,"href":"https:\/\/staging.webstore4.com\/de\/wp-json\/wp\/v2\/pwb-brand?post=9235"},{"taxonomy":"product_cat","embeddable":true,"href":"https:\/\/staging.webstore4.com\/de\/wp-json\/wp\/v2\/product_cat?post=9235"},{"taxonomy":"product_tag","embeddable":true,"href":"https:\/\/staging.webstore4.com\/de\/wp-json\/wp\/v2\/product_tag?post=9235"}],"curies":[{"name":"wp","href":"https:\/\/api.w.org\/{rel}","templated":true}]}}