{"id":9333,"date":"2020-06-13T13:00:02","date_gmt":"2020-06-13T11:00:02","guid":{"rendered":"https:\/\/webstore4.com\/\/?product=uniarch-nvr-104b-p4-netwerk-video-recorder-maximaal-2mp-4-kanaals-met-poe"},"modified":"2024-04-19T15:10:45","modified_gmt":"2024-04-19T14:10:45","slug":"uniarch-nvr-104-e2-4-kanaals-netwerk-video-recorder","status":"publish","type":"product","link":"https:\/\/staging.webstore4.com\/de\/product\/uniarch-nvr-104-e2-4-kanaals-netwerk-video-recorder\/","title":{"rendered":"Uniarch NVR-104-E2 4-Kanal-Netzwerk-Videorecorder bis zu 8 Megapixel mit 1x Festplatte, VGA- und HDMI-Ausgang und ohne PoE-Verbindung"},"content":{"rendered":"<div class=\"video-frame-box\" style=\"width: 100%; max-width: 480px; max-height: 270px; float: right; padding: 0px 10px 10px 10px;\">\n<div class=\"video-frame\"><iframe src=\"\/\/www.youtube.com\/embed\/oR_O0mi4pC4?rel=0&amp;modestbranding=1&amp;showinfo=0&amp;autohide=1\" width=\"480\" height=\"270\" frameborder=\"0\"><\/iframe><\/div>\n<\/div>\n<p>Der Uniarch NVR-104-E2 ist ein Netzwerk-Videorekorder mit einer Aufnahmeaufl\u00f6sung von bis zu 8 MP und unterst\u00fctzt bis zu 4 IP-Kameras.<strong> Der Rekorder verf\u00fcgt \u00fcber keine PoE-Ausg\u00e4nge.<\/strong> Uniarch ist eine Uniview-Produktlinie mit erschwinglicher Video\u00fcberwachung und einem Fokus auf zuverl\u00e4ssige Qualit\u00e4t, einfache Installation und Benutzerfreundlichkeit.<\/p>\n<p><strong>M\u00f6glichkeiten<\/strong><\/p>\n<p>Der Uniarch NVR-104-E2 verf\u00fcgt \u00fcber einen Full HD 1080p HDMI-Ausgang zum Anschluss an einen HDMI-Fernseher oder \u00dcberwachungsmonitor. Der NVR verf\u00fcgt au\u00dferdem \u00fcber einen VGA-Ausgang zur gleichzeitigen Wiedergabe. Der NVR bietet Platz f\u00fcr eine 3,5-Zoll-Festplatte mit einer maximalen Gr\u00f6\u00dfe von 6 TB. Die Festplatte ist nicht im Lieferumfang enthalten und kann einfach selbst montiert werden. Passende Festplatten speziell f\u00fcr die 24\/7-Aufzeichnung von \u00dcberwachungsbildern finden Sie unter dem Reiter \u201eOptionen\u201c.<\/p>\n<p>Eine kostenlose mobile App ist f\u00fcr Apple iOS und Android verf\u00fcgbar. Es kann die niederl\u00e4ndische Uniview-App oder die spezifische Uniarch-App (Englisch) verwendet werden. Der NVR verf\u00fcgt \u00fcber einen internen Webserver, der \u00fcber einen Webbrowser angezeigt und verwaltet werden kann. Video Management Software (VMS) f\u00fcr einen Computer kann kostenlos von der Uniview-Website heruntergeladen werden. Unter dem Reiter \u201eDokumentation\u201c gibt es einen Link zum Datenblatt und zur Website des Herstellers mit allen Produktinformationen und Handb\u00fcchern. Die Software kann auch von der Website heruntergeladen werden.<\/p>\n<p>Der NVR verf\u00fcgt nicht \u00fcber Ausg\u00e4nge mit PoE-Unterst\u00fctzung. Der NVR wird \u00fcber ein Netzwerkkabel mit dem Netzwerk verbunden. \u00dcber das Netzwerk kann dann auf die Kameras zugegriffen werden.<\/p>\n<p><strong>Wichtigste Funktionen<\/strong><\/p>\n<ul>\n<li>4 Kan\u00e4le mit 8 Megapixel Aufnahmeaufl\u00f6sung<\/li>\n<li>Bis zu 6 Terabyte Festplatte<\/li>\n<li>Kostenlose App und Software<\/li>\n<li>Unterst\u00fctzt Bewegungserkennung<\/li>\n<li>HDMI- und VGA-Ausgang<\/li>\n<li>2xUSB2.0<\/li>\n<li>Ultra H.265-Komprimierung f\u00fcr effiziente Netzwerk- und Speichernutzung<\/li>\n<li>ONVIF-kompatibles Profil S, Profil G, Profil T (unterst\u00fctzt andere Marken)<\/li>\n<\/ul>\n<p><a href=\"https:\/\/www.webstore4ipcameras.nl\/Copyright\" target=\"_blank\" rel=\"noopener\"><span style=\"color: #ff6e03; font-size: 11px;\">\u00a9 Der Text ist urheberrechtlich gesch\u00fctzt<\/span><\/a><\/p>","protected":false},"excerpt":{"rendered":"<p>De Uniarch NVR-104-E2 is een Netwerk Video Recorder met een opname resolutie tot maximaal 8MP en ondersteunt tot 4 IP camera&#8217;s. De recorder heeft geen PoE uitgangen. Uniarch is een productlijn van Uniview met voordelige videobewaking en met focus op betrouwbare kwaliteit, eenvoudige installatie en hoog gebruiksgemak. Mogelijkheden De Uniarch NVR-104-E2 heeft een Full HD<\/p>\n<div class=\"klb-readmore button\"><a class=\"btn link\" href=\"https:\/\/staging.webstore4.com\/de\/product\/uniarch-nvr-104-e2-4-kanaals-netwerk-video-recorder\/\">Mehr lesen <i class=\"klbth-icon-right-arrow\"><\/i><\/a><\/div>","protected":false},"featured_media":14555,"comment_status":"open","ping_status":"closed","template":"","meta":[],"pwb-brand":[3415],"product_cat":[3441,4210,4198,4238],"product_tag":[],"class_list":{"0":"post-9333","1":"product","2":"type-product","3":"status-publish","4":"has-post-thumbnail","6":"pwb-brand-uniview-uniarch","7":"product_cat-benodigdheden","8":"product_cat-recorders-opslagmedia-benodigdheden","9":"product_cat-series","10":"product_cat-uniarch-by-uniview-series","11":"product_shipping_class-pakket","12":"pa_bandbreedte-mbps-4680","13":"pa_maximaal-ip-camera-kanalen-3721","14":"pa_maximum-aantal-harddisks-3722","15":"pa_merk-uniview-uniarch","16":"pa_mobiele-app-fabrikant-ja","17":"pa_product-nvr","18":"pa_voeding-inclusief-adapter","20":"first","21":"onbackorder","22":"taxable","23":"shipping-taxable","24":"purchasable","25":"product-type-simple"},"brands":[{"id":3415,"name":"Uniview Uniarch","slug":"uniview-uniarch"}],"_links":{"self":[{"href":"https:\/\/staging.webstore4.com\/de\/wp-json\/wp\/v2\/product\/9333","targetHints":{"allow":["GET"]}}],"collection":[{"href":"https:\/\/staging.webstore4.com\/de\/wp-json\/wp\/v2\/product"}],"about":[{"href":"https:\/\/staging.webstore4.com\/de\/wp-json\/wp\/v2\/types\/product"}],"replies":[{"embeddable":true,"href":"https:\/\/staging.webstore4.com\/de\/wp-json\/wp\/v2\/comments?post=9333"}],"wp:featuredmedia":[{"embeddable":true,"href":"https:\/\/staging.webstore4.com\/de\/wp-json\/wp\/v2\/media\/14555"}],"wp:attachment":[{"href":"https:\/\/staging.webstore4.com\/de\/wp-json\/wp\/v2\/media?parent=9333"}],"wp:term":[{"taxonomy":"pwb-brand","embeddable":true,"href":"https:\/\/staging.webstore4.com\/de\/wp-json\/wp\/v2\/pwb-brand?post=9333"},{"taxonomy":"product_cat","embeddable":true,"href":"https:\/\/staging.webstore4.com\/de\/wp-json\/wp\/v2\/product_cat?post=9333"},{"taxonomy":"product_tag","embeddable":true,"href":"https:\/\/staging.webstore4.com\/de\/wp-json\/wp\/v2\/product_tag?post=9333"}],"curies":[{"name":"wp","href":"https:\/\/api.w.org\/{rel}","templated":true}]}}