{"id":9346,"date":"2020-06-16T01:00:50","date_gmt":"2020-06-15T23:00:50","guid":{"rendered":"https:\/\/webstore4.com\/\/?product=hikvision-ds-k7p04-uitgang-knop-in-of-opbouw-met-contactloze-infrarood-sensor"},"modified":"2025-02-05T22:42:08","modified_gmt":"2025-02-05T21:42:08","slug":"hikvision-ds-k7p04-uitgang-knop-in-of-opbouw-met-contactloze-infrarood-sensor","status":"publish","type":"product","link":"https:\/\/staging.webstore4.com\/de\/product\/hikvision-ds-k7p04-uitgang-knop-in-of-opbouw-met-contactloze-infrarood-sensor\/","title":{"rendered":"Hikvision DS-K7P04 Ausgangstaste eingebaut oder oberfl\u00e4chenmontiert mit ber\u00fchrungslosem Infrarotsensor"},"content":{"rendered":"<p>Der Hikvision DS-K7P04 ist ein Freisprech-Ausgangstaster mit Infrarotsensor, der beispielsweise zum Entriegeln eines elektrischen T\u00fcrschlosses oder T\u00fcr\u00f6ffners verwendet werden kann.<\/p>\n<p>De Hikvision DS-K7P04 moet deels ingebouwd worden. De Hikvision DS-K7P04 exit button is geschikt voor binnen montage en moet worden gevoed met 12VDC. Een adapter wordt niet meegeleverd. Onder het tabblad &#8216;Opties&#8217; staat een voorbeeld voor een geschikte adapter.<\/p>\n<p>Unter dem Reiter \u201eDokumentation\u201c gibt es einen Link zur Produktseite des Herstellers und einen Link zum Datenblatt mit Informationen wie Abmessungen.<\/p>\n<p><strong>Wichtigste Funktionen<\/strong><\/p>\n<ul>\n<li>Erfassungsbereich 4 bis 12 cm<\/li>\n<li>Ausgangskontakt NO\/NC\/COM<\/li>\n<\/ul>\n<p><a href=\"https:\/\/staging.webstore4.com\/Copyright\/\" target=\"_blank\" rel=\"noopener\"><span style=\"color: #ff6e03; font-size: 11px;\">\u00a9 Der Text ist urheberrechtlich gesch\u00fctzt<\/span><\/a><\/p>","protected":false},"excerpt":{"rendered":"<p>De Hikvision DS-K7P04 is een handsfree uitgang knop met infrarood sensor die kan worden gebruikt om bijvoorbeeld een elektrisch deurslot of deuropener te ontgrendelen. De Hikvision DS-K7P04 moet deels ingebouwd worden. De Hikvision DS-K7P04 exit button is geschikt voor binnen montage en moet worden gevoed met 12VDC. Een adapter wordt niet meegeleverd. Onder het tabblad<\/p>\n<div class=\"klb-readmore button\"><a class=\"btn link\" href=\"https:\/\/staging.webstore4.com\/de\/product\/hikvision-ds-k7p04-uitgang-knop-in-of-opbouw-met-contactloze-infrarood-sensor\/\">Mehr lesen <i class=\"klbth-icon-right-arrow\"><\/i><\/a><\/div>","protected":false},"featured_media":9347,"comment_status":"open","ping_status":"closed","template":"","meta":[],"pwb-brand":[3367],"product_cat":[4191,4197,4193],"product_tag":[],"class_list":{"0":"post-9346","1":"product","2":"type-product","3":"status-publish","4":"has-post-thumbnail","6":"pwb-brand-hikvision","7":"product_cat-access","8":"product_cat-elektrische-sloten","9":"product_cat-toegangscontrole-access","10":"product_shipping_class-pakket","11":"pa_bewegingssensor-ja","12":"pa_garantie-2-jaar","13":"pa_materiaal-roestvast-staal","14":"pa_merk-hikvision","15":"pa_montage-inbouw","16":"pa_montage-opbouw","17":"pa_omgeving-binnen","18":"pa_product-schakelaar","19":"pa_voeding-12vdc","21":"first","22":"onbackorder","23":"taxable","24":"shipping-taxable","25":"purchasable","26":"product-type-simple"},"brands":[{"id":3367,"name":"Hikvision","slug":"hikvision"}],"_links":{"self":[{"href":"https:\/\/staging.webstore4.com\/de\/wp-json\/wp\/v2\/product\/9346","targetHints":{"allow":["GET"]}}],"collection":[{"href":"https:\/\/staging.webstore4.com\/de\/wp-json\/wp\/v2\/product"}],"about":[{"href":"https:\/\/staging.webstore4.com\/de\/wp-json\/wp\/v2\/types\/product"}],"replies":[{"embeddable":true,"href":"https:\/\/staging.webstore4.com\/de\/wp-json\/wp\/v2\/comments?post=9346"}],"wp:featuredmedia":[{"embeddable":true,"href":"https:\/\/staging.webstore4.com\/de\/wp-json\/wp\/v2\/media\/9347"}],"wp:attachment":[{"href":"https:\/\/staging.webstore4.com\/de\/wp-json\/wp\/v2\/media?parent=9346"}],"wp:term":[{"taxonomy":"pwb-brand","embeddable":true,"href":"https:\/\/staging.webstore4.com\/de\/wp-json\/wp\/v2\/pwb-brand?post=9346"},{"taxonomy":"product_cat","embeddable":true,"href":"https:\/\/staging.webstore4.com\/de\/wp-json\/wp\/v2\/product_cat?post=9346"},{"taxonomy":"product_tag","embeddable":true,"href":"https:\/\/staging.webstore4.com\/de\/wp-json\/wp\/v2\/product_tag?post=9346"}],"curies":[{"name":"wp","href":"https:\/\/api.w.org\/{rel}","templated":true}]}}