{"id":9412,"date":"2020-08-29T00:33:13","date_gmt":"2020-08-28T22:33:13","guid":{"rendered":"https:\/\/webstore4.com\/\/?product=wl4-ct-pro-ez-professionele-krimptang-met-ratel-voor-snel-en-eenvoudig-aansluiten-rj45-rj11-en-rj12-connectoren"},"modified":"2024-05-23T14:40:55","modified_gmt":"2024-05-23T13:40:55","slug":"wl4-ct-pro-ez-professionele-krimptang-met-ratel","status":"publish","type":"product","link":"https:\/\/staging.webstore4.com\/de\/product\/wl4-ct-pro-ez-professionele-krimptang-met-ratel\/","title":{"rendered":"WL4 CT-PRO-EZ Professionelle Crimpzange mit Ratsche zum schnellen und einfachen Anschluss von RJ45-, RJ11- und RJ12-Steckern"},"content":{"rendered":"<p>Das WL4 CT-PRO-EZ ist ein professionelles Crimpwerkzeug mit Ratsche zur schnellen und einfachen Montage von RJ45-, RJ11- und RJ12-Steckern an einem Kabel. Mit der Zange kann das Kabel abgeschnitten, die Isolierung abisoliert, die Adern abgel\u00e4ngt und der spezielle RJ45-Stecker WL4 CON-RJ45-CAT6-EZ am Kabel befestigt werden.<\/p>\n<p>Das WL4 CT-PRO-EZ ist ein Handwerkzeug zum Konfektionieren und Crimpen von Netzwerkkabeln. Die Crimpzange verf\u00fcgt \u00fcber komfortable Griffe und einen Ratschenmechanismus f\u00fcr pr\u00e4zises und einfaches Crimpen der Steckverbinder. Die Zange ist mit speziellen Aussparungen und Crimppunkten ausgestattet, die mit verschiedenen Steckertypen kompatibel sind: RJ45 (wird f\u00fcr Ethernet verwendet), RJ11 und RJ12 (beide werden h\u00e4ufig f\u00fcr die Telefonie verwendet). Es ist wichtig, den richtigen Steckplatz basierend auf dem von Ihnen verwendeten Steckertyp auszuw\u00e4hlen.<\/p>\n<p><strong>Wichtige Funktionen<\/strong><\/p>\n<ul>\n<li>UTP und STP<\/li>\n<li>8P8C\/RJ45 8-Draht<\/li>\n<li>6P6C\/RJ12 6-Draht<\/li>\n<li>6P4C\/RJ11 6 Kern<\/li>\n<li>4P4C &amp; 4P2C 4 Kern<\/li>\n<\/ul>\n<p><a href=\"https:\/\/www.webstore4ipcameras.nl\/Copyright\" target=\"_blank\" rel=\"noopener\"><span style=\"color: #ff6e03; font-size: 11px;\">\u00a9 Der Text ist urheberrechtlich gesch\u00fctzt<\/span><\/a><\/p>","protected":false},"excerpt":{"rendered":"<p>Das WL4 CT-PRO-EZ ist ein professionelles Crimpwerkzeug mit Ratsche zur schnellen und einfachen Montage von RJ45-, RJ11- und RJ12-Steckern an einem Kabel. Mit der Zange kann das Kabel abgeschnitten, die Isolierung abisoliert, die Adern abgel\u00e4ngt und der spezielle RJ45-Stecker WL4 CON-RJ45-CAT6-EZ am Kabel befestigt werden.<\/p>\n<div class=\"klb-readmore button\"><a class=\"btn link\" href=\"https:\/\/staging.webstore4.com\/de\/product\/wl4-ct-pro-ez-professionele-krimptang-met-ratel\/\">Mehr lesen <i class=\"klbth-icon-right-arrow\"><\/i><\/a><\/div>","protected":false},"featured_media":9413,"comment_status":"open","ping_status":"closed","template":"","meta":[],"pwb-brand":[3380],"product_cat":[3441,4203],"product_tag":[],"class_list":{"0":"post-9412","1":"product","2":"type-product","3":"status-publish","4":"has-post-thumbnail","6":"pwb-brand-wl4","7":"product_cat-benodigdheden","8":"product_cat-gereedschap","9":"product_shipping_class-pakket","10":"pa_merk-wl4","12":"first","13":"onbackorder","14":"taxable","15":"shipping-taxable","16":"purchasable","17":"product-type-simple"},"brands":[{"id":3380,"name":"WL4","slug":"wl4"}],"_links":{"self":[{"href":"https:\/\/staging.webstore4.com\/de\/wp-json\/wp\/v2\/product\/9412","targetHints":{"allow":["GET"]}}],"collection":[{"href":"https:\/\/staging.webstore4.com\/de\/wp-json\/wp\/v2\/product"}],"about":[{"href":"https:\/\/staging.webstore4.com\/de\/wp-json\/wp\/v2\/types\/product"}],"replies":[{"embeddable":true,"href":"https:\/\/staging.webstore4.com\/de\/wp-json\/wp\/v2\/comments?post=9412"}],"wp:featuredmedia":[{"embeddable":true,"href":"https:\/\/staging.webstore4.com\/de\/wp-json\/wp\/v2\/media\/9413"}],"wp:attachment":[{"href":"https:\/\/staging.webstore4.com\/de\/wp-json\/wp\/v2\/media?parent=9412"}],"wp:term":[{"taxonomy":"pwb-brand","embeddable":true,"href":"https:\/\/staging.webstore4.com\/de\/wp-json\/wp\/v2\/pwb-brand?post=9412"},{"taxonomy":"product_cat","embeddable":true,"href":"https:\/\/staging.webstore4.com\/de\/wp-json\/wp\/v2\/product_cat?post=9412"},{"taxonomy":"product_tag","embeddable":true,"href":"https:\/\/staging.webstore4.com\/de\/wp-json\/wp\/v2\/product_tag?post=9412"}],"curies":[{"name":"wp","href":"https:\/\/api.w.org\/{rel}","templated":true}]}}