{"id":9416,"date":"2020-08-30T19:03:11","date_gmt":"2020-08-30T17:03:11","guid":{"rendered":"https:\/\/webstore4.com\/\/?product=hikvision-ds-2cv2041g2-idw-full-hd-4mp-wifi-buiten-bullet-met-ir-nachtzicht-2-weg-audio-wdr-en-microsd"},"modified":"2024-12-27T13:33:32","modified_gmt":"2024-12-27T12:33:32","slug":"hikvision-ds-2cv2021g2-idw-2mp-wifi-buiten-bullet","status":"publish","type":"product","link":"https:\/\/staging.webstore4.com\/de\/product\/hikvision-ds-2cv2021g2-idw-2mp-wifi-buiten-bullet\/","title":{"rendered":"Hikvision DS-2CV2021G2-IDW Full HD 2MP WiFi Outdoor-Bullet mit IR-Nachtsicht, 2-Wege-Audio, WDR und microSD"},"content":{"rendered":"<p>Das Hikvision DS-2CV2041G2-IDW ist ein Full HD 4MP WiFi Outdoor-Bullet mit integriertem Mikrofon und Lautsprecher, EXIR IR-Nachtsicht, 120 dB WDR, H.265 und microSD-Kartenaufzeichnungsoption (microSD nicht im Lieferumfang enthalten).<\/p>\n<p><strong>M\u00f6glichkeiten<\/strong><\/p>\n<p>Der Hikvision DS-2CV2041G2-IDW zeigt Bilder in einer Full-HD-Aufl\u00f6sung von 2560 x 1440 an. Die Kamera verf\u00fcgt \u00fcber einen eingebauten automatischen IR-Sperrfilter, was sie zu einer echten Tag-\/Nachtkamera macht. Bei Dunkelheit kann die Kamera die integrierte Matrix-IR-Beleuchtung zuschalten, die auch bei v\u00f6lliger Dunkelheit (0 Lux) f\u00fcr ein gestochen scharfes Bild sorgt. Die IR-Beleuchtung hat eine Reichweite von 30 Metern. Die Kamera verf\u00fcgt \u00fcber einen Wide Dynamic Range (WDR), der es der Kamera erm\u00f6glicht, komplexe Lichtverh\u00e4ltnisse zu bew\u00e4ltigen, beispielsweise durch Gegenlicht der Sonne oder Autoscheinwerfer. Die Kamera verf\u00fcgt \u00fcber ein festes 2,8-mm-Objektiv.<\/p>\n<p>Die Kamera verf\u00fcgt au\u00dferdem \u00fcber die M\u00f6glichkeit, in der Kamera auf eine microSD-Speicherkarte bis maximal 512 GB aufzuzeichnen. Bilder k\u00f6nnen auch auf einem Netzwerk-Videorecorder (NVR) gespeichert werden. Die Kamera verf\u00fcgt \u00fcber ein eingebautes Mikrofon und einen Lautsprecher f\u00fcr Zwei-Wege-Audio.<\/p>\n<p>Hikvision bietet eine kostenlose mobile App f\u00fcr Apple iOS und Android. Die Kamera verf\u00fcgt \u00fcber einen internen Webserver, der \u00fcber einen Webbrowser angezeigt und verwaltet werden kann. Die kostenlose Video Management Software (VMS) f\u00fcr einen PC kann von der Hikvision-Website heruntergeladen werden. Unter der Registerkarte \u201eDokumentation\u201c finden Sie einen Link zur Produktseite des Herstellers.<\/p>\n<p>Die Hikvision DS-2CV2021G2-IDW verf\u00fcgt \u00fcber die Schutzart IP66, wodurch sich die Kamera ideal f\u00fcr den Au\u00dfenbereich eignet. Die Kamera muss mit einem mitgelieferten 12-V-Gleichstrom-Netzteil mit Strom versorgt werden. Unter der Registerkarte \u201eOptionen\u201c k\u00f6nnen Sie angeben, ob eine optionale Montagebox enthalten sein soll.<\/p>\n<p><strong>Wichtigste Funktionen<\/strong><\/p>\n<ul>\n<li>2-Megapixel-Full-HD-Bullet-Kamera<\/li>\n<li>WLAN (802.11b\/g\/n)<\/li>\n<li>Tag-\/Nachtkamera mit automatischem mechanischem IR-Sperrfilter<\/li>\n<li>MicroSD-Kartensteckplatz f\u00fcr die Aufnahme in der Kamera auf einer microSD-Karte bis zu 512 GB<\/li>\n<li>Intelligente EXIR IR-Nachtsichtbeleuchtung bis zu 30 Meter<\/li>\n<li>120 dB breiter Dynamikbereich (WDR)<\/li>\n<li>Zonen-optionale Gegenlichtkompensation (BLC)<\/li>\n<li>3D-Digital-Rauschunterdr\u00fcckung (3D-DNR)<\/li>\n<li>Bewegungserkennung<\/li>\n<li>ONVIF-Protokoll<\/li>\n<li>H.265+- und H.264+-Codec<\/li>\n<li>Stromversorgung durch 12VDC<\/li>\n<li>Wetterfest IP66<\/li>\n<li>Betriebstemperaturbereich -30\u00b0C ~ +60\u00b0C<\/li>\n<\/ul>\n<p><a href=\"https:\/\/www.webstore4ipcameras.nl\/Copyright\" target=\"_blank\" rel=\"noopener\"><span style=\"color: #ff6e03; font-size: 11px;\">\u00a9 Der Text ist urheberrechtlich gesch\u00fctzt<\/span><\/a><\/p>","protected":false},"excerpt":{"rendered":"<p>De Hikvision DS-2CV2021G2-IDW is een Full HD 2MP WiFi buiten bullet met ingebouwde microfoon en luidpreker, EXIR IR nachtzicht, 120dB WDR, H.265 en microSD kaart opname mogelijkheid (microSD niet meegeleverd). Mogelijkheden De Hikvision DS-2CV2021G2-IDW geeft beelden weer in een Full HD 1920&#215;1080 resolutie. De camera heeft een ingebouwd automatisch IR-cut filter en is daarmee een<\/p>\n<div class=\"klb-readmore button\"><a class=\"btn link\" href=\"https:\/\/staging.webstore4.com\/de\/product\/hikvision-ds-2cv2021g2-idw-2mp-wifi-buiten-bullet\/\">Mehr lesen <i class=\"klbth-icon-right-arrow\"><\/i><\/a><\/div>","protected":false},"featured_media":13181,"comment_status":"open","ping_status":"closed","template":"","meta":[],"pwb-brand":[3367],"product_cat":[3435,4184,4219],"product_tag":[840],"class_list":{"0":"post-9416","1":"product","2":"type-product","3":"status-publish","4":"has-post-thumbnail","6":"pwb-brand-hikvision","7":"product_cat-ip-cameras","8":"product_cat-cameras","9":"product_cat-bullet-box-cameras-cameras","10":"product_tag-ds-2cv2041g2-idw","11":"product_shipping_class-pakket","12":"pa_alarm-ingang-uitgang-nee","13":"pa_audio-microfoon-speaker","14":"pa_beeldhoek-graden-horizontaal-4576","15":"pa_beeldsensor-1-2-7-cmos","16":"pa_dag-nacht-ir-cut-filter-ja","17":"pa_draadloos-ja-wi-fi-802-11","18":"pa_draadloos-protocol-wi-fi-802-11bgn","19":"pa_geheugenkaart-type-micro-sd-sdhc-sdxc-512gb","20":"pa_ingebouwd-type-nachtzicht-infrared-ir-led","21":"pa_lens-mm-2-8","22":"pa_materiaal-kunststof","23":"pa_materiaal-metaal","24":"pa_megapixel-2mp","25":"pa_merk-hikvision","26":"pa_minimale-verlichting-0-005-lux-0-lux-met-ir","27":"pa_mobiele-app-fabrikant-ja","28":"pa_nachtzicht-ja","29":"pa_omgeving-binnen-en-buiten","30":"pa_opnemen-op-sd-kaart-ja","31":"pa_poe-nee","32":"pa_product-status-d","33":"pa_resolutie-max-pixels-full-hd-1920x1080","34":"pa_vandaalbestendig-nee","35":"pa_voeding-12vdc","36":"pa_voeding-inclusief-adapter","37":"pa_wdr-ja","39":"first","40":"instock","41":"taxable","42":"shipping-taxable","43":"purchasable","44":"product-type-simple"},"brands":[{"id":3367,"name":"Hikvision","slug":"hikvision"}],"_links":{"self":[{"href":"https:\/\/staging.webstore4.com\/de\/wp-json\/wp\/v2\/product\/9416","targetHints":{"allow":["GET"]}}],"collection":[{"href":"https:\/\/staging.webstore4.com\/de\/wp-json\/wp\/v2\/product"}],"about":[{"href":"https:\/\/staging.webstore4.com\/de\/wp-json\/wp\/v2\/types\/product"}],"replies":[{"embeddable":true,"href":"https:\/\/staging.webstore4.com\/de\/wp-json\/wp\/v2\/comments?post=9416"}],"wp:featuredmedia":[{"embeddable":true,"href":"https:\/\/staging.webstore4.com\/de\/wp-json\/wp\/v2\/media\/13181"}],"wp:attachment":[{"href":"https:\/\/staging.webstore4.com\/de\/wp-json\/wp\/v2\/media?parent=9416"}],"wp:term":[{"taxonomy":"pwb-brand","embeddable":true,"href":"https:\/\/staging.webstore4.com\/de\/wp-json\/wp\/v2\/pwb-brand?post=9416"},{"taxonomy":"product_cat","embeddable":true,"href":"https:\/\/staging.webstore4.com\/de\/wp-json\/wp\/v2\/product_cat?post=9416"},{"taxonomy":"product_tag","embeddable":true,"href":"https:\/\/staging.webstore4.com\/de\/wp-json\/wp\/v2\/product_tag?post=9416"}],"curies":[{"name":"wp","href":"https:\/\/api.w.org\/{rel}","templated":true}]}}