{"id":9433,"date":"2020-09-12T18:30:52","date_gmt":"2020-09-12T16:30:52","guid":{"rendered":"https:\/\/webstore4.com\/\/?product=dahua-tpc-bf1241p-d7f8-hybrid-thermische-warmtebeeld-en-optische-4mp-buiten-bullet-camera-wizsense-ai-serie"},"modified":"2024-04-19T15:11:08","modified_gmt":"2024-04-19T14:11:08","slug":"dahua-tpc-bf1241-d7f8-dw-s2-thermische-warmtebeeld-bullet-camera","status":"publish","type":"product","link":"https:\/\/staging.webstore4.com\/de\/product\/dahua-tpc-bf1241-d7f8-dw-s2-thermische-warmtebeeld-bullet-camera\/","title":{"rendered":"Dahua TPC-BF1241-D7F8-DW-S2 Hybride W\u00e4rmebild- und optische 4MP-Bullet-Kamera f\u00fcr den Au\u00dfenbereich der WizSense AI-Serie"},"content":{"rendered":"<p>De Dahua TPC-BF1241-D7F8-DW-S2 is een hybride thermische warmtebeeld en optische 4MP buiten bullet camera met WizSense AI techniek. De camera is zeer geschikt voor vroegtijdige hitte en brand detectie en voor zeer betrouwbare bewegingsdetectie. De camera beschikt over een thermische lens en een normale 4 megapixel lens. Veder heeft de camera infrarood nachtzicht, alarm en audio in- en uitgang, PoE en de mogelijkheid om op te nemen op een interne microSD kaart. Een geschikte microSD kaart is mee te bestellen onder &#8216;Opties&#8217;.<span style=\"color: #ffffff;\">w.webstore4.com<\/span><\/p>\n<p><strong>M\u00f6glichkeiten<\/strong><\/p>\n<p>De Dahua TPC-BF1241-D7F8-DW-S2 geeft beelden weer in een 4MP Full HD 2336&#215;1752 (optische) en 256&#215;192 (thermische) resolutie. De camera heeft een ingebouwd automatisch dag\/nacht IR-cut filter, smart IR verlichting voor nachtzicht tot 30 meter en Digital Wide Dynamic Range. De camera heeft vaste lenzen.<\/p>\n<p>Door de dubbele lens biedt de camera een slimme en zeer betrouwbare bewegingsdetectie. De bewegingsdetectie werkt door de thermische lens ook goed in slecht of geen zicht omstandigheden zoals bij rook, mist en fel tegenlicht van bijvoorbeeld auto koplampen. De thermische lens geeft de camera voorst de mogelijkheid van temperatuurmeting waardoor vroegtijdige brand en oververhittingdetectie mogelijk is.<\/p>\n<p>De camera beschikt ook over Tripwire en Intrusion detectie. De camera kan ook worden ingesteld voor detectie van het roken van sigaretten of sigaren of telefoneren. Het beeld van de thermische en optische lens kan met image fusion over elkaar worden gelegd waardoor een zeer gedetailleerd beeld ontstaat. Onder de tab &#8216;Documentatie&#8217; is een link naar de datasheet en product pagina van de fabrikant opgenomen. <span style=\"color: #ffffff;\">www.webstore4.com<\/span><\/p>\n<p>Bilder k\u00f6nnen unter anderem auf einem Netzwerk-Videorecorder (NVR) gespeichert werden. Die Kamera verf\u00fcgt au\u00dferdem \u00fcber die M\u00f6glichkeit, in der Kamera auf einer microSD-Speicherkarte mit bis zu maximal 256 GB aufzuzeichnen. Die Kamera verf\u00fcgt \u00fcber einen Alarm- und Audioein- und -ausgang.<\/p>\n<p>De Dahua TPC-BF1241-D7F8-DW-S2 heeft een IP67 rating waardoor de camera uitermate geschikt is voor gebruik buiten. Voor installatiegemak kan de camera via de netwerkkabel worden gevoed met Power over Ethernet (standaard 802.3af P0E). PoE kan worden verkregen door een PoE NVR, een PoE switch of met een PoE injector. De camera kan ook worden gevoed met een optionele 12V voeding adapter. Onder het tabblad &#8216;Opties&#8217; kan een montagebeugel, adapter of microSD kaart worden mee besteld.<\/p>\n<p><strong>Wichtigste Funktionen<\/strong><\/p>\n<ul>\n<li>4-Megapixel-Full-HD-Kamera mit Doppelobjektiv und W\u00e4rmebildkamera<\/li>\n<li>Branderkennung und hochpr\u00e4zise Bewegungserkennung<\/li>\n<li>&#8220;verboden te roken&#8221; en &#8220;verboden te telefoneren&#8221; detectie<\/li>\n<li>Bildfusion<\/li>\n<li>Aufnahme auf microSD-Karte (nicht im Lieferumfang enthalten)<\/li>\n<li>Tag-\/Nachtkamera mit automatischem mechanischem IR-Sperrfilter<\/li>\n<li>Intelligente IR-Nachtsichtbeleuchtung bis zu 30 Meter<\/li>\n<li>Auf 3 Achsen verstellbar<\/li>\n<li>Alarm- und Audio-Ein- und Ausgang<\/li>\n<li>ONVIF-Protokoll<\/li>\n<li>Stromversorgung \u00fcber 12VDC-Adapter oder \u00fcber PoE (802.3af)<\/li>\n<\/ul>\n<p><a href=\"https:\/\/www.webstore4ipcameras.nl\/Copyright\" target=\"_blank\" rel=\"noopener\"><span style=\"color: #ff6e03; font-size: 11px;\">\u00a9 Der Text ist urheberrechtlich gesch\u00fctzt<\/span><\/a><\/p>","protected":false},"excerpt":{"rendered":"<p>De Dahua TPC-BF1241-D7F8-DW-S2 is een hybride thermische warmtebeeld en optische 4MP buiten bullet camera met WizSense AI techniek. De camera is zeer geschikt voor vroegtijdige hitte en brand detectie en voor zeer betrouwbare bewegingsdetectie. De camera beschikt over een thermische lens en een normale 4 megapixel lens. Veder heeft de camera infrarood nachtzicht, alarm en<\/p>\n<div class=\"klb-readmore button\"><a class=\"btn link\" href=\"https:\/\/staging.webstore4.com\/de\/product\/dahua-tpc-bf1241-d7f8-dw-s2-thermische-warmtebeeld-bullet-camera\/\">Mehr lesen <i class=\"klbth-icon-right-arrow\"><\/i><\/a><\/div>","protected":false},"featured_media":14856,"comment_status":"open","ping_status":"closed","template":"","meta":[],"pwb-brand":[3376],"product_cat":[3435,4184,4219,4244],"product_tag":[],"class_list":{"0":"post-9433","1":"product","2":"type-product","3":"status-publish","4":"has-post-thumbnail","6":"pwb-brand-dahua","7":"product_cat-ip-cameras","8":"product_cat-cameras","9":"product_cat-bullet-box-cameras-cameras","10":"product_cat-thermische-cameras-cameras","11":"product_shipping_class-pakket","12":"pa_audio-ingang-uitgang","13":"pa_beeldhoek-graden-horizontaal-33-4-visible","14":"pa_beeldsensor-1-2-7-cmos","15":"pa_dag-nacht-ir-cut-filter-ja","16":"pa_geheugenkaart-type-micro-sdsdhcsdxc-256gb","17":"pa_ingebouwd-type-nachtzicht-infrared-ir-led","18":"pa_lens-mm-4-visible","19":"pa_megapixel-4mp","20":"pa_merk-dahua","21":"pa_minimale-verlichting-0-05-lux-0-lux-met-ir","22":"pa_mobiele-app-fabrikant-ja","23":"pa_nachtzicht-ja","24":"pa_omgeving-binnen-en-buiten","25":"pa_opnemen-op-sd-kaart-ja","26":"pa_poe-802-3af","27":"pa_product-status-a","28":"pa_resolutie-max-pixels-full-hd-2336x1752-visible","29":"pa_vandaalbestendig-nee","30":"pa_voeding-12vdc","31":"pa_voeding-poe","32":"pa_wdr-ja","34":"first","35":"onbackorder","36":"taxable","37":"shipping-taxable","38":"purchasable","39":"product-type-simple"},"brands":[{"id":3376,"name":"Dahua","slug":"dahua"}],"_links":{"self":[{"href":"https:\/\/staging.webstore4.com\/de\/wp-json\/wp\/v2\/product\/9433","targetHints":{"allow":["GET"]}}],"collection":[{"href":"https:\/\/staging.webstore4.com\/de\/wp-json\/wp\/v2\/product"}],"about":[{"href":"https:\/\/staging.webstore4.com\/de\/wp-json\/wp\/v2\/types\/product"}],"replies":[{"embeddable":true,"href":"https:\/\/staging.webstore4.com\/de\/wp-json\/wp\/v2\/comments?post=9433"}],"wp:featuredmedia":[{"embeddable":true,"href":"https:\/\/staging.webstore4.com\/de\/wp-json\/wp\/v2\/media\/14856"}],"wp:attachment":[{"href":"https:\/\/staging.webstore4.com\/de\/wp-json\/wp\/v2\/media?parent=9433"}],"wp:term":[{"taxonomy":"pwb-brand","embeddable":true,"href":"https:\/\/staging.webstore4.com\/de\/wp-json\/wp\/v2\/pwb-brand?post=9433"},{"taxonomy":"product_cat","embeddable":true,"href":"https:\/\/staging.webstore4.com\/de\/wp-json\/wp\/v2\/product_cat?post=9433"},{"taxonomy":"product_tag","embeddable":true,"href":"https:\/\/staging.webstore4.com\/de\/wp-json\/wp\/v2\/product_tag?post=9433"}],"curies":[{"name":"wp","href":"https:\/\/api.w.org\/{rel}","templated":true}]}}