{"id":9468,"date":"2020-09-19T17:59:19","date_gmt":"2020-09-19T15:59:19","guid":{"rendered":"https:\/\/webstore4.com\/\/?product=hikvision-ds-ps1-e-we-blue-ax-pro-draadloze-buiten-sirene-met-blauwe-strobe"},"modified":"2024-04-19T15:11:19","modified_gmt":"2024-04-19T14:11:19","slug":"hikvision-ds-ps1-e-we-blue-buiten-sirene","status":"publish","type":"product","link":"https:\/\/staging.webstore4.com\/de\/product\/hikvision-ds-ps1-e-we-blue-buiten-sirene\/","title":{"rendered":"Hikvision DS-PS1-E-WE (BLAU) AX PRO kabellose Au\u00dfensirene mit blauem Blitz"},"content":{"rendered":"<div class=\"video-frame-box\" style=\"width: 100%; max-width: 480px; max-height: 270px; float: right; padding: 0px 10px 10px 10px;\">\n<div class=\"video-frame\"><iframe src=\"\/\/www.youtube.com\/embed\/AEH_-ssPE90?rel=0&amp;modestbranding=1&amp;showinfo=0&amp;autohide=1\" width=\"480\" height=\"270\" frameborder=\"0\"><\/iframe><\/div>\n<\/div>\n<p>Hikvision DS-PS1-E-WE (ORANGE) ist Teil des Hikvision AX PRO-Sicherheitssystems. Hikvision AX PRO ist ein drahtloses Einbruch-, Smart-Home- und Videoverifizierungssystem von Hikvision, das sowohl f\u00fcr Privath\u00e4user als auch f\u00fcr Gewerbegeb\u00e4ude geeignet ist. Das AX PRO-Alarmsystem besteht aus einem zentralen Alarm-Hub mit einer gro\u00dfen Auswahl an Detektoren und anderem Zubeh\u00f6r wie Smart Plugs, Repeatern, Bedienfeldern, Kartenlesern, Sirene und einem Strommodul.<\/p>\n<p>Das AX PRO-System funktioniert sehr einfach mit der Hik-Connect-App f\u00fcr Endbenutzer, die auch f\u00fcr andere Hikvision-Produkte wie IP-Kameras verwendet wird. Auf diese Weise k\u00f6nnen Sie als Kunde alle Hikvision-Produkte in einer Anwendung verwalten.<\/p>\n<p><strong>M\u00f6glichkeiten<\/strong><\/p>\n<p>Die Hikvision DS-PS1-E-WE (ORANGE) ist eine kabellose Au\u00dfensirene des Hikvision AX PRO Alarmsystems. Die Au\u00dfensirene muss innerhalb von 1600 Metern von der Zentrale des Hikvision-Alarmsystems entfernt angebracht werden. Die Sirene hat 3 verschiedene T\u00f6ne und erzeugt einen Ton von 110 Dezibel. Die drei Sounds sind auf die Veranstaltung abgestimmt. Beispielsweise haben der Feueralarm, der Panikalarm und der Einbruchalarm jeweils einen eigenen Ton.<br \/>\nZus\u00e4tzlich zur Sirene verf\u00fcgt das DS-PS1-E-WE (BLAU) auch \u00fcber einen blauen Blitz, der bei einer Benachrichtigung blinkt.<\/p>\n<p>Die Au\u00dfensirene arbeitet direkt mit der AX PRO-Zentraleinheit und den anderen Sicherheitsger\u00e4ten im Netzwerk zusammen. Wenn also ein Bewegungsmelder eine potenzielle Gefahr erkennt, wird die Au\u00dfensirene aktiviert. Dies wirkt abschreckend auf etwaige Eindringlinge und warnt Nutzer bzw. Anwohner.<\/p>\n<p>Die Au\u00dfensirene Hikvision DS-PS1-E-WE (ORANGE) wird h\u00e4ufig in einem Garten oder auf einem Au\u00dfenbereich platziert. Selbstverst\u00e4ndlich kann die Sirene auch im Innenbereich eingesetzt werden. Die Au\u00dfensirene wird oft an einer Wand montiert und kann \u00fcberall in einem Abstand von 1600 Metern (Freifl\u00e4che) von der Zentrale platziert werden. Das Ger\u00e4t wird mit vier mitgelieferten CR123A-Batterien betrieben.<br \/>\nDie Batterien haben eine gesch\u00e4tzte Lebensdauer von drei Jahren und sind leicht auszutauschen. Unter dem Reiter \u201eDokumentation\u201c gibt es einen Link zum Datenblatt, zur Schnellstartanleitung und zur Produktseite des Herstellers mit Informationen zum Produkt, inklusive der ausf\u00fchrlichen Anleitung.<\/p>\n<p>WebStore4 ist offizieller H\u00e4ndler von Hikvision AX PRO. Wir liefern Hikvision AX PRO auf Selbstkonfigurationsbasis. F\u00fcr gr\u00f6\u00dfere Mengen k\u00f6nnen wir auf Anfrage einen wettbewerbsf\u00e4higeren Preis anbieten und auf Anfrage auch die Installation anbieten.<\/p>\n<p><strong>Wichtigste Funktionen<\/strong><\/p>\n<ul>\n<li>Verwaltung mit der Hik-Connect-Anwendung<\/li>\n<li>Au\u00dfensirene mit blauem LED-Blitz<\/li>\n<li>Kann in einem Freiraum von 1600 Metern an die AX PRO-Zentraleinheit angeschlossen werden<\/li>\n<li>Vorder- und R\u00fcckseite sind gegen Manipulation gesch\u00fctzt<\/li>\n<li>Batterien im Lieferumfang enthalten, Batterien sind von der Garantie ausgeschlossen<\/li>\n<li>110 Dezibel Sirenenton<\/li>\n<li>868 MHz bidirektionale drahtlose Kommunikation<\/li>\n<li>Wetterbest\u00e4ndigkeit IP65<\/li>\n<li>Wei\u00df<\/li>\n<\/ul>\n<p><a href=\"https:\/\/www.webstore4ipcameras.nl\/Copyright\" target=\"_blank\" rel=\"noopener\"><span style=\"color: #ff6e03; font-size: 11px;\">\u00a9 Der Text ist urheberrechtlich gesch\u00fctzt<\/span><\/a><\/p>","protected":false},"excerpt":{"rendered":"<p>Hikvision DS-PS1-E-WE (ORANGE) ist Teil des Hikvision AX PRO-Sicherheitssystems. Hikvision AX PRO ist ein drahtloses Einbruch-, Smart-Home- und Videoverifizierungssystem von Hikvision, das sowohl f\u00fcr Privath\u00e4user als auch f\u00fcr Gewerbegeb\u00e4ude geeignet ist. Das AX PRO-Alarmsystem besteht aus einem zentralen Alarm-Hub mit einer gro\u00dfen Auswahl an Detektoren und anderem Zubeh\u00f6r wie Smart Plugs, Repeatern, Bedienfeldern, Kartenlesern, Sirene und einem Strommodul.<\/p>\n<div class=\"klb-readmore button\"><a class=\"btn link\" href=\"https:\/\/staging.webstore4.com\/de\/product\/hikvision-ds-ps1-e-we-blue-buiten-sirene\/\">Mehr lesen <i class=\"klbth-icon-right-arrow\"><\/i><\/a><\/div>","protected":false},"featured_media":13710,"comment_status":"open","ping_status":"closed","template":"","meta":[],"pwb-brand":[3367],"product_cat":[3466,4224,3483],"product_tag":[],"class_list":{"0":"post-9468","1":"product","2":"type-product","3":"status-publish","4":"has-post-thumbnail","6":"pwb-brand-hikvision","7":"product_cat-alarm","8":"product_cat-alarmsystemen","9":"product_cat-hikvision-ax-pro","10":"product_shipping_class-pakket","11":"pa_kleur-wit","12":"pa_merk-hikvision","13":"pa_product-sirene","15":"first","16":"onbackorder","17":"taxable","18":"shipping-taxable","19":"purchasable","20":"product-type-simple"},"brands":[{"id":3367,"name":"Hikvision","slug":"hikvision"}],"_links":{"self":[{"href":"https:\/\/staging.webstore4.com\/de\/wp-json\/wp\/v2\/product\/9468","targetHints":{"allow":["GET"]}}],"collection":[{"href":"https:\/\/staging.webstore4.com\/de\/wp-json\/wp\/v2\/product"}],"about":[{"href":"https:\/\/staging.webstore4.com\/de\/wp-json\/wp\/v2\/types\/product"}],"replies":[{"embeddable":true,"href":"https:\/\/staging.webstore4.com\/de\/wp-json\/wp\/v2\/comments?post=9468"}],"wp:featuredmedia":[{"embeddable":true,"href":"https:\/\/staging.webstore4.com\/de\/wp-json\/wp\/v2\/media\/13710"}],"wp:attachment":[{"href":"https:\/\/staging.webstore4.com\/de\/wp-json\/wp\/v2\/media?parent=9468"}],"wp:term":[{"taxonomy":"pwb-brand","embeddable":true,"href":"https:\/\/staging.webstore4.com\/de\/wp-json\/wp\/v2\/pwb-brand?post=9468"},{"taxonomy":"product_cat","embeddable":true,"href":"https:\/\/staging.webstore4.com\/de\/wp-json\/wp\/v2\/product_cat?post=9468"},{"taxonomy":"product_tag","embeddable":true,"href":"https:\/\/staging.webstore4.com\/de\/wp-json\/wp\/v2\/product_tag?post=9468"}],"curies":[{"name":"wp","href":"https:\/\/api.w.org\/{rel}","templated":true}]}}