{"id":9631,"date":"2020-10-29T01:24:24","date_gmt":"2020-10-28T23:24:24","guid":{"rendered":"https:\/\/webstore4.com\/\/?product=hikvision-ds-pt-m1-ax-pro-mifare-tag"},"modified":"2025-01-15T11:59:47","modified_gmt":"2025-01-15T10:59:47","slug":"hikvision-ds-pt-m1-ax-pro-mifare-tag-wit","status":"publish","type":"product","link":"https:\/\/staging.webstore4.com\/de\/product\/hikvision-ds-pt-m1-ax-pro-mifare-tag-wit\/","title":{"rendered":"Hikvision DS-PT-M1 AX PRO Mifare-Tag wei\u00df"},"content":{"rendered":"<div class=\"video-frame-box\" style=\"width: 100%; max-width: 480px; max-height: 270px; float: right; padding: 0px 10px 10px 10px;\">\n<div class=\"video-frame\"><iframe src=\"\/\/www.youtube.com\/embed\/AEH_-ssPE90?rel=0&amp;modestbranding=1&amp;showinfo=0&amp;autohide=1\" width=\"480\" height=\"270\" frameborder=\"0\"><\/iframe><\/div>\n<\/div>\n<p>Der Hikvision DS-PT-M1 ist ein wei\u00dfer Mifare-Tag zur Verwendung mit dem Hikvision AX PRO-Alarmsystem oder mit einer Mifare-Zugangskontrolle oder einem Kartenleser. Die Anh\u00e4nger werden ohne Schl\u00fcsselanh\u00e4nger hergestellt. Die Tags lassen sich einfach an einem Schl\u00fcsselring befestigen und werden normalerweise in Kombination mit dem Hikvision AX PRO-Alarmsystem erworben.<\/p>\n<p>Die Tags funktionieren auf der Frequenz 13,56 MHz.<\/p>\n<p><strong>Wichtigste Funktionen<\/strong><\/p>\n<ul>\n<li>1 St\u00fcck<\/li>\n<li>Frequenz 13,56 MHz<\/li>\n<li>Wei\u00df<\/li>\n<\/ul>\n<p><a href=\"https:\/\/www.webstore4ipcameras.nl\/Copyright\" target=\"_blank\" rel=\"noopener\"><span style=\"color: #ff6e03; font-size: 11px;\">\u00a9 Der Text ist urheberrechtlich gesch\u00fctzt<\/span><\/a><\/p>","protected":false},"excerpt":{"rendered":"<p>Der Hikvision DS-PT-M1 ist ein wei\u00dfer Mifare-Tag zur Verwendung mit dem Hikvision AX PRO-Alarmsystem oder mit einer Mifare-Zugangskontrolle oder einem Kartenleser. Die Anh\u00e4nger werden ohne Schl\u00fcsselanh\u00e4nger hergestellt. Die Tags lassen sich einfach an einem Schl\u00fcsselring befestigen und werden normalerweise in Kombination mit dem Hikvision AX PRO-Alarmsystem erworben.<\/p>\n<div class=\"klb-readmore button\"><a class=\"btn link\" href=\"https:\/\/staging.webstore4.com\/de\/product\/hikvision-ds-pt-m1-ax-pro-mifare-tag-wit\/\">Mehr lesen <i class=\"klbth-icon-right-arrow\"><\/i><\/a><\/div>","protected":false},"featured_media":9632,"comment_status":"open","ping_status":"closed","template":"","meta":[],"pwb-brand":[3367],"product_cat":[3466,4224,3483,4191,4196],"product_tag":[],"class_list":{"0":"post-9631","1":"product","2":"type-product","3":"status-publish","4":"has-post-thumbnail","6":"pwb-brand-hikvision","7":"product_cat-alarm","8":"product_cat-alarmsystemen","9":"product_cat-hikvision-ax-pro","10":"product_cat-access","11":"product_cat-tags","12":"product_shipping_class-brievenbuspakket","13":"pa_frequentie-tags-en-readers-mifare-13-56-mhz","14":"pa_kleur-wit","15":"pa_merk-hikvision","16":"pa_product-tag","17":"pa_product-bediening","19":"first","20":"instock","21":"taxable","22":"shipping-taxable","23":"purchasable","24":"product-type-simple"},"brands":[{"id":3367,"name":"Hikvision","slug":"hikvision"}],"_links":{"self":[{"href":"https:\/\/staging.webstore4.com\/de\/wp-json\/wp\/v2\/product\/9631","targetHints":{"allow":["GET"]}}],"collection":[{"href":"https:\/\/staging.webstore4.com\/de\/wp-json\/wp\/v2\/product"}],"about":[{"href":"https:\/\/staging.webstore4.com\/de\/wp-json\/wp\/v2\/types\/product"}],"replies":[{"embeddable":true,"href":"https:\/\/staging.webstore4.com\/de\/wp-json\/wp\/v2\/comments?post=9631"}],"wp:featuredmedia":[{"embeddable":true,"href":"https:\/\/staging.webstore4.com\/de\/wp-json\/wp\/v2\/media\/9632"}],"wp:attachment":[{"href":"https:\/\/staging.webstore4.com\/de\/wp-json\/wp\/v2\/media?parent=9631"}],"wp:term":[{"taxonomy":"pwb-brand","embeddable":true,"href":"https:\/\/staging.webstore4.com\/de\/wp-json\/wp\/v2\/pwb-brand?post=9631"},{"taxonomy":"product_cat","embeddable":true,"href":"https:\/\/staging.webstore4.com\/de\/wp-json\/wp\/v2\/product_cat?post=9631"},{"taxonomy":"product_tag","embeddable":true,"href":"https:\/\/staging.webstore4.com\/de\/wp-json\/wp\/v2\/product_tag?post=9631"}],"curies":[{"name":"wp","href":"https:\/\/api.w.org\/{rel}","templated":true}]}}