{"id":9649,"date":"2020-11-12T15:40:04","date_gmt":"2020-11-12T13:40:04","guid":{"rendered":"https:\/\/webstore4.com\/\/?product=dahua-vto6521h-ip-video-intercom-2mp-full-hd-appartement-buiten-station-met-ips-display-keypad-en-kaartlezer"},"modified":"2024-06-21T12:49:52","modified_gmt":"2024-06-21T11:49:52","slug":"dahua-vto6521h-ip-video-intercom-2mp-full-hd-appartement-buiten-station-met-ips-display-keypad-en-kaartlezer","status":"publish","type":"product","link":"https:\/\/staging.webstore4.com\/de\/product\/dahua-vto6521h-ip-video-intercom-2mp-full-hd-appartement-buiten-station-met-ips-display-keypad-en-kaartlezer\/","title":{"rendered":"Dahua VTO6521H IP-Video-Gegensprechanlage 2MP Full HD Apartment-Au\u00dfenstation mit IPS-Display, Tastatur und Kartenleser"},"content":{"rendered":"<p>Die Dahua VTO6521H ist eine IP-Video-Gegensprechanlage f\u00fcr den Au\u00dfenbereich mit IPS-Display, Tastatur und Mifare-Kartenleser, die f\u00fcr ein Mehrfamilienhaus geeignet ist. Die Au\u00dfenstation verf\u00fcgt \u00fcber eine farbige 2MP-HD-Kamera, einen 4,3-Zoll-IPS-Bildschirm, eine numerische Touch-Tastatur, einen Kartenleser und ist mit einem Netzwerkkabel und Netzteil verbunden. Der Dahua VTO6521H verf\u00fcgt \u00fcber die Dahua SIP-Protokoll-Firmware.<\/p>\n<p><strong>M\u00f6glichkeiten<\/strong><\/p>\n<p>Der Dahua VTO6521H verf\u00fcgt \u00fcber einen horizontalen Betrachtungswinkel von 113,79 Grad und liefert dank der Nachtsichtfunktion auch im Dunkeln klare Bilder. Nat\u00fcrlich verf\u00fcgt der VTO6521H auch \u00fcber ein Mikrofon und einen Lautsprecher f\u00fcr einen Audio-Video-Anruf \u00fcber einen Innenmonitor, die kostenlose Dahua-Smartphone-App f\u00fcr iOS und Android oder die kostenlose SmartPSS-Software f\u00fcr Windows. Mit einer microSD-Karte im Innenmonitor k\u00f6nnen vom Besucher auch Audio-Video-Nachrichten hinterlassen werden, wenn der Anruf nicht entgegengenommen wird. Die Bilder der Kamera in der Au\u00dfenstation k\u00f6nnen rund um die Uhr auf einem NVR oder NAS aufgezeichnet werden.<\/p>\n<p>Der Dahua VTO6521H verf\u00fcgt \u00fcber ein ber\u00fchrungsempfindliches numerisches und hintergrundbeleuchtetes Tastenfeld, das die Auswahl der anzurufenden Wohnung erm\u00f6glicht. Der Dahua VTO6521H verf\u00fcgt \u00fcber einen 4,3-Zoll-Bildschirm und einen Mifare-Kartenleser. T\u00fcren k\u00f6nnen mit dem Kartenleser oder einem PIN-Code ge\u00f6ffnet werden. T\u00fcren k\u00f6nnen auch aus der Ferne \u00fcber den Innenmonitor und die App oder mit der SmartPSS-Windows-Software ge\u00f6ffnet werden.<\/p>\n<p><strong>Montage<\/strong><\/p>\n<p>Het buiten station kan worden ingebouwd met de Dahua VTM121 inbouw behuizing of VTM130 opbouw behuizing. De VTO6521H wordt met een netwerkkabel rechtstreeks aangesloten op het netwerk (LAN). De netwerkkabel wordt niet meegeleverd. De VTO6521H heeft een aparte 12VDC\/2A voeding nodig die niet wordt meegeleverd. Een geschikte voeding, Mifare kaarten en behuizingen zijn opgenomen onder &#8220;Opties&#8221;.<\/p>\n<p><strong>Wichtigste Funktionen<\/strong><\/p>\n<ul>\n<li>2-Megapixel-HD-CMOS-Kamera<\/li>\n<li>4.3&#8243; IPS display<\/li>\n<li>113,79 Grad horizontaler Blickwinkel mit Nachtsicht<\/li>\n<li>\u00d6ffnen Sie die T\u00fcr aus der Ferne mit einer Mifare-Karte oder einem PIN-Code<\/li>\n<li>Es besteht die M\u00f6glichkeit, vom Besucher eine Video- und Audionachricht zu hinterlassen<\/li>\n<li>Anschluss f\u00fcr Exit-Taste<\/li>\n<li>RS485-Anschluss f\u00fcr Sicherheitsrelais DEE1010B<\/li>\n<li>Einbau oder Aufputz<\/li>\n<li>IP65 wetterfest<\/li>\n<li>Sabotagealarm<\/li>\n<li>Geproduceerd uit ABS kunststof<\/li>\n<\/ul>\n<p><a href=\"https:\/\/staging.webstore4.com\/Copyright\/\" target=\"_blank\" rel=\"noopener\"><span style=\"color: #ff6e03; font-size: 11px;\">\u00a9 Der Text ist urheberrechtlich gesch\u00fctzt<\/span><\/a><\/p>","protected":false},"excerpt":{"rendered":"<p>Die Dahua VTO6521H ist eine IP-Video-Gegensprechanlage f\u00fcr den Au\u00dfenbereich mit IPS-Display, Tastatur und Mifare-Kartenleser, die f\u00fcr ein Mehrfamilienhaus geeignet ist. Die Au\u00dfenstation verf\u00fcgt \u00fcber eine farbige 2MP-HD-Kamera, einen 4,3-Zoll-IPS-Bildschirm, eine numerische Touch-Tastatur, einen Kartenleser und ist mit einem Netzwerkkabel und Netzteil verbunden. Der Dahua VTO6521H verf\u00fcgt \u00fcber die Dahua SIP-Protokoll-Firmware.<\/p>\n<div class=\"klb-readmore button\"><a class=\"btn link\" href=\"https:\/\/staging.webstore4.com\/de\/product\/dahua-vto6521h-ip-video-intercom-2mp-full-hd-appartement-buiten-station-met-ips-display-keypad-en-kaartlezer\/\">Mehr lesen <i class=\"klbth-icon-right-arrow\"><\/i><\/a><\/div>","protected":false},"featured_media":9650,"comment_status":"open","ping_status":"closed","template":"","meta":[],"pwb-brand":[3376],"product_cat":[4178,4179],"product_tag":[],"class_list":{"0":"post-9649","1":"product","2":"type-product","3":"status-publish","4":"has-post-thumbnail","6":"pwb-brand-dahua","7":"product_cat-intercom","8":"product_cat-dahua-ip-video","9":"product_shipping_class-pakket","10":"pa_aansluiting-netwerk-kabel","11":"pa_afmeting-monitor-4-3-inch","12":"pa_audio-microfoon-speaker","13":"pa_beeldhoek-graden-horizontaal-113-79","14":"pa_draadloos-nee","15":"pa_frequentie-tags-en-readers-mifare-13-56-mhz","16":"pa_ingebouwd-type-nachtzicht-wit-led","17":"pa_kaartlezer-ja","18":"pa_materiaal-kunststof","19":"pa_megapixel-2mp","20":"pa_merk-dahua","21":"pa_mobiele-app-fabrikant-ja","22":"pa_montage-inbouw","23":"pa_montage-opbouw","24":"pa_omgeving-binnen-en-buiten","25":"pa_poe-nee","26":"pa_product-buitenpost","27":"pa_product-status-d","28":"pa_resolutie-monitor-800-x-480","29":"pa_voeding-12vdc","31":"first","32":"onbackorder","33":"taxable","34":"shipping-taxable","35":"purchasable","36":"product-type-simple"},"brands":[{"id":3376,"name":"Dahua","slug":"dahua"}],"_links":{"self":[{"href":"https:\/\/staging.webstore4.com\/de\/wp-json\/wp\/v2\/product\/9649","targetHints":{"allow":["GET"]}}],"collection":[{"href":"https:\/\/staging.webstore4.com\/de\/wp-json\/wp\/v2\/product"}],"about":[{"href":"https:\/\/staging.webstore4.com\/de\/wp-json\/wp\/v2\/types\/product"}],"replies":[{"embeddable":true,"href":"https:\/\/staging.webstore4.com\/de\/wp-json\/wp\/v2\/comments?post=9649"}],"wp:featuredmedia":[{"embeddable":true,"href":"https:\/\/staging.webstore4.com\/de\/wp-json\/wp\/v2\/media\/9650"}],"wp:attachment":[{"href":"https:\/\/staging.webstore4.com\/de\/wp-json\/wp\/v2\/media?parent=9649"}],"wp:term":[{"taxonomy":"pwb-brand","embeddable":true,"href":"https:\/\/staging.webstore4.com\/de\/wp-json\/wp\/v2\/pwb-brand?post=9649"},{"taxonomy":"product_cat","embeddable":true,"href":"https:\/\/staging.webstore4.com\/de\/wp-json\/wp\/v2\/product_cat?post=9649"},{"taxonomy":"product_tag","embeddable":true,"href":"https:\/\/staging.webstore4.com\/de\/wp-json\/wp\/v2\/product_tag?post=9649"}],"curies":[{"name":"wp","href":"https:\/\/api.w.org\/{rel}","templated":true}]}}