{"id":9671,"date":"2020-11-14T01:15:44","date_gmt":"2020-11-13T23:15:44","guid":{"rendered":"https:\/\/webstore4.com\/\/?product=yli-yad-133bt-inbouw-voet-sensor-voor-gebruik-met-automatische-deuropeners-met-ingebouwde-controller"},"modified":"2024-06-25T08:47:34","modified_gmt":"2024-06-25T07:47:34","slug":"yli-yad-133bt-inbouw-voet-sensor-voor-gebruik-met-automatische-deuropeners-met-ingebouwde-controller","status":"publish","type":"product","link":"https:\/\/staging.webstore4.com\/de\/product\/yli-yad-133bt-inbouw-voet-sensor-voor-gebruik-met-automatische-deuropeners-met-ingebouwde-controller\/","title":{"rendered":"YLI YAD-133BT eingebauter Fu\u00dfsensor zur Verwendung mit automatischen T\u00fcr\u00f6ffnern mit integrierter Steuerung"},"content":{"rendered":"<p>De YLI YAD-133BT is een voet sensor die kan worden ingebouwd in de wand en is geschikt voor gebruik met automatische deuropeners zoals de YLI YAD-200SW(PULL) en YLI YAD-200SW(PUSH). De controller is ingebouwd in de YAD-133BT. Onder &#8216;Opties&#8217; zijn de geschikte YLI deurdrangers mee te bestellen.<\/p>\n<p>F\u00fcr die korrekte Anwendung empfehlen wir Ihnen, das Datenblatt\/Handbuch zu konsultieren, das unter der Registerkarte \u201eDokumentation\u201c enthalten ist.<\/p>\n<p><strong>Wichtigste Funktionen<\/strong><\/p>\n<ul>\n<li>\u00d6ffnen Sie eine motorisierte T\u00fcr mit einem Infrarotsensor ohne (Hand-)Ber\u00fchrung<\/li>\n<li>12 bis 30 VAC oder 12 bis 30 VDC Netzteil (nicht im Lieferumfang enthalten)<\/li>\n<li>Frontplatte aus Edelstahl<\/li>\n<\/ul>\n<p><a href=\"https:\/\/www.webstore4ipcameras.nl\/Copyright\" target=\"_blank\" rel=\"noopener\"><span style=\"color: #ff6e03; font-size: 11px;\">\u00a9 Der Text ist urheberrechtlich gesch\u00fctzt<\/span><\/a><\/p>","protected":false},"excerpt":{"rendered":"<p>De YLI YAD-133BT is een voet sensor die kan worden ingebouwd in de wand en is geschikt voor gebruik met automatische deuropeners zoals de YLI YAD-200SW(PULL) en YLI YAD-200SW(PUSH). De controller is ingebouwd in de YAD-133BT. Onder &#8216;Opties&#8217; zijn de geschikte YLI deurdrangers mee te bestellen. Wij adviseren de datasheet\/handleiding, die is opgenomen onder het<\/p>\n<div class=\"klb-readmore button\"><a class=\"btn link\" href=\"https:\/\/staging.webstore4.com\/de\/product\/yli-yad-133bt-inbouw-voet-sensor-voor-gebruik-met-automatische-deuropeners-met-ingebouwde-controller\/\">Mehr lesen <i class=\"klbth-icon-right-arrow\"><\/i><\/a><\/div>","protected":false},"featured_media":9672,"comment_status":"open","ping_status":"closed","template":"","meta":[],"pwb-brand":[3382],"product_cat":[4191,4197],"product_tag":[],"class_list":{"0":"post-9671","1":"product","2":"type-product","3":"status-publish","4":"has-post-thumbnail","6":"pwb-brand-yli","7":"product_cat-access","8":"product_cat-elektrische-sloten","9":"pa_bewegingssensor-ja","10":"pa_garantie-2-jaar","11":"pa_merk-yli","12":"pa_montage-inbouw","13":"pa_omgeving-binnen","14":"pa_product-sensor","15":"pa_voeding-12vdc","16":"pa_voeding-24vdc","17":"pa_voeding-24vac","19":"first","20":"instock","21":"taxable","22":"shipping-taxable","23":"purchasable","24":"product-type-simple"},"brands":[{"id":3382,"name":"YLI","slug":"yli"}],"_links":{"self":[{"href":"https:\/\/staging.webstore4.com\/de\/wp-json\/wp\/v2\/product\/9671","targetHints":{"allow":["GET"]}}],"collection":[{"href":"https:\/\/staging.webstore4.com\/de\/wp-json\/wp\/v2\/product"}],"about":[{"href":"https:\/\/staging.webstore4.com\/de\/wp-json\/wp\/v2\/types\/product"}],"replies":[{"embeddable":true,"href":"https:\/\/staging.webstore4.com\/de\/wp-json\/wp\/v2\/comments?post=9671"}],"wp:featuredmedia":[{"embeddable":true,"href":"https:\/\/staging.webstore4.com\/de\/wp-json\/wp\/v2\/media\/9672"}],"wp:attachment":[{"href":"https:\/\/staging.webstore4.com\/de\/wp-json\/wp\/v2\/media?parent=9671"}],"wp:term":[{"taxonomy":"pwb-brand","embeddable":true,"href":"https:\/\/staging.webstore4.com\/de\/wp-json\/wp\/v2\/pwb-brand?post=9671"},{"taxonomy":"product_cat","embeddable":true,"href":"https:\/\/staging.webstore4.com\/de\/wp-json\/wp\/v2\/product_cat?post=9671"},{"taxonomy":"product_tag","embeddable":true,"href":"https:\/\/staging.webstore4.com\/de\/wp-json\/wp\/v2\/product_tag?post=9671"}],"curies":[{"name":"wp","href":"https:\/\/api.w.org\/{rel}","templated":true}]}}