{"id":9679,"date":"2020-11-14T13:01:01","date_gmt":"2020-11-14T11:01:01","guid":{"rendered":"https:\/\/webstore4.com\/\/?product=yli-yad-130bt-inductie-nabijheidssensor-voor-gebruik-met-automatische-deuropeners"},"modified":"2024-04-19T15:12:14","modified_gmt":"2024-04-19T14:12:14","slug":"yli-yad-130bt-inductie-nabijheidssensor-voor-gebruik-met-automatische-deuropeners","status":"publish","type":"product","link":"https:\/\/staging.webstore4.com\/de\/product\/yli-yad-130bt-inductie-nabijheidssensor-voor-gebruik-met-automatische-deuropeners\/","title":{"rendered":"YLI YAD-130BT Induktionsn\u00e4herungssensor zur Verwendung mit automatischen T\u00fcr\u00f6ffnern"},"content":{"rendered":"<p>De YLI YAD-130BT is een aanraakvrije schakelaar voor gebruik\u00a0met deuropeners. De gevoeligheid kan worden ingesteld van 1 tot 20 centimeter. De YLI YAD-130BT\u00a0is geschikt voor gebruik met bijvoorbeeld de YLI YAD-200SW(PULL) en\u00a0YLI YAD-200SW(PUSH).<\/p>\n<p>F\u00fcr die korrekte Anwendung empfehlen wir Ihnen, das Datenblatt\/Handbuch zu konsultieren, das unter der Registerkarte \u201eDokumentation\u201c enthalten ist.<\/p>\n<p><strong>Wichtigste Funktionen<\/strong><\/p>\n<ul>\n<li>\u00d6ffnen Sie eine motorisierte T\u00fcr mit einem ber\u00fchrungslosen Sensor<\/li>\n<li>Netzteil nicht im Lieferumfang enthalten<\/li>\n<\/ul>\n<p><a href=\"https:\/\/www.webstore4ipcameras.nl\/Copyright\" target=\"_blank\" rel=\"noopener\"><span style=\"color: #ff6e03; font-size: 11px;\">\u00a9 Der Text ist urheberrechtlich gesch\u00fctzt<\/span><\/a><\/p>","protected":false},"excerpt":{"rendered":"<p>De YLI YAD-130BT is een aanraakvrije schakelaar voor gebruik\u00a0met deuropeners. De gevoeligheid kan worden ingesteld van 1 tot 20 centimeter. De YLI YAD-130BT\u00a0is geschikt voor gebruik met bijvoorbeeld de YLI YAD-200SW(PULL) en\u00a0YLI YAD-200SW(PUSH). Wij adviseren de datasheet\/handleiding, die is opgenomen onder het tabblad &#8220;Documentatie&#8221;, te raadplegen voor de juiste toepassing. Belangrijkste kenmerken Open een gemotoriseerde<\/p>\n<div class=\"klb-readmore button\"><a class=\"btn link\" href=\"https:\/\/staging.webstore4.com\/de\/product\/yli-yad-130bt-inductie-nabijheidssensor-voor-gebruik-met-automatische-deuropeners\/\">Mehr lesen <i class=\"klbth-icon-right-arrow\"><\/i><\/a><\/div>","protected":false},"featured_media":9680,"comment_status":"closed","ping_status":"closed","template":"","meta":[],"pwb-brand":[3382],"product_cat":[4191,4197],"product_tag":[],"class_list":{"0":"post-9679","1":"product","2":"type-product","3":"status-publish","4":"has-post-thumbnail","6":"pwb-brand-yli","7":"product_cat-access","8":"product_cat-elektrische-sloten","9":"pa_bewegingssensor-ja","10":"pa_garantie-2-jaar","11":"pa_merk-yli","12":"pa_montage-opbouw","13":"pa_omgeving-binnen","14":"pa_product-sensor","15":"pa_voeding-12vdc","16":"pa_voeding-24vdc","17":"pa_voeding-24vac","19":"first","20":"instock","21":"taxable","22":"shipping-taxable","23":"purchasable","24":"product-type-simple"},"brands":[{"id":3382,"name":"YLI","slug":"yli"}],"_links":{"self":[{"href":"https:\/\/staging.webstore4.com\/de\/wp-json\/wp\/v2\/product\/9679","targetHints":{"allow":["GET"]}}],"collection":[{"href":"https:\/\/staging.webstore4.com\/de\/wp-json\/wp\/v2\/product"}],"about":[{"href":"https:\/\/staging.webstore4.com\/de\/wp-json\/wp\/v2\/types\/product"}],"replies":[{"embeddable":true,"href":"https:\/\/staging.webstore4.com\/de\/wp-json\/wp\/v2\/comments?post=9679"}],"wp:featuredmedia":[{"embeddable":true,"href":"https:\/\/staging.webstore4.com\/de\/wp-json\/wp\/v2\/media\/9680"}],"wp:attachment":[{"href":"https:\/\/staging.webstore4.com\/de\/wp-json\/wp\/v2\/media?parent=9679"}],"wp:term":[{"taxonomy":"pwb-brand","embeddable":true,"href":"https:\/\/staging.webstore4.com\/de\/wp-json\/wp\/v2\/pwb-brand?post=9679"},{"taxonomy":"product_cat","embeddable":true,"href":"https:\/\/staging.webstore4.com\/de\/wp-json\/wp\/v2\/product_cat?post=9679"},{"taxonomy":"product_tag","embeddable":true,"href":"https:\/\/staging.webstore4.com\/de\/wp-json\/wp\/v2\/product_tag?post=9679"}],"curies":[{"name":"wp","href":"https:\/\/api.w.org\/{rel}","templated":true}]}}